{"id":4318,"date":"2021-09-28T14:42:32","date_gmt":"2021-09-28T11:42:32","guid":{"rendered":"https:\/\/prein.fi\/etusivu\/"},"modified":"2025-08-26T16:47:09","modified_gmt":"2025-08-26T13:47:09","slug":"home","status":"publish","type":"page","link":"https:\/\/prein.fi\/fi\/","title":{"rendered":"Home FI"},"content":{"rendered":"\r\n\r\n<section class=\"hero site-banner banner-bg-image section-left left alignfull image no-overlay\">\r\n\r\n    <div class=\"site-banner-bg section-bg-image \" >\r\n\r\n        <img loading=\"lazy\" decoding=\"async\" width=\"2560\" height=\"1201\" src=\"https:\/\/prein.fi\/wp-content\/uploads\/2023\/10\/prein-banner.png\" class=\"attachment-1536\u00d71536 size-1536\u00d71536\" alt=\"\" srcset=\"https:\/\/prein.fi\/wp-content\/uploads\/2023\/10\/prein-banner.png 2560w, https:\/\/prein.fi\/wp-content\/uploads\/2023\/10\/prein-banner-300x141.png 300w, https:\/\/prein.fi\/wp-content\/uploads\/2023\/10\/prein-banner-1024x480.png 1024w, https:\/\/prein.fi\/wp-content\/uploads\/2023\/10\/prein-banner-768x360.png 768w, https:\/\/prein.fi\/wp-content\/uploads\/2023\/10\/prein-banner-1536x720.png 1536w, https:\/\/prein.fi\/wp-content\/uploads\/2023\/10\/prein-banner-2048x961.png 2048w\" sizes=\"auto, (max-width: 2560px) 100vw, 2560px\" \/><\/div>\r\n        \r\n            <div class=\"site-banner-content container\">\r\n                <div class=\"row w-100\">\r\n                    <div class=\"col-md-12\">\r\n\r\n                        <h1 class=\"hero-title\">FOTONIIKKA \u2013 VALON TIEDE<\/h1><div class=\"inner-content\">\r\n                            <div class=\"acf-innerblocks-container\">\n\n<p>Fotoniikan lippulaiva PREIN on fotoniikan tutkimus- ja innovaatioalusta, joka keskittyy valoon perustuviin ratkaisuihin. Toimintamme kattaa koko arvoketjun huippututkimuksesta teollisiin sovellutuksiin ja yhteiskunnalliseen vaikuttavuuteen.<\/p>\n\n\n\n<p>Lippulaivan kumppanit ovat maailman johtavia fotoniikan tutkimusyksik\u00f6it\u00e4. Fotoniikalla ja valoon perustuvilla tekniikoilla on keskeinen rooli kaikilla modernin el\u00e4m\u00e4n alueilla, tietoliikenteess\u00e4, biol\u00e4\u00e4ketieteess\u00e4, terveydenhoidossa, energian tuotannossa, teollisessa valmistuksessa ja monissa kuluttajatuotteissa. <\/p>\n\n<\/div>\r\n                        <\/div>                    <\/div>\r\n                <\/div>\r\n            <\/div>\r\n        \r\n        <\/section>\r\n\r\n    <div class=\"breadcrumbs alignfull\">\r\n        <div class=\"container\">\r\n            <a href=\"https:\/\/prein.fi\/fi\/\">Etusivu<\/a>        <\/div>\r\n    <\/div>\r\n\n\n\n<div class=\"wp-block-columns alignfull is-style-default is-layout-flex wp-container-core-columns-is-layout-9d6595d7 wp-block-columns-is-layout-flex\">\n<div class=\"wp-block-column is-layout-flow wp-block-column-is-layout-flow\">\n<div class=\"wp-block-group alignwide is-style-default has-white-background-color has-background\"><div class=\"wp-block-group__inner-container is-layout-flow wp-block-group-is-layout-flow\">\n<div class=\"wp-block-group\"><div class=\"wp-block-group__inner-container is-layout-flow wp-block-group-is-layout-flow\">\n<div class=\"wp-block-columns nosto-kuva-ja-teksti is-layout-flex wp-container-core-columns-is-layout-9d6595d7 wp-block-columns-is-layout-flex\">\n<div class=\"wp-block-column has-blue-background-color has-background is-layout-flow wp-block-column-is-layout-flow\">\n<figure class=\"wp-block-image size-large\"><img decoding=\"async\" src=\"https:\/\/prein.fi\/wp-content\/uploads\/2023\/10\/fotoniikka-080222-jr-046-1024x683.jpg\" alt=\"\" class=\"wp-image-4566\"\/><\/figure>\n\n\n\n<h2 class=\"wp-block-heading\">Fotoniikan tutkimus<\/h2>\n\n\n\n<p>Valoon perustuvien teknologioiden perus- ja soveltava tutkimus.<\/p>\n\n\n\n<p><a href=\"https:\/\/prein.fi\/fi\/tutkimus\/\" title=\"Tutkimus\">Lue lis\u00e4\u00e4<\/a><\/p>\n<\/div>\n\n\n\n<div class=\"wp-block-column has-blue-background-color has-background is-layout-flow wp-block-column-is-layout-flow\">\n<figure class=\"wp-block-image size-large\"><img loading=\"lazy\" decoding=\"async\" width=\"1024\" height=\"683\" src=\"https:\/\/prein.fi\/wp-content\/uploads\/2023\/10\/fotoniikka-080222-jr-030-1024x683.jpg\" alt=\"\" class=\"wp-image-4573\" srcset=\"https:\/\/prein.fi\/wp-content\/uploads\/2023\/10\/fotoniikka-080222-jr-030-1024x683.jpg 1024w, https:\/\/prein.fi\/wp-content\/uploads\/2023\/10\/fotoniikka-080222-jr-030-300x200.jpg 300w, https:\/\/prein.fi\/wp-content\/uploads\/2023\/10\/fotoniikka-080222-jr-030-768x512.jpg 768w, https:\/\/prein.fi\/wp-content\/uploads\/2023\/10\/fotoniikka-080222-jr-030-1536x1024.jpg 1536w, https:\/\/prein.fi\/wp-content\/uploads\/2023\/10\/fotoniikka-080222-jr-030.jpg 1920w\" sizes=\"auto, (max-width: 1024px) 100vw, 1024px\" \/><\/figure>\n\n\n\n<h2 class=\"wp-block-heading\">Fotoniikan opiskelu<\/h2>\n\n\n\n<p>PREIN lippulaiva edist\u00e4\u00e4 fotoniikan opiskelua ja koulutusta.<\/p>\n\n\n\n<p><a href=\"https:\/\/prein.fi\/fi\/opiskelu\/fotoniikan-opiskelu\/\" title=\"Fotoniikan opiskelu\">Lue lis\u00e4\u00e4<\/a><\/p>\n<\/div>\n\n\n\n<div class=\"wp-block-column has-blue-background-color has-background is-layout-flow wp-block-column-is-layout-flow\">\n<figure class=\"wp-block-image size-large\"><img loading=\"lazy\" decoding=\"async\" width=\"1024\" height=\"576\" src=\"https:\/\/prein.fi\/wp-content\/uploads\/2023\/10\/network-1024x576.jpg\" alt=\"\" class=\"wp-image-4559\" srcset=\"https:\/\/prein.fi\/wp-content\/uploads\/2023\/10\/network-1024x576.jpg 1024w, https:\/\/prein.fi\/wp-content\/uploads\/2023\/10\/network-300x169.jpg 300w, https:\/\/prein.fi\/wp-content\/uploads\/2023\/10\/network-768x432.jpg 768w, https:\/\/prein.fi\/wp-content\/uploads\/2023\/10\/network-1536x864.jpg 1536w, https:\/\/prein.fi\/wp-content\/uploads\/2023\/10\/network.jpg 1920w\" sizes=\"auto, (max-width: 1024px) 100vw, 1024px\" \/><\/figure>\n\n\n\n<h2 class=\"wp-block-heading\">yritysyhteisty\u00f6<\/h2>\n\n\n\n<p class=\"nosto-kuva-ja-teksti\">Fotoniikan tutkimusta ja opiskelun tunnetukseksi tekemist\u00e4 tehd\u00e4\u00e4n yhteisty\u00f6ss\u00e4 yritysten kanssa.<\/p>\n\n\n\n<p><a href=\"https:\/\/prein.fi\/fi\/yhteistyo\/\" title=\"Yhteisty\u00f6\">Lue lis\u00e4\u00e4<\/a><\/p>\n<\/div>\n<\/div>\n<\/div><\/div>\n<\/div><\/div>\n<\/div>\n<\/div>\n\n\n\n<h2 class=\"wp-block-heading\">Uutiset<\/h2>\n\n\n\r\n<div class=\"latestposts-block \">\r\n    <div class=\"row gx-2\">\r\n\r\n                        <div class=\"col col-12 col-md-4 latestposts\">\r\n                    <div class=\"latestposts_content\">\r\n\r\n                        <h2>OpenAR2.0-lasien freeware-sivusto on nyt julkaistu tee-se-itse rakentamiseen \u00a0<\/h2>\r\n\r\n                                                    <a href=\"https:\/\/prein.fi\/fi\/openar2-0-lasien-freeware-sivusto-on-nyt-julkaistu-tee-se-itse-rakentamiseen\/\">\r\n                            \r\n                                                            <div class=\"latestposts_img\">\r\n\r\n                                    <img loading=\"lazy\" decoding=\"async\" width=\"2560\" height=\"1707\" src=\"https:\/\/prein.fi\/wp-content\/uploads\/2025\/06\/open-ar20-diy-glasses-scaled.jpg\" class=\"attachment-post-thumbnail size-post-thumbnail wp-post-image\" alt=\"Person wearing AR glasses.\" srcset=\"https:\/\/prein.fi\/wp-content\/uploads\/2025\/06\/open-ar20-diy-glasses-scaled.jpg 2560w, https:\/\/prein.fi\/wp-content\/uploads\/2025\/06\/open-ar20-diy-glasses-300x200.jpg 300w, https:\/\/prein.fi\/wp-content\/uploads\/2025\/06\/open-ar20-diy-glasses-1024x683.jpg 1024w, https:\/\/prein.fi\/wp-content\/uploads\/2025\/06\/open-ar20-diy-glasses-768x512.jpg 768w, https:\/\/prein.fi\/wp-content\/uploads\/2025\/06\/open-ar20-diy-glasses-1536x1024.jpg 1536w, https:\/\/prein.fi\/wp-content\/uploads\/2025\/06\/open-ar20-diy-glasses-2048x1365.jpg 2048w\" sizes=\"auto, (max-width: 2560px) 100vw, 2560px\" \/>                                <\/div>\r\n                            \r\n\r\n                            \r\n                                                            <p class=\"latestposts_posted\"><svg xmlns=\"http:\/\/www.w3.org\/2000\/svg\" width=\"16\" height=\"16\" fill=\"currentColor\" class=\"bi bi-calendar3\" viewBox=\"0 0 16 16\">\r\n                                        <path d=\"M14 0H2a2 2 0 0 0-2 2v12a2 2 0 0 0 2 2h12a2 2 0 0 0 2-2V2a2 2 0 0 0-2-2zM1 3.857C1 3.384 1.448 3 2 3h12c.552 0 1 .384 1 .857v10.286c0 .473-.448.857-1 .857H2c-.552 0-1-.384-1-.857V3.857z\" \/>\r\n                                        <path d=\"M6.5 7a1 1 0 1 0 0-2 1 1 0 0 0 0 2zm3 0a1 1 0 1 0 0-2 1 1 0 0 0 0 2zm3 0a1 1 0 1 0 0-2 1 1 0 0 0 0 2zm-9 3a1 1 0 1 0 0-2 1 1 0 0 0 0 2zm3 0a1 1 0 1 0 0-2 1 1 0 0 0 0 2zm3 0a1 1 0 1 0 0-2 1 1 0 0 0 0 2zm3 0a1 1 0 1 0 0-2 1 1 0 0 0 0 2zm-9 3a1 1 0 1 0 0-2 1 1 0 0 0 0 2zm3 0a1 1 0 1 0 0-2 1 1 0 0 0 0 2zm3 0a1 1 0 1 0 0-2 1 1 0 0 0 0 2z\" \/>\r\n                                    <\/svg>5.6.2025<\/p>\r\n                            \r\n                            <p>Juuri julkaistu OpenAR2.0-lasien freeware-sivusto opastaa ilmaiseksi AR-lasien rakentamisen kotona, alusta loppuun saakka, reilun 30 euron&hellip;<\/p>                                                            <a href=\"https:\/\/prein.fi\/fi\/openar2-0-lasien-freeware-sivusto-on-nyt-julkaistu-tee-se-itse-rakentamiseen\/\" class=\"readmore\">Lue lis\u00e4\u00e4<\/a>\r\n                                                <\/div>\r\n                                            <\/a>\r\n                                    <\/div>\r\n                        <div class=\"col col-12 col-md-4 latestposts\">\r\n                    <div class=\"latestposts_content\">\r\n\r\n                        <h2>Vaisala palkittiin Vuoden fotoniikka-alan yrityksen\u00e4<\/h2>\r\n\r\n                                                    <a href=\"https:\/\/prein.fi\/fi\/vaisala-palkittiin-vuoden-fotoniikka-alan-yrityksena\/\">\r\n                            \r\n                                                            <div class=\"latestposts_img\">\r\n\r\n                                    <img loading=\"lazy\" decoding=\"async\" width=\"1536\" height=\"1024\" src=\"https:\/\/prein.fi\/wp-content\/uploads\/2024\/06\/vaisala-company-of-the-year-1-1536x1024-2.jpeg\" class=\"attachment-post-thumbnail size-post-thumbnail wp-post-image\" alt=\"\" srcset=\"https:\/\/prein.fi\/wp-content\/uploads\/2024\/06\/vaisala-company-of-the-year-1-1536x1024-2.jpeg 1536w, https:\/\/prein.fi\/wp-content\/uploads\/2024\/06\/vaisala-company-of-the-year-1-1536x1024-2-300x200.jpeg 300w, https:\/\/prein.fi\/wp-content\/uploads\/2024\/06\/vaisala-company-of-the-year-1-1536x1024-2-1024x683.jpeg 1024w, https:\/\/prein.fi\/wp-content\/uploads\/2024\/06\/vaisala-company-of-the-year-1-1536x1024-2-768x512.jpeg 768w\" sizes=\"auto, (max-width: 1536px) 100vw, 1536px\" \/>                                <\/div>\r\n                            \r\n\r\n                            \r\n                                                            <p class=\"latestposts_posted\"><svg xmlns=\"http:\/\/www.w3.org\/2000\/svg\" width=\"16\" height=\"16\" fill=\"currentColor\" class=\"bi bi-calendar3\" viewBox=\"0 0 16 16\">\r\n                                        <path d=\"M14 0H2a2 2 0 0 0-2 2v12a2 2 0 0 0 2 2h12a2 2 0 0 0 2-2V2a2 2 0 0 0-2-2zM1 3.857C1 3.384 1.448 3 2 3h12c.552 0 1 .384 1 .857v10.286c0 .473-.448.857-1 .857H2c-.552 0-1-.384-1-.857V3.857z\" \/>\r\n                                        <path d=\"M6.5 7a1 1 0 1 0 0-2 1 1 0 0 0 0 2zm3 0a1 1 0 1 0 0-2 1 1 0 0 0 0 2zm3 0a1 1 0 1 0 0-2 1 1 0 0 0 0 2zm-9 3a1 1 0 1 0 0-2 1 1 0 0 0 0 2zm3 0a1 1 0 1 0 0-2 1 1 0 0 0 0 2zm3 0a1 1 0 1 0 0-2 1 1 0 0 0 0 2zm3 0a1 1 0 1 0 0-2 1 1 0 0 0 0 2zm-9 3a1 1 0 1 0 0-2 1 1 0 0 0 0 2zm3 0a1 1 0 1 0 0-2 1 1 0 0 0 0 2zm3 0a1 1 0 1 0 0-2 1 1 0 0 0 0 2z\" \/>\r\n                                    <\/svg>4.6.2024<\/p>\r\n                            \r\n                            <p>Photonics Finland palkitsi Vaisalan Vuoden fotoniikkayrityksen\u00e4 OPD2024-konferenssin illallisella Helsingiss\u00e4. Vaisala on maailman johtava mittauslaitteiden ja&hellip;<\/p>                                                            <a href=\"https:\/\/prein.fi\/fi\/vaisala-palkittiin-vuoden-fotoniikka-alan-yrityksena\/\" class=\"readmore\">Lue lis\u00e4\u00e4<\/a>\r\n                                                <\/div>\r\n                                            <\/a>\r\n                                    <\/div>\r\n                        <div class=\"col col-12 col-md-4 latestposts\">\r\n                    <div class=\"latestposts_content\">\r\n\r\n                        <h2>Valon viikot 2024 Joensuussa ja Tampereella<\/h2>\r\n\r\n                                                    <a href=\"https:\/\/prein.fi\/fi\/valon-viikot-2024-joensuussa-ja-tampereella\/\">\r\n                            \r\n                                                            <div class=\"latestposts_img\">\r\n\r\n                                    <img loading=\"lazy\" decoding=\"async\" width=\"900\" height=\"600\" src=\"https:\/\/prein.fi\/wp-content\/uploads\/2023\/11\/photonics-explorer-kit-021220-jr-900x600-1.jpg\" class=\"attachment-post-thumbnail size-post-thumbnail wp-post-image\" alt=\"Students studying with the PREIN Photonics explorer kit in a class room.\" srcset=\"https:\/\/prein.fi\/wp-content\/uploads\/2023\/11\/photonics-explorer-kit-021220-jr-900x600-1.jpg 900w, https:\/\/prein.fi\/wp-content\/uploads\/2023\/11\/photonics-explorer-kit-021220-jr-900x600-1-300x200.jpg 300w, https:\/\/prein.fi\/wp-content\/uploads\/2023\/11\/photonics-explorer-kit-021220-jr-900x600-1-768x512.jpg 768w\" sizes=\"auto, (max-width: 900px) 100vw, 900px\" \/>                                <\/div>\r\n                            \r\n\r\n                            \r\n                                                            <p class=\"latestposts_posted\"><svg xmlns=\"http:\/\/www.w3.org\/2000\/svg\" width=\"16\" height=\"16\" fill=\"currentColor\" class=\"bi bi-calendar3\" viewBox=\"0 0 16 16\">\r\n                                        <path d=\"M14 0H2a2 2 0 0 0-2 2v12a2 2 0 0 0 2 2h12a2 2 0 0 0 2-2V2a2 2 0 0 0-2-2zM1 3.857C1 3.384 1.448 3 2 3h12c.552 0 1 .384 1 .857v10.286c0 .473-.448.857-1 .857H2c-.552 0-1-.384-1-.857V3.857z\" \/>\r\n                                        <path d=\"M6.5 7a1 1 0 1 0 0-2 1 1 0 0 0 0 2zm3 0a1 1 0 1 0 0-2 1 1 0 0 0 0 2zm3 0a1 1 0 1 0 0-2 1 1 0 0 0 0 2zm-9 3a1 1 0 1 0 0-2 1 1 0 0 0 0 2zm3 0a1 1 0 1 0 0-2 1 1 0 0 0 0 2zm3 0a1 1 0 1 0 0-2 1 1 0 0 0 0 2zm3 0a1 1 0 1 0 0-2 1 1 0 0 0 0 2zm-9 3a1 1 0 1 0 0-2 1 1 0 0 0 0 2zm3 0a1 1 0 1 0 0-2 1 1 0 0 0 0 2zm3 0a1 1 0 1 0 0-2 1 1 0 0 0 0 2z\" \/>\r\n                                    <\/svg>10.4.2024<\/p>\r\n                            \r\n                            <p>Haluamme yhdess\u00e4 juhlistaa Kansainv\u00e4list\u00e4 valon p\u00e4iv\u00e4\u00e4 (International Day of Light), jota vietet\u00e4\u00e4n vuosittain toukokuun kuudestoista&hellip;<\/p>                                                            <a href=\"https:\/\/prein.fi\/fi\/valon-viikot-2024-joensuussa-ja-tampereella\/\" class=\"readmore\">Lue lis\u00e4\u00e4<\/a>\r\n                                                <\/div>\r\n                                            <\/a>\r\n                                    <\/div>\r\n            <\/div>\r\n<\/div>\n\n\n<div class=\"wp-block-buttons is-content-justification-right is-layout-flex wp-container-core-buttons-is-layout-765c4724 wp-block-buttons-is-layout-flex\">\n<div class=\"wp-block-button is-style-no-bg\"><a class=\"wp-block-button__link wp-element-button\" href=\"https:\/\/prein.fi\/fi\/uutta\/\">Lis\u00e4\u00e4 uutisia<\/a><\/div>\n<\/div>\n\n\n\n<h2 class=\"wp-block-heading\">Tulevat tapahtumat<\/h2>\n\n\n\r\n<div class=\"latestposts-block \">\r\n    <div class=\"row gx-2\">\r\n\r\n            <\/div>\r\n<\/div>\n\n\n<div class=\"wp-block-buttons is-content-justification-right is-layout-flex wp-container-core-buttons-is-layout-765c4724 wp-block-buttons-is-layout-flex\">\n<div class=\"wp-block-button is-style-no-bg\"><a class=\"wp-block-button__link wp-element-button\" href=\"https:\/\/prein.fi\/fi\/uutta\/\">Lis\u00e4\u00e4 tapahtumia<\/a><\/div>\n<\/div>\n\n\n<div class=\"image-and-text wp-block mt-5 has-media-on-the-right\">\r\n<div class=\"row\">\r\n    <div class=\"col-12 col-md-6 image-col\" style=\"aspect-ratio:; object-position: 50% %;\" >\r\n\r\n        <img loading=\"lazy\" decoding=\"async\" width=\"800\" height=\"450\" src=\"https:\/\/prein.fi\/wp-content\/uploads\/2023\/10\/network-1024x576.jpg\" class=\"attachment-large size-large\" alt=\"\" srcset=\"https:\/\/prein.fi\/wp-content\/uploads\/2023\/10\/network-1024x576.jpg 1024w, https:\/\/prein.fi\/wp-content\/uploads\/2023\/10\/network-300x169.jpg 300w, https:\/\/prein.fi\/wp-content\/uploads\/2023\/10\/network-768x432.jpg 768w, https:\/\/prein.fi\/wp-content\/uploads\/2023\/10\/network-1536x864.jpg 1536w, https:\/\/prein.fi\/wp-content\/uploads\/2023\/10\/network.jpg 1920w\" sizes=\"auto, (max-width: 800px) 100vw, 800px\" \/>    <\/div>\r\n\r\n    <div class=\"col-12 col-md-6 text-col\"><div class=\"acf-innerblocks-container\">\n\n<h2 class=\"wp-block-heading\">Fotoniikan videoita<\/h2>\n\n\n\n<p>Fotoniikalla ja valoon perustuvilla teknologioilla on keskeinen rooli useimmilla modernin el\u00e4m\u00e4n alueilla, kuten tietoliikenteess\u00e4, biol\u00e4\u00e4ketieteess\u00e4, terveydenhuollossa, energiahuollossa, teollisessa valmistuksessa ja kulutushy\u00f6dykkeiss\u00e4. <\/p>\n\n\n\n<div class=\"wp-block-button is-style-no-bg\"><a class=\"wp-block-button__link wp-element-button\" href=\"https:\/\/prein.fi\/fi\/prein-lyhyesti\/videogalleria\/\">Katso lis\u00e4\u00e4 fotoniikkaan liittyvi\u00e4 videoita<\/a><\/div>\n\n<\/div>\r\n<\/div>\r\n<\/div>\r\n<\/div>\n\n\r\n<div class=\"wp-block logowall\">\r\n    <div class=\"acf-innerblocks-container\">\n\n<figure class=\"wp-block-image size-large\"><a href=\"https:\/\/www.aalto.fi\/en\" target=\"_blank\" rel=\" noreferrer noopener\"><img loading=\"lazy\" decoding=\"async\" width=\"1024\" height=\"970\" src=\"https:\/\/prein.fi\/wp-content\/uploads\/2023\/10\/logo-aaltou-1024x970.png\" alt=\"\" class=\"wp-image-4179\" srcset=\"https:\/\/prein.fi\/wp-content\/uploads\/2023\/10\/logo-aaltou-1024x970.png 1024w, https:\/\/prein.fi\/wp-content\/uploads\/2023\/10\/logo-aaltou-300x284.png 300w, https:\/\/prein.fi\/wp-content\/uploads\/2023\/10\/logo-aaltou-768x728.png 768w, https:\/\/prein.fi\/wp-content\/uploads\/2023\/10\/logo-aaltou.png 1050w\" sizes=\"auto, (max-width: 1024px) 100vw, 1024px\" \/><\/a><\/figure>\n\n\n\n<figure class=\"wp-block-image size-large\"><a href=\"https:\/\/www.uef.fi\/en\" target=\"_blank\" rel=\" noreferrer noopener\"><img loading=\"lazy\" decoding=\"async\" width=\"1024\" height=\"970\" src=\"https:\/\/prein.fi\/wp-content\/uploads\/2023\/10\/logo-uoef-1-1024x970.png\" alt=\"\" class=\"wp-image-4188\" srcset=\"https:\/\/prein.fi\/wp-content\/uploads\/2023\/10\/logo-uoef-1-1024x970.png 1024w, https:\/\/prein.fi\/wp-content\/uploads\/2023\/10\/logo-uoef-1-300x284.png 300w, https:\/\/prein.fi\/wp-content\/uploads\/2023\/10\/logo-uoef-1-768x728.png 768w, https:\/\/prein.fi\/wp-content\/uploads\/2023\/10\/logo-uoef-1.png 1050w\" sizes=\"auto, (max-width: 1024px) 100vw, 1024px\" \/><\/a><\/figure>\n\n\n\n<figure class=\"wp-block-image size-large\"><a href=\"https:\/\/www.vttresearch.com\/en\" target=\"_blank\" rel=\" noreferrer noopener\"><img loading=\"lazy\" decoding=\"async\" width=\"1024\" height=\"970\" src=\"https:\/\/prein.fi\/wp-content\/uploads\/2023\/10\/logo-vtt-1-1024x970.png\" alt=\"\" class=\"wp-image-4187\" srcset=\"https:\/\/prein.fi\/wp-content\/uploads\/2023\/10\/logo-vtt-1-1024x970.png 1024w, https:\/\/prein.fi\/wp-content\/uploads\/2023\/10\/logo-vtt-1-300x284.png 300w, https:\/\/prein.fi\/wp-content\/uploads\/2023\/10\/logo-vtt-1-768x728.png 768w, https:\/\/prein.fi\/wp-content\/uploads\/2023\/10\/logo-vtt-1.png 1050w\" sizes=\"auto, (max-width: 1024px) 100vw, 1024px\" \/><\/a><\/figure>\n\n\n\n<figure class=\"wp-block-image size-large\"><a href=\"https:\/\/www.tuni.fi\/en\" target=\"_blank\" rel=\" noreferrer noopener\"><img loading=\"lazy\" decoding=\"async\" width=\"1024\" height=\"970\" src=\"https:\/\/prein.fi\/wp-content\/uploads\/2023\/10\/logo-tampere-university-1024x970.png\" alt=\"\" class=\"wp-image-4182\" srcset=\"https:\/\/prein.fi\/wp-content\/uploads\/2023\/10\/logo-tampere-university-1024x970.png 1024w, https:\/\/prein.fi\/wp-content\/uploads\/2023\/10\/logo-tampere-university-300x284.png 300w, https:\/\/prein.fi\/wp-content\/uploads\/2023\/10\/logo-tampere-university-768x728.png 768w, https:\/\/prein.fi\/wp-content\/uploads\/2023\/10\/logo-tampere-university.png 1050w\" sizes=\"auto, (max-width: 1024px) 100vw, 1024px\" \/><\/a><\/figure>\n\n\n\n<figure class=\"wp-block-image size-large\"><a href=\"https:\/\/www.aka.fi\/en\/research-funding\/programmes-and-other-funding-schemes\/flagship-programme\/\" target=\"_blank\" rel=\" noreferrer noopener\"><img loading=\"lazy\" decoding=\"async\" width=\"1024\" height=\"970\" src=\"https:\/\/prein.fi\/wp-content\/uploads\/2023\/10\/logo-flagship-programme-1024x970.png\" alt=\"\" class=\"wp-image-4183\" srcset=\"https:\/\/prein.fi\/wp-content\/uploads\/2023\/10\/logo-flagship-programme-1024x970.png 1024w, https:\/\/prein.fi\/wp-content\/uploads\/2023\/10\/logo-flagship-programme-300x284.png 300w, https:\/\/prein.fi\/wp-content\/uploads\/2023\/10\/logo-flagship-programme-768x728.png 768w, https:\/\/prein.fi\/wp-content\/uploads\/2023\/10\/logo-flagship-programme.png 1050w\" sizes=\"auto, (max-width: 1024px) 100vw, 1024px\" \/><\/a><\/figure>\n\n<\/div><\/div>\n\n\n<div class=\"wp-block-columns is-style-highlighted is-layout-flex wp-container-core-columns-is-layout-9d6595d7 wp-block-columns-is-layout-flex\">\n<div class=\"wp-block-column is-layout-flow wp-block-column-is-layout-flow\">\n<h3 class=\"wp-block-heading\">Tilaa uutiskirje<\/h3>\n\n\n\n<p class=\"has-small-font-size\">Tilaa oheisesta linkist\u00e4 uutiskirjeemme. Uutiskirjeet ovat englanninkielisi\u00e4.<\/p>\n\n\n\n<div class=\"wp-block-buttons is-layout-flex wp-block-buttons-is-layout-flex\">\n<div class=\"wp-block-button is-style-no-bg\"><a class=\"wp-block-button__link wp-element-button\">lue uusimmat uutiskirjeet t\u00e4\u00e4lt\u00e4<\/a><\/div>\n<\/div>\n<\/div>\n\n\n\n<div class=\"wp-block-column is-vertically-aligned-center is-layout-flow wp-block-column-is-layout-flow\">\n<!-- Begin Mailchimp Signup Form -->\n<div id=\"mc_embed_signup\">\n    <form action=\"https:\/\/prein.us3.list-manage.com\/subscribe\/post?u=bf56d750ccefe3dc2bc3fb81c&amp;id=a3845caaea\" method=\"post\" id=\"mc-embedded-subscribe-form\" name=\"mc-embedded-subscribe-form\" class=\"validate\" target=\"_blank\" novalidate=\"\">\n        <div id=\"mc_embed_signup_scroll\">\n            <input type=\"email\" value=\"\" name=\"EMAIL\" class=\"email\" id=\"mce-EMAIL\" placeholder=\"s\u00e4hk\u00f6postiosoite\" required=\"\">\n            <!-- real people should not fill this in and expect good things - do not remove this or risk form bot signups-->\n            <div style=\"position: absolute; left: -5000px;\" aria-hidden=\"true\">\n                <input type=\"text\" name=\"b_bf56d750ccefe3dc2bc3fb81c_a3845caaea\" tabindex=\"-1\" value=\"\">\n            <\/div>\n            <input type=\"submit\" value=\"Tilaa\" name=\"subscribe\" id=\"mc-embedded-subscribe\" class=\"button btn\">\n        <\/div>\n    <\/form>\n<\/div>\n<!--End mc_embed_signup-->\n<\/div>\n<\/div>\n","protected":false},"excerpt":{"rendered":"<p>Fotoniikan tutkimus Valoon perustuvien teknologioiden perus- ja soveltava tutkimus. Lue lis\u00e4\u00e4 Fotoniikan opiskelu PREIN lippulaiva edist\u00e4\u00e4 fotoniikan opiskelua ja koulutusta. Lue lis\u00e4\u00e4 yritysyhteisty\u00f6 Fotoniikan tutkimusta ja opiskelun tunnetukseksi tekemist\u00e4 tehd\u00e4\u00e4n yhteisty\u00f6ss\u00e4 yritysten kanssa. Lue lis\u00e4\u00e4 Uutiset Tulevat tapahtumat Tilaa uutiskirje Tilaa oheisesta linkist\u00e4 uutiskirjeemme. Uutiskirjeet ovat englanninkielisi\u00e4.<\/p>\n","protected":false},"author":4,"featured_media":0,"parent":0,"menu_order":1,"comment_status":"closed","ping_status":"closed","template":"","meta":{"_acf_changed":false,"footnotes":""},"class_list":["post-4318","page","type-page","status-publish","hentry"],"acf":[],"aioseo_notices":[],"_links":{"self":[{"href":"https:\/\/prein.fi\/fi\/wp-json\/wp\/v2\/pages\/4318","targetHints":{"allow":["GET"]}}],"collection":[{"href":"https:\/\/prein.fi\/fi\/wp-json\/wp\/v2\/pages"}],"about":[{"href":"https:\/\/prein.fi\/fi\/wp-json\/wp\/v2\/types\/page"}],"author":[{"embeddable":true,"href":"https:\/\/prein.fi\/fi\/wp-json\/wp\/v2\/users\/4"}],"replies":[{"embeddable":true,"href":"https:\/\/prein.fi\/fi\/wp-json\/wp\/v2\/comments?post=4318"}],"version-history":[{"count":9,"href":"https:\/\/prein.fi\/fi\/wp-json\/wp\/v2\/pages\/4318\/revisions"}],"predecessor-version":[{"id":8281,"href":"https:\/\/prein.fi\/fi\/wp-json\/wp\/v2\/pages\/4318\/revisions\/8281"}],"wp:attachment":[{"href":"https:\/\/prein.fi\/fi\/wp-json\/wp\/v2\/media?parent=4318"}],"curies":[{"name":"wp","href":"https:\/\/api.w.org\/{rel}","templated":true}]}}