{"id":4592,"date":"2023-10-04T15:42:17","date_gmt":"2023-10-04T12:42:17","guid":{"rendered":"https:\/\/prein.fi\/?page_id=4592"},"modified":"2026-02-12T08:15:03","modified_gmt":"2026-02-12T06:15:03","slug":"avoimet-tyopaikat","status":"publish","type":"page","link":"https:\/\/prein.fi\/fi\/prein-lyhyesti\/avoimet-tyopaikat\/","title":{"rendered":"Avoimet ty\u00f6paikat"},"content":{"rendered":"\r\n\r\n<section class=\"hero site-banner banner-bg-image section-default default alignfull image\">\r\n\r\n    <div class=\"site-banner-bg section-bg-image \" >\r\n\r\n        <img decoding=\"async\" width=\"1254\" height=\"836\" src=\"https:\/\/prein.fi\/wp-content\/uploads\/2023\/11\/open-positions-2.jpg\" class=\"attachment-1536\u00d71536 size-1536\u00d71536\" alt=\"\" srcset=\"https:\/\/prein.fi\/wp-content\/uploads\/2023\/11\/open-positions-2.jpg 1254w, https:\/\/prein.fi\/wp-content\/uploads\/2023\/11\/open-positions-2-300x200.jpg 300w, https:\/\/prein.fi\/wp-content\/uploads\/2023\/11\/open-positions-2-1024x683.jpg 1024w, https:\/\/prein.fi\/wp-content\/uploads\/2023\/11\/open-positions-2-768x512.jpg 768w\" sizes=\"(max-width: 1254px) 100vw, 1254px\" \/>\r\n        \r\n            <div class=\"site-banner-content container\">\r\n                <div class=\"row w-100\">\r\n                    <div class=\"col-md-12\">\r\n\r\n                        <h1 class=\"hero-title\">Avoimet ty\u00f6paikat<\/h1><div class=\"inner-content\">\r\n                            <div class=\"acf-innerblocks-container\"><\/div>\r\n                        <\/div>                    <\/div>\r\n                <\/div>\r\n            <\/div>\r\n        \r\n        <\/div><\/section>\r\n\r\n    <div class=\"breadcrumbs alignfull\">\r\n        <div class=\"container\">\r\n            <a href=\"https:\/\/prein.fi\/fi\/\">Etusivu<\/a>        <\/div>\r\n    <\/div>\r\n\n\n\n<h1 class=\"wp-block-heading\">Avoimet paikat fotoniikan tutkimuksessa<\/h1>\n\n\n\n<p>PREIN fotoniikan lippulaivalla on kunnianhimoinen rekrytointisuunnitelma ja PREIN partnerit perustavat uusia teht\u00e4vi\u00e4 tutkijoille, v\u00e4it\u00f6skirjatutkijoille, tohtoritutkijoille sek\u00e4 vanhemmille tutkijoille.&nbsp; Kaikki PREIN partnereiden avoimet teht\u00e4v\u00e4t julkaistaan t\u00e4ll\u00e4 sivulla.&nbsp;<\/p>\n\n\n\n<h2 class=\"wp-block-heading\">Hae tohtoritutkijan paikkaa!<\/h2>\n\n\n\n<p>Hae tohtorin tutkintoa fotoniiikasta &#8211; Tohtoritutkijan paikat Innovatiivisessa Tohtorikoulutuksen Ekosysteemiss\u00e4 Fotoniiikassa (I-DEEP) ovat nyt avoinna.<\/p>\n\n\n\n<p><mark style=\"background-color:#f0d027\" class=\"has-inline-color\">Etsimme nyt 72 tohtoritutkijaa fotoniiikasta Innovatiiviseen Tohtorikoulutuksen Ekosysteemiin Fotoniiikassa (I-DEEP). I-DEEP -ohjelmassa ovat mukana kaikki Suomen yliopistot, joilla on tutkimustoimintaa valoon perustuvissa teknologioissa. Paikat t\u00e4ytet\u00e4\u00e4n joko 1. elokuuta 2024 tai 1. tammikuuta 2025 alkaen.<\/mark><\/p>\n\n\n\n<p>Yliopistojen hakusivujen linkit t\u00e4st\u00e4 linkist\u00e4 (englanniksi): <a href=\"https:\/\/prein.fi\/i-deep\/apply-for-doctoral-researcher-position-in-the-innovative-doctoral-education-ecosystem-for-photonics-i-deep\/\" target=\"_blank\" rel=\"noopener\" title=\"Training of\u00a0New Doctoral Researchers in the Innovative Doctoral Education Ecosystem for Photonics (I-DEEP)\"><strong>Training of<\/strong>\u00a0<strong>New Doctoral Researchers in the Innovative Doctoral Education Ecosystem for Photonics (I-DEEP)<\/strong><\/a><\/p>\n\n\n\n<p><\/p>\n\n\n\n<p>I-DEEP-ohjelma vastaa yhteiskunnan kiireelliseen tarpeeseen kouluttaa korkean tason asiantuntijoita nopeasti kasvavalla fotoniiikkateollisuudelle. I-DEEP:ll\u00e4 on tiiviit yhteydet Photonics Finlandiin ja kansalliseen tutkimuskeskukseen VTT:hen sek\u00e4 yrityskumppaniverkostoon. T\u00e4m\u00e4 mahdollistaa tohtoriopiskelijoille yhteydenoton fotoniiikkaekosysteemiin opintojensa aikana. Opinto-ohjelma on suunniteltu vastaamaan alan nopeasti muuttuviin tarpeisiin niin, ett\u00e4 valmistuneet sopeutuvat alan kehitykseen. <\/p>\n\n\n\n<p>I-DEEP-konsortio perustuu merkitt\u00e4v\u00e4\u00e4n maailmanluokan fotoniiikkatutkimukseen ja se hy\u00f6dynt\u00e4\u00e4 PREIN-lippulaivaa Fotoniiikan Tutkimus- ja Innovaatiotoimintaan sek\u00e4 FinnLight-fotoniiikan kansallista infrastruktuuria.<\/p>\n\n\n\n<h5 class=\"wp-block-heading\">Kaikki muut fotoniikkaan liittyv\u00e4t avoimet ty\u00f6paikkailmoitukset kootaan&nbsp;<a href=\"https:\/\/www.photonics.fi\/jobboard\/\" target=\"_blank\" rel=\"noopener\" title=\"\">Photonics Finlandin Job Board<\/a>&nbsp;-alustalle.<\/h5>\n\n\n\n<div class=\"wp-block-columns is-layout-flex wp-container-core-columns-is-layout-9d6595d7 wp-block-columns-is-layout-flex\">\n<div class=\"wp-block-column is-layout-flow wp-block-column-is-layout-flow\"><div class=\"wp-block-image\">\n<figure class=\"aligncenter size-full is-resized\"><img decoding=\"async\" width=\"300\" height=\"300\" src=\"https:\/\/prein.fi\/wp-content\/uploads\/2023\/12\/tampere-university-2.webp\" alt=\"\" class=\"wp-image-6789\" style=\"aspect-ratio:1;width:182px;height:auto\" srcset=\"https:\/\/prein.fi\/wp-content\/uploads\/2023\/12\/tampere-university-2.webp 300w, https:\/\/prein.fi\/wp-content\/uploads\/2023\/12\/tampere-university-2-150x150.webp 150w\" sizes=\"(max-width: 300px) 100vw, 300px\" \/><\/figure>\n<\/div>\n\n\n<h2 class=\"wp-block-heading\">Tampereen yliopisto<\/h2>\n\n\n\n<p>Tampereen yliopisto on ainutlaatuinen, rohkeasti tulevaisuuteen katsova, kehittyv\u00e4 yhteis\u00f6 ja yksi Suomen monialaisimmista yliopistoista. Yliopistossamme ovat edustettuina l\u00e4hes kaikki kansainv\u00e4lisesti tunnistettavat koulutusalat. Meille t\u00e4rkeit\u00e4 arvoja ovat avoimuus, kriittisyys, moninaisuus, oppijal\u00e4ht\u00f6isyys, rohkeus, sivistys ja vastuullisuus. Meill\u00e4 tekniikka, terveys ja yhteiskunta kohtaavat toisensa ainutlaatuisella tavalla. Tutkimusryhmiss\u00e4mme ja -hankkeissamme tehd\u00e4\u00e4n monitieteist\u00e4 ja -alaista tutkimusta yli organisaatiorajojen. Yhteis\u00f6mme on kansainv\u00e4linen, meit\u00e4 on jo yli 80 maasta.<\/p>\n\n\n\n<p><a href=\"https:\/\/www.tuni.fi\/fi\/tutustu-meihin\/korkeakouluyhteiso-tyonantajana\/avoimet-tyopaikat-tampereen-yliopistossa\" target=\"_blank\" rel=\"noopener\" title=\"\">Kaikki avoimet ty\u00f6paikat Tampereen yliopistossa<\/a><\/p>\n<\/div>\n\n\n\n<div class=\"wp-block-column is-layout-flow wp-block-column-is-layout-flow\"><div class=\"wp-block-image\">\n<figure class=\"aligncenter size-large is-resized\"><img decoding=\"async\" width=\"1024\" height=\"970\" src=\"https:\/\/prein.fi\/wp-content\/uploads\/2023\/10\/logo-aaltou-1024x970.png\" alt=\"\" class=\"wp-image-4305\" style=\"aspect-ratio:1;width:178px;height:auto\" srcset=\"https:\/\/prein.fi\/wp-content\/uploads\/2023\/10\/logo-aaltou-1024x970.png 1024w, https:\/\/prein.fi\/wp-content\/uploads\/2023\/10\/logo-aaltou-300x284.png 300w, https:\/\/prein.fi\/wp-content\/uploads\/2023\/10\/logo-aaltou-768x728.png 768w, https:\/\/prein.fi\/wp-content\/uploads\/2023\/10\/logo-aaltou.png 1050w\" sizes=\"(max-width: 1024px) 100vw, 1024px\" \/><\/figure>\n<\/div>\n\n\n<h2 class=\"wp-block-heading\">Aalto yliopisto<\/h2>\n\n\n\n<p>Aalto-yliopistossa tiede ja taide kohtaavat tekniikan ja talouden. Olemme rohkeiden ajattelijoiden kansainv\u00e4linen yhteis\u00f6, joka luo kest\u00e4v\u00e4\u00e4 tulevaisuutta koulutuksella, tutkimuksella sek\u00e4 innovatiivisilla ideoilla ja ratkaisuilla. Aalto on omistautunut yhteiskunnallisesti merkitykselliseen tutkimukseen, taiteelliseen ty\u00f6h\u00f6n ja koulutukseen, jonka tavoitteena on vastata aikamme monimutkaisiin haasteisiin. Yhteis\u00f6 koostuu 4 000 ty\u00f6ntekij\u00e4st\u00e4 sek\u00e4 11 000 opiskelijasta. Akateemisesta henkil\u00f6st\u00e4 37 % on kansainv\u00e4lisi\u00e4.<\/p>\n\n\n\n<p><a href=\"https:\/\/www.aalto.fi\/fi\/avoimet-tyopaikat\" target=\"_blank\" rel=\"noopener\" title=\"\">Kaikki avoimet ty\u00f6paikat Aalto yliopistossa<\/a><\/p>\n<\/div>\n<\/div>\n\n\n\n<div class=\"wp-block-columns is-layout-flex wp-container-core-columns-is-layout-9d6595d7 wp-block-columns-is-layout-flex\">\n<div class=\"wp-block-column is-layout-flow wp-block-column-is-layout-flow\"><div class=\"wp-block-image\">\n<figure class=\"aligncenter size-large is-resized\"><img decoding=\"async\" width=\"1024\" height=\"892\" src=\"https:\/\/prein.fi\/wp-content\/uploads\/2023\/11\/uef-musta-logo-engl-pysty-1024x892.jpg\" alt=\"\" class=\"wp-image-5454\" style=\"aspect-ratio:1;width:207px;height:auto\" srcset=\"https:\/\/prein.fi\/wp-content\/uploads\/2023\/11\/uef-musta-logo-engl-pysty-1024x892.jpg 1024w, https:\/\/prein.fi\/wp-content\/uploads\/2023\/11\/uef-musta-logo-engl-pysty-300x261.jpg 300w, https:\/\/prein.fi\/wp-content\/uploads\/2023\/11\/uef-musta-logo-engl-pysty-768x669.jpg 768w, https:\/\/prein.fi\/wp-content\/uploads\/2023\/11\/uef-musta-logo-engl-pysty-1536x1338.jpg 1536w, https:\/\/prein.fi\/wp-content\/uploads\/2023\/11\/uef-musta-logo-engl-pysty-2048x1784.jpg 2048w\" sizes=\"(max-width: 1024px) 100vw, 1024px\" \/><\/figure>\n<\/div>\n\n\n<h2 class=\"wp-block-heading\">It\u00e4-Suomen yliopisto<\/h2>\n\n\n\n<p>It\u00e4-Suomen yliopisto on yksi Suomen suurimmista monitieteisist\u00e4 yliopistoista. Opiskelijoita on 15 000 ja henkil\u00f6kuntaa 2 500 . Yliopisto toimii kahdella kampuksella Joensuussa ja Kuopiossa. It\u00e4-Suomen yliopisto arvostaa intohimoa tieteeseen ja tietoon; halu oppia ja aktiivisesti luoda uutta.<\/p>\n\n\n\n<p><a href=\"https:\/\/www.uef.fi\/en\/open-positions\" target=\"_blank\" rel=\"noopener\" title=\"\">Kaikki avoimet ty\u00f6paikat It\u00e4-Suomen yliopistossa<\/a><\/p>\n<\/div>\n\n\n\n<div class=\"wp-block-column is-layout-flow wp-block-column-is-layout-flow\">\n<p><\/p>\n\n\n<div class=\"wp-block-image\">\n<figure class=\"aligncenter size-large is-resized\"><img decoding=\"async\" width=\"1024\" height=\"970\" src=\"https:\/\/prein.fi\/wp-content\/uploads\/2023\/10\/logo-vtt-1-1024x970.png\" alt=\"\" class=\"wp-image-4309\" style=\"aspect-ratio:1;width:179px;height:auto\" srcset=\"https:\/\/prein.fi\/wp-content\/uploads\/2023\/10\/logo-vtt-1-1024x970.png 1024w, https:\/\/prein.fi\/wp-content\/uploads\/2023\/10\/logo-vtt-1-300x284.png 300w, https:\/\/prein.fi\/wp-content\/uploads\/2023\/10\/logo-vtt-1-768x728.png 768w, https:\/\/prein.fi\/wp-content\/uploads\/2023\/10\/logo-vtt-1.png 1050w\" sizes=\"(max-width: 1024px) 100vw, 1024px\" \/><\/figure>\n<\/div>\n\n\n<h2 class=\"wp-block-heading\">VTT<\/h2>\n\n\n\n<p>VTT on vision\u00e4\u00e4rinen tutkimus-, kehitys- ja innovaatiokumppani, joka ajaa kest\u00e4v\u00e4\u00e4 kasvua ja vastaa aikamme suurimpiin globaaleihin haasteisiin ja muuttaa ne kasvumahdollisuuksiksi. VTT pyrkii auttamaan yhteiskuntaa ja yrityksi\u00e4 kasvamaan teknisten innovaatioiden kautta. Yli 75 vuoden kokemuksella huippututkimuksesta ja tieteeseen perustuvista tuloksista.&nbsp;<\/p>\n\n\n\n<p><a href=\"https:\/\/www.vttresearch.com\/fi\/tietoa-meista\/tule-rakentamaan-tulevaisuutta-vttlla\" target=\"_blank\" rel=\"noopener\" title=\"\">Kaikki avoimet ty\u00f6paikat VTT:ll\u00e4<\/a><\/p>\n<\/div>\n<\/div>\n","protected":false},"excerpt":{"rendered":"<p>Avoimet paikat fotoniikan tutkimuksessa PREIN fotoniikan lippulaivalla on kunnianhimoinen rekrytointisuunnitelma ja PREIN partnerit perustavat uusia teht\u00e4vi\u00e4 tutkijoille, v\u00e4it\u00f6skirjatutkijoille, tohtoritutkijoille sek\u00e4 vanhemmille tutkijoille.&nbsp; Kaikki PREIN partnereiden avoimet teht\u00e4v\u00e4t julkaistaan t\u00e4ll\u00e4 sivulla.&nbsp; Hae tohtoritutkijan paikkaa! Hae tohtorin tutkintoa fotoniiikasta &#8211; Tohtoritutkijan paikat Innovatiivisessa Tohtorikoulutuksen Ekosysteemiss\u00e4 Fotoniiikassa (I-DEEP) ovat nyt avoinna. Etsimme nyt 72 tohtoritutkijaa fotoniiikasta Innovatiiviseen Tohtorikoulutuksen [&hellip;]<\/p>\n","protected":false},"author":4,"featured_media":5163,"parent":4316,"menu_order":2,"comment_status":"closed","ping_status":"closed","template":"","meta":{"_acf_changed":false,"footnotes":""},"class_list":["post-4592","page","type-page","status-publish","has-post-thumbnail","hentry"],"acf":[],"aioseo_notices":[],"_links":{"self":[{"href":"https:\/\/prein.fi\/fi\/wp-json\/wp\/v2\/pages\/4592","targetHints":{"allow":["GET"]}}],"collection":[{"href":"https:\/\/prein.fi\/fi\/wp-json\/wp\/v2\/pages"}],"about":[{"href":"https:\/\/prein.fi\/fi\/wp-json\/wp\/v2\/types\/page"}],"author":[{"embeddable":true,"href":"https:\/\/prein.fi\/fi\/wp-json\/wp\/v2\/users\/4"}],"replies":[{"embeddable":true,"href":"https:\/\/prein.fi\/fi\/wp-json\/wp\/v2\/comments?post=4592"}],"version-history":[{"count":0,"href":"https:\/\/prein.fi\/fi\/wp-json\/wp\/v2\/pages\/4592\/revisions"}],"up":[{"embeddable":true,"href":"https:\/\/prein.fi\/fi\/wp-json\/wp\/v2\/pages\/4316"}],"wp:featuredmedia":[{"embeddable":true,"href":"https:\/\/prein.fi\/fi\/wp-json\/wp\/v2\/media\/5163"}],"wp:attachment":[{"href":"https:\/\/prein.fi\/fi\/wp-json\/wp\/v2\/media?parent=4592"}],"curies":[{"name":"wp","href":"https:\/\/api.w.org\/{rel}","templated":true}]}}