{"id":4596,"date":"2023-10-02T11:29:39","date_gmt":"2023-10-02T08:29:39","guid":{"rendered":"https:\/\/prein.fi\/?page_id=4596"},"modified":"2025-08-26T17:18:03","modified_gmt":"2025-08-26T14:18:03","slug":"yhteistyo","status":"publish","type":"page","link":"https:\/\/prein.fi\/fi\/yhteistyo\/","title":{"rendered":"Yhteisty\u00f6"},"content":{"rendered":"\r\n\r\n<section class=\"hero site-banner banner-bg-image section-default default alignfull image\">\r\n\r\n    <div class=\"site-banner-bg section-bg-image ob-position\" style=\"object-position: 50% 24%\" >\r\n\r\n        <img decoding=\"async\" width=\"2560\" height=\"1706\" src=\"https:\/\/prein.fi\/wp-content\/uploads\/2023\/11\/yhteistyo-scaled.jpg\" class=\"attachment-1536\u00d71536 size-1536\u00d71536\" alt=\"\" srcset=\"https:\/\/prein.fi\/wp-content\/uploads\/2023\/11\/yhteistyo-scaled.jpg 2560w, https:\/\/prein.fi\/wp-content\/uploads\/2023\/11\/yhteistyo-300x200.jpg 300w, https:\/\/prein.fi\/wp-content\/uploads\/2023\/11\/yhteistyo-1024x683.jpg 1024w, https:\/\/prein.fi\/wp-content\/uploads\/2023\/11\/yhteistyo-768x512.jpg 768w, https:\/\/prein.fi\/wp-content\/uploads\/2023\/11\/yhteistyo-1536x1024.jpg 1536w, https:\/\/prein.fi\/wp-content\/uploads\/2023\/11\/yhteistyo-2048x1365.jpg 2048w\" sizes=\"(max-width: 2560px) 100vw, 2560px\" \/>\r\n        \r\n            <div class=\"site-banner-content container\">\r\n                <div class=\"row w-100\">\r\n                    <div class=\"col-md-12\">\r\n\r\n                        <h1 class=\"hero-title\">Yhteisty\u00f6<\/h1><div class=\"inner-content\">\r\n                            <div class=\"acf-innerblocks-container\"><\/div>\r\n                        <\/div>                    <\/div>\r\n                <\/div>\r\n            <\/div>\r\n        \r\n        <\/div><\/section>\r\n\r\n    <div class=\"breadcrumbs alignfull\">\r\n        <div class=\"container\">\r\n            <a href=\"https:\/\/prein.fi\/fi\/\">Etusivu<\/a>        <\/div>\r\n    <\/div>\r\n\n\n\n<h1 class=\"wp-block-heading\">Yhteisty\u00f6\u00a0<\/h1>\n\n\n\n<p>Fotoniikan lippulaiva (PREIN) on sitoutunut huippututkimukseen, innovaatioiden edist\u00e4miseen, korkeatasoiseen opetukseen, sek\u00e4 opiskelijoiden oppimiseen ja kasvuun osaksi akateemista yhteis\u00f6\u00e4.&nbsp;Lippulaiva yhdist\u00e4\u00e4 huippuluokan fotoniikan tutkimuksen ja fotoniikan sovellusosaamisen yrityskumppaneiden hy\u00f6dyksi. Fotoniikan lippulaivaan kuuluvat organisaatiot tarjoavat yrityksille mahdollisuuksia hy\u00f6ty\u00e4 tutkimusosaamisesta ja korkeatasoisista infrastruktuureista. Strateginen tutkimusyhteisty\u00f6 yritysten ja yliopistojen v\u00e4lill\u00e4 &nbsp;tarjoaa monia etuja molemmille osapuolille.<\/p>\n\n\n\n<h2 class=\"wp-block-heading\">Fotoniikan lippulaivan tarjoaa yrityksille:<\/h2>\n\n\n\n<ul class=\"wp-block-list\">\n<li>mahdollisuuksia parantaa liiketoiminnan suorituskyky\u00e4 uusia tekniikoita tai teknologioita kehitt\u00e4m\u00e4ll\u00e4<\/li>\n\n\n\n<li>mahdollisuutta hy\u00f6dynt\u00e4\u00e4 huippututkimusta ilman investointiriskej\u00e4<\/li>\n\n\n\n<li>laajentaa k\u00e4ytett\u00e4viss\u00e4 olevia valmiuksia ja asiantuntemusta<\/li>\n\n\n\n<li>mahdollisuuden k\u00e4ytt\u00e4\u00e4 huippuluokan tutkimusinfrastruktuureja<\/li>\n<\/ul>\n\n\n\n<h2 class=\"wp-block-heading\">Fotoniikan lippulaivan hy\u00f6dyt yritysyhteisty\u00f6ss\u00e4:<\/h2>\n\n\n\n<ul class=\"wp-block-list\">\n<li>mahdollisuus ratkaista todellisia haastavia tutkimuskysymyksi\u00e4 fotoniikan sovelluksilla<\/li>\n\n\n\n<li>tutkimuksen konkreettinen vaikuttavuus<\/li>\n\n\n\n<li>mahdollisuus hy\u00f6dynt\u00e4\u00e4 yritysten erilaista osaamista, taitoja, tietoja ja laitteita&nbsp;<\/li>\n<\/ul>\n\n\n\n<p>Sek\u00e4 fotoniikan lippulaiva PREIN ett\u00e4 yritykset voivat hy\u00f6ty\u00e4 yhteisty\u00f6st\u00e4 ja edist\u00e4\u00e4 uusien synergioiden syntymist\u00e4. Yhteisty\u00f6 lis\u00e4\u00e4 sijoitetun p\u00e4\u00e4oman potentiaalista tuottoa. Yrityksille yhteisty\u00f6 PREINin kanssa tarjoaa p\u00e4\u00e4syn fotoniikan asiantuntemukseen ja tutkimukseen, joka kannustaa innovaatioihin, laajentaa resursseja ja parantaa yrityksen kilpailuetua.<\/p>\n\n\n\n<h3 class=\"wp-block-heading\">Ota yhteytt\u00e4, jos olet kiinnostunut seuraavista:&nbsp;<\/h3>\n\n\n\n<ul class=\"wp-block-list\">\n<li>Fotoniikan tutkimusyhteisty\u00f6<\/li>\n\n\n\n<li>R\u00e4\u00e4t\u00e4l\u00f6idyt kurssit ty\u00f6ntekij\u00f6illesi mill\u00e4 tahansa fotoniikan alalla<\/li>\n\n\n\n<li>Yhteisi\u00e4 tapahtumat fotoniikkaan ja sen sovelluksiin liittyvist\u00e4 teemoista<\/li>\n\n\n\n<li>Vieraileva puhuja yrityksenne tilaisuuteen<\/li>\n\n\n\n<li>Yrityksen vieraileva puhuja esittelem\u00e4\u00e4n yrityksenne toimintaa yliopistoille<\/li>\n\n\n\n<li>Yhteisty\u00f6 fotoniikan tutkintokoulutukseen liittyen mm.\n<ul class=\"wp-block-list\">\n<li>Ehdotus opinn\u00e4ytety\u00f6n aiheeksi omalta fotoniikan alaltanne<\/li>\n\n\n\n<li>Tapahtuman tai yritysvierailun j\u00e4rjest\u00e4minen opiskelijoille<\/li>\n\n\n\n<li>Stipendin lahjoittaminen lahjakkaille fotoniikan opiskelijoille<\/li>\n<\/ul>\n<\/li>\n\n\n\n<li>Yrityksenne avoimen ty\u00f6paikan ilmoittaminen<\/li>\n\n\n\n<li>Ty\u00f6nhaku fotoniikka-alalta (linkki Job Boardiin)<\/li>\n\n\n\n<li>Kiinnostus hy\u00f6dynt\u00e4\u00e4 tutkimusinfrastruktuuria, testauslaboratoriota, laitteita, raportteja, tekniikkaa projektissanne (<a href=\"https:\/\/finnlight.fi\/\" target=\"_blank\" rel=\"noopener\" title=\"\">linkki Finnlightin infrastruurin sivulle<\/a>)<\/li>\n<\/ul>\n\n\n\n<p>Teemme my\u00f6s tiivist\u00e4 yhteisty\u00f6t\u00e4 <a href=\"https:\/\/www.photonics.fi\/\" target=\"_blank\" rel=\"noreferrer noopener\">Photonics Finlandin<\/a> kanssa, joka on fotoniikkayritysten, yliopistojen ja tutkimusorganisaatioiden katto-organisaatio Suomessa.<\/p>\n\n\n\n<p>Ota yhteytt\u00e4 meihin s\u00e4hk\u00f6postilla <a href=\"mailto:prein@prein.fi\">t\u00e4st\u00e4<\/a><br><br><a href=\"https:\/\/prein.fi\/fi\/yhteystiedot\/\" target=\"_blank\" rel=\"noopener\" title=\"Yhteystiedot\">Linkki yhteystietosivulle<\/a><\/p>\n","protected":false},"excerpt":{"rendered":"<p>Yhteisty\u00f6\u00a0 Fotoniikan lippulaiva (PREIN) on sitoutunut huippututkimukseen, innovaatioiden edist\u00e4miseen, korkeatasoiseen opetukseen, sek\u00e4 opiskelijoiden oppimiseen ja kasvuun osaksi akateemista yhteis\u00f6\u00e4.&nbsp;Lippulaiva yhdist\u00e4\u00e4 huippuluokan fotoniikan tutkimuksen ja fotoniikan sovellusosaamisen yrityskumppaneiden hy\u00f6dyksi. Fotoniikan lippulaivaan kuuluvat organisaatiot tarjoavat yrityksille mahdollisuuksia hy\u00f6ty\u00e4 tutkimusosaamisesta ja korkeatasoisista infrastruktuureista. Strateginen tutkimusyhteisty\u00f6 yritysten ja yliopistojen v\u00e4lill\u00e4 &nbsp;tarjoaa monia etuja molemmille osapuolille. Fotoniikan lippulaivan tarjoaa yrityksille: [&hellip;]<\/p>\n","protected":false},"author":1,"featured_media":0,"parent":0,"menu_order":7,"comment_status":"closed","ping_status":"closed","template":"","meta":{"_acf_changed":false,"footnotes":""},"class_list":["post-4596","page","type-page","status-publish","hentry"],"acf":[],"aioseo_notices":[],"_links":{"self":[{"href":"https:\/\/prein.fi\/fi\/wp-json\/wp\/v2\/pages\/4596","targetHints":{"allow":["GET"]}}],"collection":[{"href":"https:\/\/prein.fi\/fi\/wp-json\/wp\/v2\/pages"}],"about":[{"href":"https:\/\/prein.fi\/fi\/wp-json\/wp\/v2\/types\/page"}],"author":[{"embeddable":true,"href":"https:\/\/prein.fi\/fi\/wp-json\/wp\/v2\/users\/1"}],"replies":[{"embeddable":true,"href":"https:\/\/prein.fi\/fi\/wp-json\/wp\/v2\/comments?post=4596"}],"version-history":[{"count":0,"href":"https:\/\/prein.fi\/fi\/wp-json\/wp\/v2\/pages\/4596\/revisions"}],"wp:attachment":[{"href":"https:\/\/prein.fi\/fi\/wp-json\/wp\/v2\/media?parent=4596"}],"curies":[{"name":"wp","href":"https:\/\/api.w.org\/{rel}","templated":true}]}}