{"id":4598,"date":"2023-10-04T15:50:05","date_gmt":"2023-10-04T12:50:05","guid":{"rendered":"https:\/\/prein.fi\/?page_id=4598"},"modified":"2025-08-26T16:09:00","modified_gmt":"2025-08-26T13:09:00","slug":"finnlight","status":"publish","type":"page","link":"https:\/\/prein.fi\/fi\/yhteistyo\/finnlight\/","title":{"rendered":"FinnLight Infrastruktuuri"},"content":{"rendered":"\r\n\r\n<section class=\"hero site-banner banner-bg-image section-default default alignfull image\">\r\n\r\n    <div class=\"site-banner-bg section-bg-image ob-position\" style=\"object-position: 50% 37%\" >\r\n\r\n        <img decoding=\"async\" width=\"1920\" height=\"1278\" src=\"https:\/\/prein.fi\/wp-content\/uploads\/2023\/10\/labrassa186.webp\" class=\"attachment-1536\u00d71536 size-1536\u00d71536\" alt=\"Tutkija fotoniikkalaboratoriossa.\" srcset=\"https:\/\/prein.fi\/wp-content\/uploads\/2023\/10\/labrassa186.webp 1920w, https:\/\/prein.fi\/wp-content\/uploads\/2023\/10\/labrassa186-300x200.webp 300w, https:\/\/prein.fi\/wp-content\/uploads\/2023\/10\/labrassa186-1024x682.webp 1024w, https:\/\/prein.fi\/wp-content\/uploads\/2023\/10\/labrassa186-768x511.webp 768w, https:\/\/prein.fi\/wp-content\/uploads\/2023\/10\/labrassa186-1536x1022.webp 1536w\" sizes=\"(max-width: 1920px) 100vw, 1920px\" \/>\r\n        \r\n            <div class=\"site-banner-content container\">\r\n                <div class=\"row w-100\">\r\n                    <div class=\"col-md-12\">\r\n\r\n                        <h1 class=\"hero-title\">FinnLight Infrastruktuuri<\/h1><div class=\"inner-content\">\r\n                            <div class=\"acf-innerblocks-container\"><\/div>\r\n                        <\/div>                    <\/div>\r\n                <\/div>\r\n            <\/div>\r\n        \r\n        <\/div><\/section>\r\n\r\n    <div class=\"breadcrumbs alignfull\">\r\n        <div class=\"container\">\r\n            <a href=\"https:\/\/prein.fi\/fi\/\">Etusivu<\/a>        <\/div>\r\n    <\/div>\r\n\n\n\n<h2 class=\"wp-block-heading\">FinnLight fotoniikan infrastruktuuri<\/h2>\n\n\n\n<figure class=\"wp-block-image size-full is-resized\"><img decoding=\"async\" width=\"1024\" height=\"668\" src=\"https:\/\/prein.fi\/wp-content\/uploads\/2023\/11\/finnlight-logo-final.jpg\" alt=\"\" class=\"wp-image-5544\" style=\"aspect-ratio:1.532934131736527;width:333px;height:auto\" srcset=\"https:\/\/prein.fi\/wp-content\/uploads\/2023\/11\/finnlight-logo-final.jpg 1024w, https:\/\/prein.fi\/wp-content\/uploads\/2023\/11\/finnlight-logo-final-300x196.jpg 300w, https:\/\/prein.fi\/wp-content\/uploads\/2023\/11\/finnlight-logo-final-768x501.jpg 768w\" sizes=\"(max-width: 1024px) 100vw, 1024px\" \/><\/figure>\n\n\n\n<p>Fotoniikka on 2000-luvun avainteknologioita ja sill\u00e4 on keskeinen rooli monien globaalien haasteiden ratkaisemisessa. FinnLight-yhteenliittym\u00e4n tarkoituksena on tuoda valoon perustuvat teknologiat tutkijoiden ja yritysten k\u00e4ytt\u00f6\u00f6n, jotta voidaan parantaa fotoniikan menetelmien ja laitteistojen tunnettavuutta ja k\u00e4ytt\u00f6\u00e4 koko innovaatioarvoketjussa tutkimuksesta tuotteisiin. <\/p>\n\n\n\n<p>Fotoniikan ratkaisuja k\u00e4ytet\u00e4\u00e4n monella tieteenalalla, mik\u00e4 hy\u00f6dytt\u00e4\u00e4 FinnLight-kumppaneiden laajoja yhteisty\u00f6verkostoja sek\u00e4 muita kansallisia ja kansainv\u00e4lisi\u00e4 infrastruktuurin k\u00e4ytt\u00e4ji\u00e4 useilla aloilla kuten tietoliikenne, l\u00e4\u00e4ketiede, energiateknologiat, teollisuuden prosessien hallinta, turvallisuusteknologiat ja digitaalitalous.<br>Lis\u00e4\u00e4m\u00e4ll\u00e4 avoimuutta ja mahdollisuuksia huipputason tutkimukseen, koulutukseen sek\u00e4 teollisuuden tuotekehitykseen, FinnLight tukee suomalaista yhteiskuntaa ja suomalaisen osaamisen asemaa fotoniikan tutkimuksen ja tuotekehityksen kansainv\u00e4lisess\u00e4 ymp\u00e4rist\u00f6ss\u00e4.<\/p>\n\n\n<div class=\"image-and-text wp-block has-media-on-the-left\">\r\n<div class=\"row\">\r\n    <div class=\"col-12 col-md-7 image-col\" style=\"aspect-ratio:; object-position: 50% %;\" >\r\n\r\n        <img decoding=\"async\" width=\"800\" height=\"433\" src=\"https:\/\/prein.fi\/wp-content\/uploads\/2023\/11\/actionplan-finnlight-1-1024x554.png\" class=\"attachment-large size-large\" alt=\"\" srcset=\"https:\/\/prein.fi\/wp-content\/uploads\/2023\/11\/actionplan-finnlight-1-1024x554.png 1024w, https:\/\/prein.fi\/wp-content\/uploads\/2023\/11\/actionplan-finnlight-1-300x162.png 300w, https:\/\/prein.fi\/wp-content\/uploads\/2023\/11\/actionplan-finnlight-1-768x416.png 768w, https:\/\/prein.fi\/wp-content\/uploads\/2023\/11\/actionplan-finnlight-1-1536x831.png 1536w, https:\/\/prein.fi\/wp-content\/uploads\/2023\/11\/actionplan-finnlight-1.png 1609w\" sizes=\"(max-width: 800px) 100vw, 800px\" \/>    <\/div>\r\n\r\n    <div class=\"col-12 col-md-5 text-col\"><div class=\"acf-innerblocks-container\">\n\n<h2 class=\"wp-block-heading\">FinnLight palvelut<\/h2>\n\n\n\n<ul class=\"wp-block-list\">\n<li>Optinen valmistus ja linssien tulostus <\/li>\n\n\n\n<li>Mittaus ja testaus <\/li>\n\n\n\n<li>Mikro- ja nanovalmistus <\/li>\n\n\n\n<li>Materiaalin karakterisointi <\/li>\n\n\n\n<li>Optinen integrointi ja komponenttien pakkaus <\/li>\n\n\n\n<li>Kuituoptiikka <\/li>\n\n\n\n<li>Optiset materiaalit <\/li>\n\n\n\n<li>Kehittyneet valonl\u00e4hteet<\/li>\n<\/ul>\n\n<\/div>\r\n<\/div>\r\n<\/div>\r\n<\/div>\n\n\n<h1 class=\"wp-block-heading\">Mit\u00e4 Finnlight tarkoittaa<\/h1>\n\n\n\n<p><br>FinnLightin partnereilla on pitk\u00e4 historia fotoniikan tutkimuksessa, aiheeseen liittyvin tiedot ja taidot sek\u00e4 kokemukset aina nanomateriaalien ja optisten komponenttien suunnittelusta ja valmistuksesta soveltavaan tutkimukseen, j\u00e4rjestelm\u00e4integraatioon, laitteistokehitykseen ja siirt\u00e4misest\u00e4 tieteelliset tulokset kaupallisiin tuotteisiin.<br>Finnlightin rakenne on monitieteellinen yhtym\u00e4kohta fysiikan, materiaalitekniikan, kvanttitekniikan ja energialaitteistojen v\u00e4lill\u00e4, mik\u00e4 hy\u00f6dytt\u00e4\u00e4 Finnlightin partnereiden laajaa yhteisty\u00f6verkostoa ja lukuisia kansallisia ja EU-k\u00e4ytt\u00e4ji\u00e4 eri aloilta. Finnlight-infrastruktuuria on saatavissa ulkopuolisille k\u00e4ytt\u00e4jille, jotka edist\u00e4v\u00e4t ei ainoastaan vaikuttavaa ja huipputason tiedett\u00e4, vaan my\u00f6s palvelee teollisuuden osa-alueita.<\/p>\n\n\n\n<p><\/p>\n\n\n\n<div class=\"wp-block-buttons is-layout-flex wp-block-buttons-is-layout-flex\">\n<div class=\"wp-block-button\"><a class=\"wp-block-button__link wp-element-button\" href=\"https:\/\/finnlight.fi\/\" target=\"_blank\" rel=\"noreferrer noopener\">Lue lis\u00e4\u00e4 FinnLightin sivustolta<\/a><\/div>\n<\/div>\n\n\n\n<h1 class=\"wp-block-heading\">YHTEYSTIEDOT<\/h1>\n\n\n\n<p>Tampereen yliopisto&nbsp;<strong>(TAU)<\/strong>,&nbsp;<a href=\"https:\/\/www.tuni.fi\/en\/goery-genty\" target=\"_blank\" rel=\"noopener\" title=\"\">FinnLight Director Go\u00ebry Genty<\/a><\/p>\n\n\n\n<p>It\u00e4-Suomen yliopisto&nbsp;<strong>(UEF)<\/strong>, <a href=\"https:\/\/uefconnect.uef.fi\/en\/person\/markku.kuittinen\/\" target=\"_blank\" rel=\"noopener\" title=\"\">Local Manager Markku Kuittinen<\/a><\/p>\n\n\n\n<p>VTT&nbsp;<strong>(VTT)<\/strong>, <a href=\"https:\/\/cris.vtt.fi\/en\/persons\/timo-aalto\" target=\"_blank\" rel=\"noopener\" title=\"\">Local Manager Timo Aalto<\/a><\/p>\n","protected":false},"excerpt":{"rendered":"<p>FinnLight fotoniikan infrastruktuuri Fotoniikka on 2000-luvun avainteknologioita ja sill\u00e4 on keskeinen rooli monien globaalien haasteiden ratkaisemisessa. FinnLight-yhteenliittym\u00e4n tarkoituksena on tuoda valoon perustuvat teknologiat tutkijoiden ja yritysten k\u00e4ytt\u00f6\u00f6n, jotta voidaan parantaa fotoniikan menetelmien ja laitteistojen tunnettavuutta ja k\u00e4ytt\u00f6\u00e4 koko innovaatioarvoketjussa tutkimuksesta tuotteisiin. Fotoniikan ratkaisuja k\u00e4ytet\u00e4\u00e4n monella tieteenalalla, mik\u00e4 hy\u00f6dytt\u00e4\u00e4 FinnLight-kumppaneiden laajoja yhteisty\u00f6verkostoja sek\u00e4 muita kansallisia ja [&hellip;]<\/p>\n","protected":false},"author":4,"featured_media":0,"parent":4596,"menu_order":1,"comment_status":"closed","ping_status":"closed","template":"","meta":{"_acf_changed":false,"footnotes":""},"class_list":["post-4598","page","type-page","status-publish","hentry"],"acf":[],"aioseo_notices":[],"_links":{"self":[{"href":"https:\/\/prein.fi\/fi\/wp-json\/wp\/v2\/pages\/4598","targetHints":{"allow":["GET"]}}],"collection":[{"href":"https:\/\/prein.fi\/fi\/wp-json\/wp\/v2\/pages"}],"about":[{"href":"https:\/\/prein.fi\/fi\/wp-json\/wp\/v2\/types\/page"}],"author":[{"embeddable":true,"href":"https:\/\/prein.fi\/fi\/wp-json\/wp\/v2\/users\/4"}],"replies":[{"embeddable":true,"href":"https:\/\/prein.fi\/fi\/wp-json\/wp\/v2\/comments?post=4598"}],"version-history":[{"count":0,"href":"https:\/\/prein.fi\/fi\/wp-json\/wp\/v2\/pages\/4598\/revisions"}],"up":[{"embeddable":true,"href":"https:\/\/prein.fi\/fi\/wp-json\/wp\/v2\/pages\/4596"}],"wp:attachment":[{"href":"https:\/\/prein.fi\/fi\/wp-json\/wp\/v2\/media?parent=4598"}],"curies":[{"name":"wp","href":"https:\/\/api.w.org\/{rel}","templated":true}]}}