{"id":4602,"date":"2023-10-02T11:28:51","date_gmt":"2023-10-02T08:28:51","guid":{"rendered":"https:\/\/prein.fi\/?page_id=4602"},"modified":"2025-08-26T17:03:03","modified_gmt":"2025-08-26T14:03:03","slug":"opiskelu","status":"publish","type":"page","link":"https:\/\/prein.fi\/fi\/opiskelu\/","title":{"rendered":"Opiskelu"},"content":{"rendered":"\n<h2 class=\"wp-block-heading\">Fotoniikan koulutus<\/h2>\n\n\n\n<p>Kaikki fotoniikan lippulaivassa mukana olevat yliopistot tarjoavat fotoniikan tutkintokoulutusta. Fotoniikkaan voi erikoistua maisteriohjelmatasolla, sek\u00e4 jatkaa tohtorin tutkintoon. Yliopistojen fotoniikan tutkinto-ohjelmilla on omat erikoistumisalueensa, mutta ne tekev\u00e4t my\u00f6s yhteisty\u00f6t\u00e4 ja toteuttavat opintojaksoja yhdess\u00e4.<\/p>\n\n\n\n<p>Fotoniikkaan erikoistuminen on mahdollista suomenkielisiss\u00e4 diplomi-insin\u00f6\u00f6rin tai maisterintutkinnossa opiskeleville. Fotoniikkaa opiskelemaan voi hakeutua my\u00f6s erillisen haun kautta kansainv\u00e4lisiin maisteriohjelmiin. Soveltuvia taustatutkintoja ovat tekniikan ja luonnontieteiden kandidaatin tutkinnot kuten fysiikka, s\u00e4hk\u00f6tekniikka, materiaalitekniikka. Tarkemmat kelpoisuusvaatimukset on kuvattu kunkin ohjelman opiskelijavalintakriteereiss\u00e4.<\/p>\n\n\n\n<div class=\"wp-block-columns is-layout-flex wp-container-core-columns-is-layout-9d6595d7 wp-block-columns-is-layout-flex\">\n<div class=\"wp-block-column is-layout-flow wp-block-column-is-layout-flow\">\n<figure class=\"wp-block-image size-large\"><a href=\"https:\/\/prein.fi\/fi\/opiskelu\/opiskelu-tampereen-yliopistossa\/\" target=\"_blank\" rel=\"noreferrer noopener\"><img decoding=\"async\" width=\"1024\" height=\"683\" src=\"https:\/\/prein.fi\/wp-content\/uploads\/2023\/11\/kampus-0224-1024x683.jpg\" alt=\"Tampere University\" class=\"wp-image-5031\" srcset=\"https:\/\/prein.fi\/wp-content\/uploads\/2023\/11\/kampus-0224-1024x683.jpg 1024w, https:\/\/prein.fi\/wp-content\/uploads\/2023\/11\/kampus-0224-300x200.jpg 300w, https:\/\/prein.fi\/wp-content\/uploads\/2023\/11\/kampus-0224-768x512.jpg 768w, https:\/\/prein.fi\/wp-content\/uploads\/2023\/11\/kampus-0224-1536x1024.jpg 1536w, https:\/\/prein.fi\/wp-content\/uploads\/2023\/11\/kampus-0224.jpg 1920w\" sizes=\"(max-width: 1024px) 100vw, 1024px\" \/><\/a><figcaption class=\"wp-element-caption\"><strong>Opiskelu Tampereen yliopistossa<\/strong><\/figcaption><\/figure>\n<\/div>\n\n\n\n<div class=\"wp-block-column is-layout-flow wp-block-column-is-layout-flow\">\n<figure class=\"wp-block-image size-large\"><a href=\"https:\/\/prein.fi\/fi\/opiskelu\/study-aalto-university\/\" target=\"_blank\" rel=\"noreferrer noopener\"><img decoding=\"async\" width=\"1024\" height=\"683\" src=\"https:\/\/prein.fi\/wp-content\/uploads\/2023\/11\/aalto-university-campus-aerial-summer2018-pic-by-suomen-ilmakuva-18a44-120-original-1024x683.jpg\" alt=\"\" class=\"wp-image-5065\" srcset=\"https:\/\/prein.fi\/wp-content\/uploads\/2023\/11\/aalto-university-campus-aerial-summer2018-pic-by-suomen-ilmakuva-18a44-120-original-1024x683.jpg 1024w, https:\/\/prein.fi\/wp-content\/uploads\/2023\/11\/aalto-university-campus-aerial-summer2018-pic-by-suomen-ilmakuva-18a44-120-original-300x200.jpg 300w, https:\/\/prein.fi\/wp-content\/uploads\/2023\/11\/aalto-university-campus-aerial-summer2018-pic-by-suomen-ilmakuva-18a44-120-original-768x512.jpg 768w, https:\/\/prein.fi\/wp-content\/uploads\/2023\/11\/aalto-university-campus-aerial-summer2018-pic-by-suomen-ilmakuva-18a44-120-original-1536x1024.jpg 1536w, https:\/\/prein.fi\/wp-content\/uploads\/2023\/11\/aalto-university-campus-aerial-summer2018-pic-by-suomen-ilmakuva-18a44-120-original.jpg 1920w\" sizes=\"(max-width: 1024px) 100vw, 1024px\" \/><\/a><figcaption class=\"wp-element-caption\"><strong>Opiskelu Aalto yliopistossa<\/strong><\/figcaption><\/figure>\n<\/div>\n<\/div>\n\n\n\n<div class=\"wp-block-columns is-layout-flex wp-container-core-columns-is-layout-9d6595d7 wp-block-columns-is-layout-flex\">\n<div class=\"wp-block-column is-layout-flow wp-block-column-is-layout-flow\">\n<figure class=\"wp-block-image size-large\"><a href=\"https:\/\/prein.fi\/fi\/opiskelu\/opiskelu-ita-suomen-yliopistossa\/\" target=\"_blank\" rel=\"noreferrer noopener\"><img decoding=\"async\" width=\"1024\" height=\"427\" src=\"https:\/\/prein.fi\/wp-content\/uploads\/2023\/11\/uef-modern-research-9647-sm-0-1024x427.jpg\" alt=\"University of Eastern Finland\" class=\"wp-image-5425\" srcset=\"https:\/\/prein.fi\/wp-content\/uploads\/2023\/11\/uef-modern-research-9647-sm-0-1024x427.jpg 1024w, https:\/\/prein.fi\/wp-content\/uploads\/2023\/11\/uef-modern-research-9647-sm-0-300x125.jpg 300w, https:\/\/prein.fi\/wp-content\/uploads\/2023\/11\/uef-modern-research-9647-sm-0-768x320.jpg 768w, https:\/\/prein.fi\/wp-content\/uploads\/2023\/11\/uef-modern-research-9647-sm-0.jpg 1440w\" sizes=\"(max-width: 1024px) 100vw, 1024px\" \/><\/a><figcaption class=\"wp-element-caption\"><strong>Opiskelu It\u00e4-Suomen yliopistossa<\/strong><\/figcaption><\/figure>\n<\/div>\n\n\n\n<div class=\"wp-block-column is-layout-flow wp-block-column-is-layout-flow\">\n<figure class=\"wp-block-image size-large is-resized\"><a href=\"https:\/\/prein.fi\/fi\/opiskelu\/fotoniikan-opiskelu\/\"><img decoding=\"async\" width=\"1024\" height=\"409\" src=\"https:\/\/prein.fi\/wp-content\/uploads\/2023\/11\/fotoniikka-080222-jr-030-1024x409.jpg\" alt=\"\" class=\"wp-image-5637\" style=\"aspect-ratio:2.5036674816625917;width:508px;height:auto\" srcset=\"https:\/\/prein.fi\/wp-content\/uploads\/2023\/11\/fotoniikka-080222-jr-030-1024x409.jpg 1024w, https:\/\/prein.fi\/wp-content\/uploads\/2023\/11\/fotoniikka-080222-jr-030-300x120.jpg 300w, https:\/\/prein.fi\/wp-content\/uploads\/2023\/11\/fotoniikka-080222-jr-030-768x306.jpg 768w, https:\/\/prein.fi\/wp-content\/uploads\/2023\/11\/fotoniikka-080222-jr-030.jpg 1366w\" sizes=\"(max-width: 1024px) 100vw, 1024px\" \/><\/a><figcaption class=\"wp-element-caption\"><strong>Fotoniikan opiskelu<\/strong><\/figcaption><\/figure>\n<\/div>\n<\/div>\n","protected":false},"excerpt":{"rendered":"<p>Fotoniikan koulutus Kaikki fotoniikan lippulaivassa mukana olevat yliopistot tarjoavat fotoniikan tutkintokoulutusta. Fotoniikkaan voi erikoistua maisteriohjelmatasolla, sek\u00e4 jatkaa tohtorin tutkintoon. Yliopistojen fotoniikan tutkinto-ohjelmilla on omat erikoistumisalueensa, mutta ne tekev\u00e4t my\u00f6s yhteisty\u00f6t\u00e4 ja toteuttavat opintojaksoja yhdess\u00e4. Fotoniikkaan erikoistuminen on mahdollista suomenkielisiss\u00e4 diplomi-insin\u00f6\u00f6rin tai maisterintutkinnossa opiskeleville. Fotoniikkaa opiskelemaan voi hakeutua my\u00f6s erillisen haun kautta kansainv\u00e4lisiin maisteriohjelmiin. Soveltuvia taustatutkintoja [&hellip;]<\/p>\n","protected":false},"author":4,"featured_media":0,"parent":0,"menu_order":5,"comment_status":"closed","ping_status":"closed","template":"","meta":{"_acf_changed":false,"footnotes":""},"class_list":["post-4602","page","type-page","status-publish","hentry"],"acf":[],"aioseo_notices":[],"_links":{"self":[{"href":"https:\/\/prein.fi\/fi\/wp-json\/wp\/v2\/pages\/4602","targetHints":{"allow":["GET"]}}],"collection":[{"href":"https:\/\/prein.fi\/fi\/wp-json\/wp\/v2\/pages"}],"about":[{"href":"https:\/\/prein.fi\/fi\/wp-json\/wp\/v2\/types\/page"}],"author":[{"embeddable":true,"href":"https:\/\/prein.fi\/fi\/wp-json\/wp\/v2\/users\/4"}],"replies":[{"embeddable":true,"href":"https:\/\/prein.fi\/fi\/wp-json\/wp\/v2\/comments?post=4602"}],"version-history":[{"count":0,"href":"https:\/\/prein.fi\/fi\/wp-json\/wp\/v2\/pages\/4602\/revisions"}],"wp:attachment":[{"href":"https:\/\/prein.fi\/fi\/wp-json\/wp\/v2\/media?parent=4602"}],"curies":[{"name":"wp","href":"https:\/\/api.w.org\/{rel}","templated":true}]}}