{"id":4604,"date":"2023-10-04T15:44:19","date_gmt":"2023-10-04T12:44:19","guid":{"rendered":"https:\/\/prein.fi\/?page_id=4604"},"modified":"2025-08-26T16:40:53","modified_gmt":"2025-08-26T13:40:53","slug":"opiskelu-tampereen-yliopistossa","status":"publish","type":"page","link":"https:\/\/prein.fi\/fi\/opiskelu\/opiskelu-tampereen-yliopistossa\/","title":{"rendered":"Opiskelu Tampereen yliopistossa"},"content":{"rendered":"\n<h1 class=\"wp-block-heading\">Opiskelu Tampereen yliopistossa<\/h1>\n\n\n<div class=\"wp-block-image\">\n<figure class=\"aligncenter size-full\"><img decoding=\"async\" width=\"615\" height=\"353\" src=\"https:\/\/prein.fi\/wp-content\/uploads\/2023\/11\/logo-tau-2line-eng-purple-rgb.jpg\" alt=\"\" class=\"wp-image-5099\" srcset=\"https:\/\/prein.fi\/wp-content\/uploads\/2023\/11\/logo-tau-2line-eng-purple-rgb.jpg 615w, https:\/\/prein.fi\/wp-content\/uploads\/2023\/11\/logo-tau-2line-eng-purple-rgb-300x172.jpg 300w\" sizes=\"(max-width: 615px) 100vw, 615px\" \/><\/figure>\n<\/div>\n\n\n<h2 class=\"wp-block-heading\">Tampereen yliopisto<\/h2>\n\n\n\n<p>Tampereella on pitk\u00e4 historia fotoniikan opetuksessa. Tampereen yliopisto tarjoaa <strong>tekniikan ja luonnontieteiden diplomi-insin\u00f6\u00f6rin<\/strong> tutkintoon opiskeleville mahdollisuuden valita fysiikan opinnoissa fotoniikan erikoistumisen.<\/p>\n\n\n\n<p>Tampereen yliopistossa on vuodesta 2018 alkaen ollut erillinen kansainv\u00e4linen <strong>Photonics Technologies<\/strong> -maisteriohjelma.<\/p>\n\n\n\n<p>Tampereen yliopisto on mukana eurooppalaisena yhteisty\u00f6n\u00e4 toteutettavassa<strong> Erasmus Mundus EUROPHOTONICS<\/strong> ohjelmassa. EUROPHOTONICS ohjelman opiskelijat opiskelevat fotoniikkaa v\u00e4hint\u00e4\u00e4n kahdessa eurooppalaisessa yliopistossa. Euroopan kommision Erasmus Mundus ohjelma tarjoaa erinomaiset liikkuvuus- ja opintostipendit valituille opiskelijoille.<\/p>\n","protected":false},"excerpt":{"rendered":"<p>Opiskelu Tampereen yliopistossa Tampereen yliopisto Tampereella on pitk\u00e4 historia fotoniikan opetuksessa. Tampereen yliopisto tarjoaa tekniikan ja luonnontieteiden diplomi-insin\u00f6\u00f6rin tutkintoon opiskeleville mahdollisuuden valita fysiikan opinnoissa fotoniikan erikoistumisen. Tampereen yliopistossa on vuodesta 2018 alkaen ollut erillinen kansainv\u00e4linen Photonics Technologies -maisteriohjelma. Tampereen yliopisto on mukana eurooppalaisena yhteisty\u00f6n\u00e4 toteutettavassa Erasmus Mundus EUROPHOTONICS ohjelmassa. EUROPHOTONICS ohjelman opiskelijat opiskelevat fotoniikkaa v\u00e4hint\u00e4\u00e4n [&hellip;]<\/p>\n","protected":false},"author":4,"featured_media":0,"parent":4602,"menu_order":1,"comment_status":"closed","ping_status":"closed","template":"","meta":{"_acf_changed":false,"footnotes":""},"class_list":["post-4604","page","type-page","status-publish","hentry"],"acf":[],"aioseo_notices":[],"_links":{"self":[{"href":"https:\/\/prein.fi\/fi\/wp-json\/wp\/v2\/pages\/4604","targetHints":{"allow":["GET"]}}],"collection":[{"href":"https:\/\/prein.fi\/fi\/wp-json\/wp\/v2\/pages"}],"about":[{"href":"https:\/\/prein.fi\/fi\/wp-json\/wp\/v2\/types\/page"}],"author":[{"embeddable":true,"href":"https:\/\/prein.fi\/fi\/wp-json\/wp\/v2\/users\/4"}],"replies":[{"embeddable":true,"href":"https:\/\/prein.fi\/fi\/wp-json\/wp\/v2\/comments?post=4604"}],"version-history":[{"count":0,"href":"https:\/\/prein.fi\/fi\/wp-json\/wp\/v2\/pages\/4604\/revisions"}],"up":[{"embeddable":true,"href":"https:\/\/prein.fi\/fi\/wp-json\/wp\/v2\/pages\/4602"}],"wp:attachment":[{"href":"https:\/\/prein.fi\/fi\/wp-json\/wp\/v2\/media?parent=4604"}],"curies":[{"name":"wp","href":"https:\/\/api.w.org\/{rel}","templated":true}]}}