{"id":4606,"date":"2023-10-04T15:44:38","date_gmt":"2023-10-04T12:44:38","guid":{"rendered":"https:\/\/prein.fi\/?page_id=4606"},"modified":"2025-08-26T15:45:31","modified_gmt":"2025-08-26T12:45:31","slug":"opiskelu-ita-suomen-yliopistossa","status":"publish","type":"page","link":"https:\/\/prein.fi\/fi\/opiskelu\/opiskelu-ita-suomen-yliopistossa\/","title":{"rendered":"Opiskelu It\u00e4-Suomen yliopistossa"},"content":{"rendered":"<div class=\"wp-block-image\">\n<figure class=\"aligncenter size-medium\"><img decoding=\"async\" width=\"300\" height=\"261\" src=\"https:\/\/prein.fi\/wp-content\/uploads\/2023\/11\/uef-musta-logo-engl-pysty-300x261.jpg\" alt=\"\" class=\"wp-image-5454\" srcset=\"https:\/\/prein.fi\/wp-content\/uploads\/2023\/11\/uef-musta-logo-engl-pysty-300x261.jpg 300w, https:\/\/prein.fi\/wp-content\/uploads\/2023\/11\/uef-musta-logo-engl-pysty-1024x892.jpg 1024w, https:\/\/prein.fi\/wp-content\/uploads\/2023\/11\/uef-musta-logo-engl-pysty-768x669.jpg 768w, https:\/\/prein.fi\/wp-content\/uploads\/2023\/11\/uef-musta-logo-engl-pysty-1536x1338.jpg 1536w, https:\/\/prein.fi\/wp-content\/uploads\/2023\/11\/uef-musta-logo-engl-pysty-2048x1784.jpg 2048w\" sizes=\"(max-width: 300px) 100vw, 300px\" \/><figcaption class=\"wp-element-caption\"><br><\/figcaption><\/figure>\n<\/div>\n\n\n<h2 class=\"wp-block-heading\">It\u00e4-Suomen yliopisto<\/h2>\n\n\n\n<p>It\u00e4-Suomen yliopistolla on pitk\u00e4 historia fotoniikan koulutuksessa ja se tarjoaa useita fotoniikkaan linkittyvi\u00e4 tutkinto-ohjelmia. Suomenkielisen opetuksen lis\u00e4ksi It\u00e4-Suomen yliopistossa on kansainv\u00e4linen maisteriohjelma, kolme Erasmus Mundus -ohjelmaa ja kaksoistutkinto-ohjelma fotoniikassa.<\/p>\n\n\n\n<p>Kansainv\u00e4linen fotoniikan maisteriohjelma, <strong>Master&#8217;s Degree Programme in Photonics.<\/strong> Merkitt\u00e4v\u00e4 osa ohjelman opinnoista koostuu laboratoriot\u00f6ist\u00e4.<\/p>\n\n\n\n<p>It\u00e4-Suomen yliopisto koordinoi <strong>Master of Science in Imaging and Light in Extended Reality, IMLEX\u00a0<\/strong>Erasmus Mundus -ohjelmaa ja on lis\u00e4ksi mukana kahdessa muussa Erasmus Mundus ohjelmassa:\u00a0<strong>Computational Color and Spectral Imaging, COSI<\/strong> \u200b\u200b\u200b\u200b\u200b\u200bja\u00a0<strong>Photonics for Security Reliability and Safety, PSRS.<\/strong><\/p>\n\n\n<div class=\"image-and-text wp-block has-media-on-the-left\">\r\n<div class=\"row\">\r\n    <div class=\"col-12 col-md-6 image-col\" style=\"aspect-ratio:; object-position: 50% %;\" >\r\n\r\n        <img decoding=\"async\" width=\"800\" height=\"334\" src=\"https:\/\/prein.fi\/wp-content\/uploads\/2023\/11\/uef-modern-research-9647-sm-0-1024x427.jpg\" class=\"attachment-large size-large\" alt=\"University of Eastern Finland\" srcset=\"https:\/\/prein.fi\/wp-content\/uploads\/2023\/11\/uef-modern-research-9647-sm-0-1024x427.jpg 1024w, https:\/\/prein.fi\/wp-content\/uploads\/2023\/11\/uef-modern-research-9647-sm-0-300x125.jpg 300w, https:\/\/prein.fi\/wp-content\/uploads\/2023\/11\/uef-modern-research-9647-sm-0-768x320.jpg 768w, https:\/\/prein.fi\/wp-content\/uploads\/2023\/11\/uef-modern-research-9647-sm-0.jpg 1440w\" sizes=\"(max-width: 800px) 100vw, 800px\" \/>    <\/div>\r\n\r\n    <div class=\"col-12 col-md-6 text-col\"><div class=\"acf-innerblocks-container\">\n\n<h2 class=\"wp-block-heading\">Fotoniikan kansainv\u00e4linen maisteriohjelma It\u00e4-Suomen yliopistossa<\/h2>\n\n\n\n<p>It\u00e4-Suomen yliopisto tarjoaa kansainv\u00e4lisen fotoniikan maisterintutkinto-ohjelman, joka koostuu peruskursseista, joilla k\u00e4sitell\u00e4\u00e4n valon ja aineen vuorovaikutusta. Ohjelman painopisteit\u00e4 ovat valon aallot ja sironta, valon ja aineen vuorovaikutus mikroskooppisella tasolla sek\u00e4 niihin liittyvist\u00e4 sovelluksista kuten, optisista n\u00e4yt\u00f6ist\u00e4.<\/p>\n\n<\/div>\r\n<\/div>\r\n<\/div>\r\n<\/div>","protected":false},"excerpt":{"rendered":"<p>It\u00e4-Suomen yliopisto It\u00e4-Suomen yliopistolla on pitk\u00e4 historia fotoniikan koulutuksessa ja se tarjoaa useita fotoniikkaan linkittyvi\u00e4 tutkinto-ohjelmia. Suomenkielisen opetuksen lis\u00e4ksi It\u00e4-Suomen yliopistossa on kansainv\u00e4linen maisteriohjelma, kolme Erasmus Mundus -ohjelmaa ja kaksoistutkinto-ohjelma fotoniikassa. Kansainv\u00e4linen fotoniikan maisteriohjelma, Master&#8217;s Degree Programme in Photonics. Merkitt\u00e4v\u00e4 osa ohjelman opinnoista koostuu laboratoriot\u00f6ist\u00e4. It\u00e4-Suomen yliopisto koordinoi Master of Science in Imaging and Light [&hellip;]<\/p>\n","protected":false},"author":4,"featured_media":0,"parent":4602,"menu_order":2,"comment_status":"closed","ping_status":"closed","template":"","meta":{"_acf_changed":false,"footnotes":""},"class_list":["post-4606","page","type-page","status-publish","hentry"],"acf":[],"aioseo_notices":[],"_links":{"self":[{"href":"https:\/\/prein.fi\/fi\/wp-json\/wp\/v2\/pages\/4606","targetHints":{"allow":["GET"]}}],"collection":[{"href":"https:\/\/prein.fi\/fi\/wp-json\/wp\/v2\/pages"}],"about":[{"href":"https:\/\/prein.fi\/fi\/wp-json\/wp\/v2\/types\/page"}],"author":[{"embeddable":true,"href":"https:\/\/prein.fi\/fi\/wp-json\/wp\/v2\/users\/4"}],"replies":[{"embeddable":true,"href":"https:\/\/prein.fi\/fi\/wp-json\/wp\/v2\/comments?post=4606"}],"version-history":[{"count":0,"href":"https:\/\/prein.fi\/fi\/wp-json\/wp\/v2\/pages\/4606\/revisions"}],"up":[{"embeddable":true,"href":"https:\/\/prein.fi\/fi\/wp-json\/wp\/v2\/pages\/4602"}],"wp:attachment":[{"href":"https:\/\/prein.fi\/fi\/wp-json\/wp\/v2\/media?parent=4606"}],"curies":[{"name":"wp","href":"https:\/\/api.w.org\/{rel}","templated":true}]}}