{"id":4608,"date":"2023-10-04T15:45:04","date_gmt":"2023-10-04T12:45:04","guid":{"rendered":"https:\/\/prein.fi\/?page_id=4608"},"modified":"2025-08-26T16:50:44","modified_gmt":"2025-08-26T13:50:44","slug":"study-aalto-university","status":"publish","type":"page","link":"https:\/\/prein.fi\/fi\/opiskelu\/study-aalto-university\/","title":{"rendered":"Opiskelu Aalto yliopistossa"},"content":{"rendered":"<div class=\"wp-block-image\">\n<figure class=\"aligncenter size-medium\"><img decoding=\"async\" width=\"300\" height=\"284\" src=\"https:\/\/prein.fi\/wp-content\/uploads\/2023\/10\/logo-aaltou-300x284.png\" alt=\"\" class=\"wp-image-4305\" srcset=\"https:\/\/prein.fi\/wp-content\/uploads\/2023\/10\/logo-aaltou-300x284.png 300w, https:\/\/prein.fi\/wp-content\/uploads\/2023\/10\/logo-aaltou-1024x970.png 1024w, https:\/\/prein.fi\/wp-content\/uploads\/2023\/10\/logo-aaltou-768x728.png 768w, https:\/\/prein.fi\/wp-content\/uploads\/2023\/10\/logo-aaltou.png 1050w\" sizes=\"(max-width: 300px) 100vw, 300px\" \/><\/figure>\n<\/div>\n\n\n<h2 class=\"wp-block-heading\">Aalto yliopisto<\/h2>\n\n\n\n<p>Aalto-yliopisto tarjoaa fotoniikan ja nanoteknologian p\u00e4\u00e4aineen yhten\u00e4 maisteriohjelman erikoisaloista Elektroniikan ja nanoteknologian ohjelma. T\u00e4m\u00e4n p\u00e4\u00e4aineen tavoitteena on antaa opiskelijalle riitt\u00e4v\u00e4t teoreettiset ja k\u00e4yt\u00e4nn\u00f6n taidot fysiikasta, s\u00e4hk\u00f6magneettisesta s\u00e4teilyst\u00e4, mallintamisesta, optiikasta ja materiaaliin liittyvist\u00e4 aiheista hallitsemaan yleiset fysikaaliset ilmi\u00f6t, joita voidaan soveltaa nanotieteist\u00e4 avaruusfysiikkaan.<br><br>Mikro- ja nanoteknologia keskittyy laitteiden, kuten LEDien, diodilaserien, aurinkokennojen ja nanoelektronisten laitteiden, toimintaperiaatteisiin ja valmistustekniikoihin. Fotoniikka keskittyy valon tuotantoon, ohjaamiseen, modulointiin ja havaitsemiseen.<\/p>\n\n\n\n<p>Ohjelma on osa S\u00e4hk\u00f6tekniikan korkeakoulun tarjoamaa opetusta.<\/p>\n","protected":false},"excerpt":{"rendered":"<p>Aalto yliopisto Aalto-yliopisto tarjoaa fotoniikan ja nanoteknologian p\u00e4\u00e4aineen yhten\u00e4 maisteriohjelman erikoisaloista Elektroniikan ja nanoteknologian ohjelma. T\u00e4m\u00e4n p\u00e4\u00e4aineen tavoitteena on antaa opiskelijalle riitt\u00e4v\u00e4t teoreettiset ja k\u00e4yt\u00e4nn\u00f6n taidot fysiikasta, s\u00e4hk\u00f6magneettisesta s\u00e4teilyst\u00e4, mallintamisesta, optiikasta ja materiaaliin liittyvist\u00e4 aiheista hallitsemaan yleiset fysikaaliset ilmi\u00f6t, joita voidaan soveltaa nanotieteist\u00e4 avaruusfysiikkaan. Mikro- ja nanoteknologia keskittyy laitteiden, kuten LEDien, diodilaserien, aurinkokennojen ja nanoelektronisten [&hellip;]<\/p>\n","protected":false},"author":4,"featured_media":4305,"parent":4602,"menu_order":3,"comment_status":"closed","ping_status":"closed","template":"","meta":{"_acf_changed":false,"footnotes":""},"class_list":["post-4608","page","type-page","status-publish","has-post-thumbnail","hentry"],"acf":[],"aioseo_notices":[],"_links":{"self":[{"href":"https:\/\/prein.fi\/fi\/wp-json\/wp\/v2\/pages\/4608","targetHints":{"allow":["GET"]}}],"collection":[{"href":"https:\/\/prein.fi\/fi\/wp-json\/wp\/v2\/pages"}],"about":[{"href":"https:\/\/prein.fi\/fi\/wp-json\/wp\/v2\/types\/page"}],"author":[{"embeddable":true,"href":"https:\/\/prein.fi\/fi\/wp-json\/wp\/v2\/users\/4"}],"replies":[{"embeddable":true,"href":"https:\/\/prein.fi\/fi\/wp-json\/wp\/v2\/comments?post=4608"}],"version-history":[{"count":0,"href":"https:\/\/prein.fi\/fi\/wp-json\/wp\/v2\/pages\/4608\/revisions"}],"up":[{"embeddable":true,"href":"https:\/\/prein.fi\/fi\/wp-json\/wp\/v2\/pages\/4602"}],"wp:featuredmedia":[{"embeddable":true,"href":"https:\/\/prein.fi\/fi\/wp-json\/wp\/v2\/media\/4305"}],"wp:attachment":[{"href":"https:\/\/prein.fi\/fi\/wp-json\/wp\/v2\/media?parent=4608"}],"curies":[{"name":"wp","href":"https:\/\/api.w.org\/{rel}","templated":true}]}}