{"id":4610,"date":"2023-10-04T15:45:36","date_gmt":"2023-10-04T12:45:36","guid":{"rendered":"https:\/\/prein.fi\/?page_id=4610"},"modified":"2025-08-26T15:33:59","modified_gmt":"2025-08-26T12:33:59","slug":"photonics-student-chapters","status":"publish","type":"page","link":"https:\/\/prein.fi\/fi\/opiskelu\/photonics-student-chapters\/","title":{"rendered":"Fotoniikan opiskelijayhdistykset"},"content":{"rendered":"\r\n\r\n<section class=\"hero site-banner banner-bg-image section-default default alignfull image\">\r\n\r\n    <div class=\"site-banner-bg section-bg-image \" >\r\n\r\n        <img decoding=\"async\" width=\"2560\" height=\"1045\" src=\"https:\/\/prein.fi\/wp-content\/uploads\/2023\/11\/admissions-280916-jr-14-1-scaled-e1702633442349.jpg\" class=\"attachment-1536\u00d71536 size-1536\u00d71536\" alt=\"Photonics Student Chapters in Finland.\" \/>\r\n        \r\n            <div class=\"site-banner-content container\">\r\n                <div class=\"row w-100\">\r\n                    <div class=\"col-md-12\">\r\n\r\n                        <h1 class=\"hero-title\">Fotoniikan opiskelijayhdistykset<\/h1><div class=\"inner-content\">\r\n                            <div class=\"acf-innerblocks-container\"><\/div>\r\n                        <\/div>                    <\/div>\r\n                <\/div>\r\n            <\/div>\r\n        \r\n        <\/div><\/section>\r\n\r\n    <div class=\"breadcrumbs alignfull\">\r\n        <div class=\"container\">\r\n            <a href=\"https:\/\/prein.fi\/fi\/\">Etusivu<\/a>        <\/div>\r\n    <\/div>\r\n\n\n\n<h1 class=\"wp-block-heading\">Fotoniikan opiskelijaj\u00e4rjest\u00f6t<\/h1>\n\n\n\n<p>Kaikissa PREIN partneriyliopistoissa on fotoniikan opiskelijoiden j\u00e4rjest\u00f6, samoin muissakin suomalaisissa yliopistoissa. Fotoniikan opiskelijoiden j\u00e4rjest\u00f6t, organisaatiot ja klubit ovat mukana my\u00f6s erilaisissa kansainv\u00e4lisiss\u00e4 j\u00e4rjest\u00f6iss\u00e4, kuten Society for Optics and Photonics SPIE, Optical Society, Optica ja European Optical Society EOS. Kansainv\u00e4lisiin opiskelijaj\u00e4rjest\u00f6ihin voit liitty\u00e4 kandina tai maisterina. Opiskelijoiden j\u00e4rjest\u00f6iss\u00e4 voit verkostoitua ja tutustua saman alan muihin opiskelijoihin.<\/p>\n\n\n\n<h2 class=\"wp-block-heading\">Suomi<\/h2>\n\n\n\n<p><strong>EOS Finland opiskelijaj\u00e4rjest\u00f6<\/strong><\/p>\n\n\n\n<p>T\u00e4m\u00e4n opiskelijaklubin tarkoituksena on optisen tieteenalan ja optisen tekniikan edist\u00e4minen opiskelijoiden keskuudessa. Lis\u00e4ksi opiskelijaj\u00e4rjest\u00f6 tekee l\u00e4heist\u00e4 yhteisty\u00f6t\u00e4 teollisuuden ja akateemisten instituutioiden kanssa tukeakseen opiskelijoiden optiikan ja fotoniikan jatko-opintoja hyv\u00e4n urakehityksen saamiseksi. J\u00e4rjest\u00f6 pyrkii my\u00f6s saamaan vuorovaikutusta opiskelijoiden, vanhempien tutkijoiden, yritysten ja teollisuuden edustajien v\u00e4lille. Kaikki opiskelijat, jotka opiskelevat optiikkaan liittyvi\u00e4 kursseja, ovat tervetulleita tulemaan mukaan opiskelijaj\u00e4rjest\u00f6\u00f6n miss\u00e4 tahansa suomalaisessa yliopistossa.&nbsp;<\/p>\n\n\n\n<p>President: Isaac Doughan <a href=\"mailto:isaac.doughan@uef.fi\" target=\"_blank\" rel=\"noopener\" title=\"\">isaac.doughan@uef.fi<\/a><\/p>\n\n\n\n<p>European Optical Society on voittoa tuottamaton j\u00e4rjest\u00f6, sateenvarjo-organisaatio kaikille Euroopan kansallisille optiikan j\u00e4rjest\u00f6ille, mutta siihen kuuluu j\u00e4seni\u00e4 my\u00f6s ymp\u00e4ri maailman.\u00a0 EOS kutsuu opiskelijoita liittym\u00e4\u00e4n j\u00e4seniksi tai perustamaan oman EOS opiskelijaj\u00e4rjest\u00f6n. N\u00e4m\u00e4 j\u00e4rjest\u00f6t auttavat fotoniikan opiskelijoita saamaan uusia kontakteja, vaihtamaan kokemuksia sek\u00e4 keskustelemaan haasteistaan. EOS opiskelijaj\u00e4rjest\u00f6n j\u00e4seni\u00e4 rohkaistaan j\u00e4rjest\u00e4m\u00e4\u00e4n tapaamisia, organisoimaan tapahtumia tai osallistumaan niihin, ehdottamaan vierailuk\u00e4yntej\u00e4 laboratorioihin tai oman maansa yrityksiin.<\/p>\n\n\n\n<p>Web page: <a href=\"http:\/\/noptics.org\/pages\/student-clubs\/national-clubs\/finland.html\" title=\"\">EOS Finland Student Club<\/a><br>Social media: <a href=\"https:\/\/www.facebook.com\/groups\/622959111079128\" target=\"_blank\" rel=\"noreferrer noopener\">Facebook<\/a> &amp; <a href=\"https:\/\/twitter.com\/eos_fsc\" target=\"_blank\" rel=\"noreferrer noopener\">Twitter<\/a>.<\/p>\n\n\n\n<p><a href=\"https:\/\/www.europeanoptics.org\/pages\/student-clubs\/\" target=\"_blank\" rel=\"noopener\" title=\"\">Lue lis\u00e4\u00e4 EOS opiskelijaj\u00e4rjest\u00f6ist\u00e4<\/a><\/p>\n\n\n\n<h2 class=\"wp-block-heading\"><strong>Tampereen yliopisto<\/strong><\/h2>\n\n\n\n<p><strong>TAU SPIE opiskelijaj\u00e4rjest\u00f6<\/strong><\/p>\n\n\n\n<p>SPIE, kansainv\u00e4linen optiikan ja fotoniikan voittoa tuottamaton j\u00e4rjest\u00f6, joka edist\u00e4\u00e4 kasvavia teknologioita tieteidenv\u00e4lisell\u00e4 tietojenvaihdolla, koulutuksella, julkaisuilla, ura- ja ammatillisella kasvulla. SPIE:en liittyv\u00e4t opiskelijaryhm\u00e4t opiskelevat optiikkaa ja fotoniikkaa eri puolilla maailmaa olevissa yliopistoissa. SPIE:n opiskelijaj\u00e4rjest\u00f6t tarjoavat mahdollisuuden yhteisty\u00f6h\u00f6n kollegoiden kanssa, saada yhteyksi\u00e4 yhteis\u00f6ss\u00e4, kehitt\u00e4\u00e4 ammattisia ja johtamiseen liittyvi\u00e4 kykyj\u00e4, sek\u00e4 luoda yhteisty\u00f6t\u00e4 teollisuuden kanssa.<br><br>President: Lucero Cardenas-Razo<br>Vice President: David Trejo Garcia<br>Secretary: Abhiroop Chellu<br>Treasurer: Arttu Nieminen<\/p>\n\n\n\n<p>Contact email: <a href=\"mailto:spie.tampere@gmail.com\" target=\"_blank\" rel=\"noreferrer noopener\">spie.tampere@gmail.com<\/a><br>Social media: <a href=\"https:\/\/www.facebook.com\/SPIE-Tampere-Student-Chapter-105418084891405\" target=\"_blank\" rel=\"noreferrer noopener\">Facebook,&nbsp; <\/a><a href=\"https:\/\/www.facebook.com\/SPIE-Tampere-Student-Chapter-105418084891405\" target=\"_blank\" rel=\"noreferrer noopener\"><\/a><a href=\"https:\/\/www.facebook.com\/SPIE-Tampere-Student-Chapter-105418084891405\" target=\"_blank\" rel=\"noreferrer noopener\"> <\/a><a href=\"https:\/\/twitter.com\/spietampere?lang=en\" target=\"_blank\" rel=\"noreferrer noopener\">Twitter,&nbsp; <\/a><a href=\"https:\/\/twitter.com\/spietampere?lang=en\" target=\"_blank\" rel=\"noreferrer noopener\"><\/a><a href=\"https:\/\/twitter.com\/spietampere?lang=en\" target=\"_blank\" rel=\"noreferrer noopener\"> <\/a><a href=\"https:\/\/www.linkedin.com\/in\/spie-tampere-student-chapter\/?originalSubdomain=fi\" target=\"_blank\" rel=\"noreferrer noopener\">LinkedIn <\/a><a href=\"https:\/\/www.linkedin.com\/in\/spie-tampere-student-chapter\/?originalSubdomain=fi\" target=\"_blank\" rel=\"noreferrer noopener\"><\/a><a href=\"https:\/\/www.linkedin.com\/in\/spie-tampere-student-chapter\/?originalSubdomain=fi\" target=\"_blank\" rel=\"noreferrer noopener\"> <\/a>, <a href=\"https:\/\/www.instagram.com\/spie.tampere\/\" target=\"_blank\" rel=\"noreferrer noopener\">Instagram <\/a><a href=\"https:\/\/www.instagram.com\/spie.tampere\/\" target=\"_blank\" rel=\"noreferrer noopener\"><\/a><a href=\"https:\/\/www.instagram.com\/spie.tampere\/\" target=\"_blank\" rel=\"noreferrer noopener\"><\/a><\/p>\n\n\n\n<p><a href=\"https:\/\/spie.org\/membership\/student-services\/student-chapters\" target=\"_blank\" rel=\"noopener\" title=\"\">Read about SPIE student chapters<\/a><\/p>\n\n\n\n<p><strong>TAU Optica opiskelijaj\u00e4rjest\u00f6<\/strong><\/p>\n\n\n\n<p>Optinen j\u00e4rjest\u00f6 Optica edist\u00e4\u00e4 ja jakaa virallista, saavutettavaa ja arkistoitua tieteellist\u00e4 ja teknist\u00e4 tietoa optiikasta ja fotoniikasta maailmanlaajuisesti. Se on yli 7000 opiskelijan kansainv\u00e4linen verkosto, johon kuuluu yli 400 j\u00e4rjest\u00f6\u00e4 yli 60 maassa. Optican opiskelijaj\u00e4rjest\u00f6 tukee akateemisia opintoja ja tutkimusta sek\u00e4 tarjoaa uramahdollisuuksia optiikassa ja fotoniikassa. J\u00e4senetujen lis\u00e4ksi, monet j\u00e4rjest\u00f6t ovat voimakkaasti mukana yhteis\u00f6llisyydess\u00e4 ja nuorten koulutuksessa palvellakseen yhteis\u00f6\u00e4 ja levitt\u00e4\u00e4kseen tietoa optiikasta ja fotoniikasta maailmanlaajuisesti.&nbsp;<\/p>\n\n\n\n<p>President: Ilulia Zalesskaia<br>Vice-President: Yaraslau Tamashevich<br>Secretary: Madona Mekhael<br>Other officers: Artem Boichuk, Jiaqi Li, Mathilde Hary, Meron Tesfa and Redwan Islam<\/p>\n\n\n\n<p>Contact&nbsp;email: <a href=\"mailto:tauosa.studentchapter@gmail.com\" target=\"_blank\" rel=\"noreferrer noopener\">tauosa.studentchapter@gmail.com<\/a><br>Web page: <a href=\"https:\/\/sites.tuni.fi\/tauoptica-studentchapter\/\">Optica Tampere University Student Chapter <\/a><a href=\"https:\/\/sites.tuni.fi\/tauoptica-studentchapter\/\"><\/a><a href=\"https:\/\/sites.tuni.fi\/tauoptica-studentchapter\/\"><\/a><br>Social media: <a href=\"http:\/\/www.instagram.com\/tau_photonics\/\" target=\"_blank\" rel=\"noreferrer noopener\">TAU Photonics Instagram, <\/a><a href=\"http:\/\/www.instagram.com\/tau_photonics\/\" target=\"_blank\" rel=\"noreferrer noopener\"><\/a><a href=\"http:\/\/www.instagram.com\/tau_photonics\/\" target=\"_blank\" rel=\"noreferrer noopener\"> <\/a><a href=\"https:\/\/twitter.com\/tau_photonics\" target=\"_blank\" rel=\"noreferrer noopener\">tau_photonics Twitter <\/a><a href=\"https:\/\/twitter.com\/tau_photonics\" target=\"_blank\" rel=\"noreferrer noopener\"><\/a><a href=\"https:\/\/twitter.com\/tau_photonics\" target=\"_blank\" rel=\"noreferrer noopener\"><\/a><\/p>\n\n\n\n<p><a href=\"https:\/\/www.instagram.com\/spie.tampere\/\" target=\"_blank\" rel=\"noreferrer noopener\"><\/a><\/p>\n\n\n\n<p><a href=\"https:\/\/spie.org\/membership\/student-services\/student-chapters\" target=\"_blank\" rel=\"noreferrer noopener\">Read about SPIE student chapters <\/a><a href=\"https:\/\/spie.org\/membership\/student-services\/student-chapters\" target=\"_blank\" rel=\"noreferrer noopener\"><\/a><a href=\"https:\/\/spie.org\/membership\/student-services\/student-chapters\" target=\"_blank\" rel=\"noreferrer noopener\"><\/a><\/p>\n\n\n\n<p><br><a href=\"https:\/\/www.optica.org\/en-us\/get_involved\/students\/student_chapters\/\" target=\"_blank\" rel=\"noopener\" title=\"\">Lue lis\u00e4\u00e4 Optica opiskelijaj\u00e4rjest\u00f6st\u00e4<\/a><\/p>\n\n\n\n<h2 class=\"wp-block-heading\"><strong>Aalto yliopisto<\/strong><\/h2>\n\n\n\n<p><strong>OSA Aalto opiskelijaj\u00e4rjest\u00f6<\/strong><br><strong>Aalto Optica Student Chapter<\/strong><br>Contact:\u00a0 Suvi-Tuuli Akkanen (<a href=\"mailto:suvi-tuuli.akkanen@aalto.fi\" target=\"_blank\" rel=\"noreferrer noopener\">suvi-tuuli.akkanen@aalto.fi<\/a>)<\/p>\n\n\n\n<p><\/p>\n\n\n\r\n<div class=\"wp-block logowall\">\r\n    <div class=\"acf-innerblocks-container\">\n\n<figure class=\"wp-block-image size-full\"><a href=\"https:\/\/spie.org\/membership\/student-resources\/student-chapters?SSO=1\" target=\"_blank\" rel=\"noreferrer noopener\"><img decoding=\"async\" width=\"380\" height=\"209\" src=\"https:\/\/prein.fi\/wp-content\/uploads\/2023\/11\/spie-1.jpg\" alt=\"\" class=\"wp-image-5119\" srcset=\"https:\/\/prein.fi\/wp-content\/uploads\/2023\/11\/spie-1.jpg 380w, https:\/\/prein.fi\/wp-content\/uploads\/2023\/11\/spie-1-300x165.jpg 300w\" sizes=\"(max-width: 380px) 100vw, 380px\" \/><\/a><\/figure>\n\n\n\n<figure class=\"wp-block-image size-full\"><a href=\"https:\/\/www.europeanoptics.org\/pages\/student-clubs\/\" target=\"_blank\" rel=\"noreferrer noopener\"><img decoding=\"async\" width=\"655\" height=\"640\" src=\"https:\/\/prein.fi\/wp-content\/uploads\/2023\/11\/european-optical-society1.jpg\" alt=\"\" class=\"wp-image-5499\" srcset=\"https:\/\/prein.fi\/wp-content\/uploads\/2023\/11\/european-optical-society1.jpg 655w, https:\/\/prein.fi\/wp-content\/uploads\/2023\/11\/european-optical-society1-300x293.jpg 300w\" sizes=\"(max-width: 655px) 100vw, 655px\" \/><\/a><\/figure>\n\n\n\n<figure class=\"wp-block-image size-full\"><a href=\"https:\/\/www.optica.org\/get_involved\/students\/student_chapters\/\" target=\"_blank\" rel=\"noreferrer noopener\"><img decoding=\"async\" width=\"322\" height=\"102\" src=\"https:\/\/prein.fi\/wp-content\/uploads\/2023\/11\/optica-logo-1.jpg\" alt=\"\" class=\"wp-image-5501\" srcset=\"https:\/\/prein.fi\/wp-content\/uploads\/2023\/11\/optica-logo-1.jpg 322w, https:\/\/prein.fi\/wp-content\/uploads\/2023\/11\/optica-logo-1-300x95.jpg 300w\" sizes=\"(max-width: 322px) 100vw, 322px\" \/><\/a><\/figure>\n\n<\/div><\/div>","protected":false},"excerpt":{"rendered":"<p>Fotoniikan opiskelijaj\u00e4rjest\u00f6t Kaikissa PREIN partneriyliopistoissa on fotoniikan opiskelijoiden j\u00e4rjest\u00f6, samoin muissakin suomalaisissa yliopistoissa. Fotoniikan opiskelijoiden j\u00e4rjest\u00f6t, organisaatiot ja klubit ovat mukana my\u00f6s erilaisissa kansainv\u00e4lisiss\u00e4 j\u00e4rjest\u00f6iss\u00e4, kuten Society for Optics and Photonics SPIE, Optical Society, Optica ja European Optical Society EOS. Kansainv\u00e4lisiin opiskelijaj\u00e4rjest\u00f6ihin voit liitty\u00e4 kandina tai maisterina. Opiskelijoiden j\u00e4rjest\u00f6iss\u00e4 voit verkostoitua ja tutustua saman alan [&hellip;]<\/p>\n","protected":false},"author":4,"featured_media":0,"parent":4602,"menu_order":4,"comment_status":"closed","ping_status":"closed","template":"","meta":{"_acf_changed":false,"footnotes":""},"class_list":["post-4610","page","type-page","status-publish","hentry"],"acf":[],"aioseo_notices":[],"_links":{"self":[{"href":"https:\/\/prein.fi\/fi\/wp-json\/wp\/v2\/pages\/4610","targetHints":{"allow":["GET"]}}],"collection":[{"href":"https:\/\/prein.fi\/fi\/wp-json\/wp\/v2\/pages"}],"about":[{"href":"https:\/\/prein.fi\/fi\/wp-json\/wp\/v2\/types\/page"}],"author":[{"embeddable":true,"href":"https:\/\/prein.fi\/fi\/wp-json\/wp\/v2\/users\/4"}],"replies":[{"embeddable":true,"href":"https:\/\/prein.fi\/fi\/wp-json\/wp\/v2\/comments?post=4610"}],"version-history":[{"count":0,"href":"https:\/\/prein.fi\/fi\/wp-json\/wp\/v2\/pages\/4610\/revisions"}],"up":[{"embeddable":true,"href":"https:\/\/prein.fi\/fi\/wp-json\/wp\/v2\/pages\/4602"}],"wp:attachment":[{"href":"https:\/\/prein.fi\/fi\/wp-json\/wp\/v2\/media?parent=4610"}],"curies":[{"name":"wp","href":"https:\/\/api.w.org\/{rel}","templated":true}]}}