{"id":4612,"date":"2023-10-23T11:43:45","date_gmt":"2023-10-23T08:43:45","guid":{"rendered":"https:\/\/prein.fi\/?page_id=4612"},"modified":"2025-08-26T17:14:40","modified_gmt":"2025-08-26T14:14:40","slug":"fotoniikan-opiskelu","status":"publish","type":"page","link":"https:\/\/prein.fi\/fi\/opiskelu\/fotoniikan-opiskelu\/","title":{"rendered":"Fotoniikan opiskelu"},"content":{"rendered":"\n<div class=\"wp-block-columns is-layout-flex wp-container-core-columns-is-layout-9d6595d7 wp-block-columns-is-layout-flex\">\n<div class=\"wp-block-column is-layout-flow wp-block-column-is-layout-flow\">\n<h2 class=\"wp-block-heading\">Fotoniikan opiskelu PREIN-yhteisty\u00f6yliopistoissa<\/h2>\n\n\n\n<p>Kaikki fotoniikan lippulaivaan kuuluvat yliopistot tarjoavat ylemp\u00e4\u00e4n korkeakoulututkintoon ja tieteelliseen jatkotutkintoon johtavaa fotoniikan koulutusta. &nbsp;Tampereen yliopistossa, Aalto yliopistossa ja It\u00e4-Suomen yliopistossa voi suorittaa englanninkielisen maisterin\/diplomi-insin\u00f6\u00f6rin tutkinnon erikoistuen fotoniikkaan.<\/p>\n\n\n\n<p>Kaikilla n\u00e4ill\u00e4 yliopistoilla on my\u00f6s fotoniikan tohtorikoulutusta. Yliopistot toimivat yhteisty\u00f6ss\u00e4 koulutuksen toteuttamisessa sek\u00e4 kansallisesti ett\u00e4 kansainv\u00e4listen partnerien kanssa<em>.<\/em><\/p>\n<\/div>\n\n\n\n<div class=\"wp-block-column is-layout-flow wp-block-column-is-layout-flow\">\n<h2 class=\"wp-block-heading\">Erasmus Mundus -maisteriohjelmat<\/h2>\n\n\n\n<p>Fotoniikan lippulaivan koulutustarjontaan kytkeytyy jopa nelj\u00e4 Erasmus Mundus -yhteistutkinto-ohjelmaa.<\/p>\n\n\n\n<p>It\u00e4-Suomen yliopisto koordinoi yht\u00e4 Erasmus Mundus -maisteriohjelmaa ja on partnerina kahdessa muussa Erasmus Mundus -ohjelmassa, jotka kaikki liittyv\u00e4t fotoniikkaan ja sen sovelluksiin. Tampereen yliopisto on mukana fotoniikan alan Erasmus Mundus -yhteistutkinto-ohjelmassa.\u00a0<\/p>\n<\/div>\n<\/div>\n","protected":false},"excerpt":{"rendered":"<p>Fotoniikan opiskelu PREIN-yhteisty\u00f6yliopistoissa Kaikki fotoniikan lippulaivaan kuuluvat yliopistot tarjoavat ylemp\u00e4\u00e4n korkeakoulututkintoon ja tieteelliseen jatkotutkintoon johtavaa fotoniikan koulutusta. &nbsp;Tampereen yliopistossa, Aalto yliopistossa ja It\u00e4-Suomen yliopistossa voi suorittaa englanninkielisen maisterin\/diplomi-insin\u00f6\u00f6rin tutkinnon erikoistuen fotoniikkaan. Kaikilla n\u00e4ill\u00e4 yliopistoilla on my\u00f6s fotoniikan tohtorikoulutusta. Yliopistot toimivat yhteisty\u00f6ss\u00e4 koulutuksen toteuttamisessa sek\u00e4 kansallisesti ett\u00e4 kansainv\u00e4listen partnerien kanssa. Erasmus Mundus -maisteriohjelmat Fotoniikan lippulaivan koulutustarjontaan [&hellip;]<\/p>\n","protected":false},"author":4,"featured_media":0,"parent":4602,"menu_order":0,"comment_status":"closed","ping_status":"closed","template":"","meta":{"_acf_changed":false,"footnotes":""},"class_list":["post-4612","page","type-page","status-publish","hentry"],"acf":[],"aioseo_notices":[],"_links":{"self":[{"href":"https:\/\/prein.fi\/fi\/wp-json\/wp\/v2\/pages\/4612","targetHints":{"allow":["GET"]}}],"collection":[{"href":"https:\/\/prein.fi\/fi\/wp-json\/wp\/v2\/pages"}],"about":[{"href":"https:\/\/prein.fi\/fi\/wp-json\/wp\/v2\/types\/page"}],"author":[{"embeddable":true,"href":"https:\/\/prein.fi\/fi\/wp-json\/wp\/v2\/users\/4"}],"replies":[{"embeddable":true,"href":"https:\/\/prein.fi\/fi\/wp-json\/wp\/v2\/comments?post=4612"}],"version-history":[{"count":0,"href":"https:\/\/prein.fi\/fi\/wp-json\/wp\/v2\/pages\/4612\/revisions"}],"up":[{"embeddable":true,"href":"https:\/\/prein.fi\/fi\/wp-json\/wp\/v2\/pages\/4602"}],"wp:attachment":[{"href":"https:\/\/prein.fi\/fi\/wp-json\/wp\/v2\/media?parent=4612"}],"curies":[{"name":"wp","href":"https:\/\/api.w.org\/{rel}","templated":true}]}}