{"id":4626,"date":"2021-09-28T14:42:53","date_gmt":"2021-09-28T11:42:53","guid":{"rendered":"https:\/\/prein.fi\/?page_id=4626"},"modified":"2023-12-08T13:13:02","modified_gmt":"2023-12-08T11:13:02","slug":"uutta","status":"publish","type":"page","link":"https:\/\/prein.fi\/fi\/uutta\/","title":{"rendered":"Uutta"},"content":{"rendered":"\r\n\r\n<section class=\"hero site-banner banner-bg-image section-default default alignfull image\">\r\n\r\n    <div class=\"site-banner-bg section-bg-image ob-position\" style=\"object-position: 50% 39%\" >\r\n\r\n        <img decoding=\"async\" width=\"2400\" height=\"1602\" src=\"https:\/\/prein.fi\/wp-content\/uploads\/2023\/11\/opd2022-tp-44-1.jpg\" class=\"attachment-1536\u00d71536 size-1536\u00d71536\" alt=\"PREIN events\" srcset=\"https:\/\/prein.fi\/wp-content\/uploads\/2023\/11\/opd2022-tp-44-1.jpg 2400w, https:\/\/prein.fi\/wp-content\/uploads\/2023\/11\/opd2022-tp-44-1-300x200.jpg 300w, https:\/\/prein.fi\/wp-content\/uploads\/2023\/11\/opd2022-tp-44-1-1024x684.jpg 1024w, https:\/\/prein.fi\/wp-content\/uploads\/2023\/11\/opd2022-tp-44-1-768x513.jpg 768w, https:\/\/prein.fi\/wp-content\/uploads\/2023\/11\/opd2022-tp-44-1-1536x1025.jpg 1536w, https:\/\/prein.fi\/wp-content\/uploads\/2023\/11\/opd2022-tp-44-1-2048x1367.jpg 2048w\" sizes=\"(max-width: 2400px) 100vw, 2400px\" \/>\r\n        \r\n            <div class=\"site-banner-content container\">\r\n                <div class=\"row w-100\">\r\n                    <div class=\"col-md-12\">\r\n\r\n                        <h1 class=\"hero-title\">Uutta<\/h1><div class=\"inner-content\">\r\n                            <div class=\"acf-innerblocks-container\"><\/div>\r\n                        <\/div>                    <\/div>\r\n                <\/div>\r\n            <\/div>\r\n        \r\n        <\/div><\/section>\r\n\r\n    <div class=\"breadcrumbs alignfull\">\r\n        <div class=\"container\">\r\n            <a href=\"https:\/\/prein.fi\/fi\/\">Etusivu<\/a>        <\/div>\r\n    <\/div>\r\n\n\n\n<div class=\"wp-block-columns is-layout-flex wp-container-core-columns-is-layout-9d6595d7 wp-block-columns-is-layout-flex\">\n<div class=\"wp-block-column latest-news-col is-layout-flow wp-block-column-is-layout-flow\">\n<h2 class=\"wp-block-heading\">Viimeisimm\u00e4t uutiset<\/h2>\n\n\n\r\n<div class=\"latestposts-block \">\r\n    <div class=\"row gx-2\">\r\n\r\n                        <div class=\"col col-12 col-md-12 latestposts\">\r\n                    <div class=\"latestposts_content\">\r\n\r\n                        <h2>OpenAR2.0-lasien freeware-sivusto on nyt julkaistu tee-se-itse rakentamiseen \u00a0<\/h2>\r\n\r\n                                                    <a href=\"https:\/\/prein.fi\/fi\/openar2-0-lasien-freeware-sivusto-on-nyt-julkaistu-tee-se-itse-rakentamiseen\/\">\r\n                            \r\n                                                            <div class=\"latestposts_img\">\r\n\r\n                                    <img decoding=\"async\" width=\"2560\" height=\"1707\" src=\"https:\/\/prein.fi\/wp-content\/uploads\/2025\/06\/open-ar20-diy-glasses-scaled.jpg\" class=\"attachment-post-thumbnail size-post-thumbnail wp-post-image\" alt=\"Person wearing AR glasses.\" srcset=\"https:\/\/prein.fi\/wp-content\/uploads\/2025\/06\/open-ar20-diy-glasses-scaled.jpg 2560w, https:\/\/prein.fi\/wp-content\/uploads\/2025\/06\/open-ar20-diy-glasses-300x200.jpg 300w, https:\/\/prein.fi\/wp-content\/uploads\/2025\/06\/open-ar20-diy-glasses-1024x683.jpg 1024w, https:\/\/prein.fi\/wp-content\/uploads\/2025\/06\/open-ar20-diy-glasses-768x512.jpg 768w, https:\/\/prein.fi\/wp-content\/uploads\/2025\/06\/open-ar20-diy-glasses-1536x1024.jpg 1536w, https:\/\/prein.fi\/wp-content\/uploads\/2025\/06\/open-ar20-diy-glasses-2048x1365.jpg 2048w\" sizes=\"(max-width: 2560px) 100vw, 2560px\" \/>                                <\/div>\r\n                            \r\n\r\n                            \r\n                                                            <p class=\"latestposts_posted\"><svg xmlns=\"http:\/\/www.w3.org\/2000\/svg\" width=\"16\" height=\"16\" fill=\"currentColor\" class=\"bi bi-calendar3\" viewBox=\"0 0 16 16\">\r\n                                        <path d=\"M14 0H2a2 2 0 0 0-2 2v12a2 2 0 0 0 2 2h12a2 2 0 0 0 2-2V2a2 2 0 0 0-2-2zM1 3.857C1 3.384 1.448 3 2 3h12c.552 0 1 .384 1 .857v10.286c0 .473-.448.857-1 .857H2c-.552 0-1-.384-1-.857V3.857z\" \/>\r\n                                        <path d=\"M6.5 7a1 1 0 1 0 0-2 1 1 0 0 0 0 2zm3 0a1 1 0 1 0 0-2 1 1 0 0 0 0 2zm3 0a1 1 0 1 0 0-2 1 1 0 0 0 0 2zm-9 3a1 1 0 1 0 0-2 1 1 0 0 0 0 2zm3 0a1 1 0 1 0 0-2 1 1 0 0 0 0 2zm3 0a1 1 0 1 0 0-2 1 1 0 0 0 0 2zm3 0a1 1 0 1 0 0-2 1 1 0 0 0 0 2zm-9 3a1 1 0 1 0 0-2 1 1 0 0 0 0 2zm3 0a1 1 0 1 0 0-2 1 1 0 0 0 0 2zm3 0a1 1 0 1 0 0-2 1 1 0 0 0 0 2z\" \/>\r\n                                    <\/svg>5.6.2025<\/p>\r\n                            \r\n                            <p>Juuri julkaistu OpenAR2.0-lasien freeware-sivusto opastaa ilmaiseksi AR-lasien rakentamisen kotona, alusta loppuun saakka, reilun 30 euron hintaan. Sivusto kertoo my\u00f6s AR-lasien toimintaperiaatteista.\u00a0 Vuonna 2022 julkaistuihin OpenAR1.0-laseihin verrattuna OpenAR2.0-lasit ovat aiempaa k\u00e4ytt\u00e4j\u00e4yst\u00e4v\u00e4llisemm\u00e4t,&hellip;<\/p>                                                            <a href=\"https:\/\/prein.fi\/fi\/openar2-0-lasien-freeware-sivusto-on-nyt-julkaistu-tee-se-itse-rakentamiseen\/\" class=\"readmore\">Lue lis\u00e4\u00e4<\/a>\r\n                                                <\/div>\r\n                                            <\/a>\r\n                                    <\/div>\r\n            <\/div>\r\n<\/div>\n\n\n<div style=\"height:24px\" aria-hidden=\"true\" class=\"wp-block-spacer\"><\/div>\n\n\n\n<div class=\"wp-block-query is-layout-flow wp-block-query-is-layout-flow\"><ul class=\"wp-block-post-template is-layout-flow wp-block-post-template-is-layout-flow\"><li class=\"wp-block-post post-7520 post type-post status-publish format-standard has-post-thumbnail hentry category-uutinen tag-vaisala-2 tag-vuoden-fotoniikka-yritys\">\n<div class=\"wp-block-post-date\"><time datetime=\"2024-06-04T15:42:00+03:00\">4.6.2024<\/time><\/div>\n\n<h3 style=\"text-transform:uppercase;\" class=\"wp-block-post-title has-medium-font-size\"><a href=\"https:\/\/prein.fi\/fi\/vaisala-palkittiin-vuoden-fotoniikka-alan-yrityksena\/\" target=\"_self\" >Vaisala palkittiin Vuoden fotoniikka-alan yrityksen\u00e4<\/a><\/h3>\n\n\n<div class=\"wp-block-columns is-layout-flex wp-container-core-columns-is-layout-9d6595d7 wp-block-columns-is-layout-flex\">\n<div class=\"wp-block-column is-layout-flow wp-block-column-is-layout-flow\" style=\"flex-basis:33.33%\"><figure class=\"wp-block-post-featured-image\"><img decoding=\"async\" width=\"1536\" height=\"1024\" src=\"https:\/\/prein.fi\/wp-content\/uploads\/2024\/06\/vaisala-company-of-the-year-1-1536x1024-2.jpeg\" class=\"attachment-post-thumbnail size-post-thumbnail wp-post-image\" alt=\"\" style=\"object-fit:cover;\" srcset=\"https:\/\/prein.fi\/wp-content\/uploads\/2024\/06\/vaisala-company-of-the-year-1-1536x1024-2.jpeg 1536w, https:\/\/prein.fi\/wp-content\/uploads\/2024\/06\/vaisala-company-of-the-year-1-1536x1024-2-300x200.jpeg 300w, https:\/\/prein.fi\/wp-content\/uploads\/2024\/06\/vaisala-company-of-the-year-1-1536x1024-2-1024x683.jpeg 1024w, https:\/\/prein.fi\/wp-content\/uploads\/2024\/06\/vaisala-company-of-the-year-1-1536x1024-2-768x512.jpeg 768w\" sizes=\"(max-width: 1536px) 100vw, 1536px\" \/><\/figure><\/div>\n\n\n\n<div class=\"wp-block-column is-layout-flow wp-block-column-is-layout-flow\" style=\"flex-basis:66.66%\"><div class=\"wp-block-post-excerpt\"><p class=\"wp-block-post-excerpt__excerpt\">Photonics Finland palkitsi Vaisalan Vuoden fotoniikkayrityksen\u00e4 OPD2024-konferenssin illallisella Helsingiss\u00e4. Vaisala on maailman johtava mittauslaitteiden ja tiedon toimittaja. Vaisala tunnetaan innovatiivisista fotoniikkapohjaisista tuotteistaan, joihin kuuluu&hellip;<\/p><p class=\"wp-block-post-excerpt__more-text\"><a class=\"wp-block-post-excerpt__more-link\" href=\"https:\/\/prein.fi\/fi\/vaisala-palkittiin-vuoden-fotoniikka-alan-yrityksena\/\">Lue lis\u00e4\u00e4<\/a><\/p><\/div><\/div>\n<\/div>\n\n<\/li><li class=\"wp-block-post post-7219 post type-post status-publish format-standard has-post-thumbnail hentry category-uutinen\">\n<div class=\"wp-block-post-date\"><time datetime=\"2024-04-10T13:56:05+03:00\">10.4.2024<\/time><\/div>\n\n<h3 style=\"text-transform:uppercase;\" class=\"wp-block-post-title has-medium-font-size\"><a href=\"https:\/\/prein.fi\/fi\/valon-viikot-2024-joensuussa-ja-tampereella\/\" target=\"_self\" >Valon viikot 2024 Joensuussa ja Tampereella<\/a><\/h3>\n\n\n<div class=\"wp-block-columns is-layout-flex wp-container-core-columns-is-layout-9d6595d7 wp-block-columns-is-layout-flex\">\n<div class=\"wp-block-column is-layout-flow wp-block-column-is-layout-flow\" style=\"flex-basis:33.33%\"><figure class=\"wp-block-post-featured-image\"><img decoding=\"async\" width=\"900\" height=\"600\" src=\"https:\/\/prein.fi\/wp-content\/uploads\/2023\/11\/photonics-explorer-kit-021220-jr-900x600-1.jpg\" class=\"attachment-post-thumbnail size-post-thumbnail wp-post-image\" alt=\"Students studying with the PREIN Photonics explorer kit in a class room.\" style=\"object-fit:cover;\" srcset=\"https:\/\/prein.fi\/wp-content\/uploads\/2023\/11\/photonics-explorer-kit-021220-jr-900x600-1.jpg 900w, https:\/\/prein.fi\/wp-content\/uploads\/2023\/11\/photonics-explorer-kit-021220-jr-900x600-1-300x200.jpg 300w, https:\/\/prein.fi\/wp-content\/uploads\/2023\/11\/photonics-explorer-kit-021220-jr-900x600-1-768x512.jpg 768w\" sizes=\"(max-width: 900px) 100vw, 900px\" \/><\/figure><\/div>\n\n\n\n<div class=\"wp-block-column is-layout-flow wp-block-column-is-layout-flow\" style=\"flex-basis:66.66%\"><div class=\"wp-block-post-excerpt\"><p class=\"wp-block-post-excerpt__excerpt\">Haluamme yhdess\u00e4 juhlistaa Kansainv\u00e4list\u00e4 valon p\u00e4iv\u00e4\u00e4 (International Day of Light), jota vietet\u00e4\u00e4n vuosittain toukokuun kuudestoista p\u00e4iv\u00e4 tarjoamalla lapsille valoon ja valon tutkimukseen liittyvi\u00e4 tiedety\u00f6pajoja.&hellip;<\/p><p class=\"wp-block-post-excerpt__more-text\"><a class=\"wp-block-post-excerpt__more-link\" href=\"https:\/\/prein.fi\/fi\/valon-viikot-2024-joensuussa-ja-tampereella\/\">Lue lis\u00e4\u00e4<\/a><\/p><\/div><\/div>\n<\/div>\n\n<\/li><li class=\"wp-block-post post-6984 post type-post status-publish format-standard has-post-thumbnail hentry category-uutinen tag-finnlight-2 tag-fotoniikan-infrastruktuuri tag-ita-suomen-yliopisto tag-tampere-yliopisto tag-vtt-2\">\n<div class=\"wp-block-post-date\"><time datetime=\"2024-02-01T18:38:02+02:00\">1.2.2024<\/time><\/div>\n\n<h3 style=\"text-transform:uppercase;\" class=\"wp-block-post-title has-medium-font-size\"><a href=\"https:\/\/prein.fi\/fi\/suomen-akatemialta-rahoitusta-fotoniikan-tutkimusinfrastruktuurille-finnlight-iolle\/\" target=\"_self\" >Suomen Akatemialta rahoitusta fotoniikan tutkimusinfrastruktuurille FinnLight-IO:lle<\/a><\/h3>\n\n\n<div class=\"wp-block-columns is-layout-flex wp-container-core-columns-is-layout-9d6595d7 wp-block-columns-is-layout-flex\">\n<div class=\"wp-block-column is-layout-flow wp-block-column-is-layout-flow\" style=\"flex-basis:33.33%\"><figure class=\"wp-block-post-featured-image\"><img decoding=\"async\" width=\"1920\" height=\"1280\" src=\"https:\/\/prein.fi\/wp-content\/uploads\/2023\/11\/fotoniikka-080222-jr-057.jpg\" class=\"attachment-post-thumbnail size-post-thumbnail wp-post-image\" alt=\"Fotoniikkatutkija laboratoriossa tekem\u00e4ss\u00e4 tutkimusta.\" style=\"object-fit:cover;\" srcset=\"https:\/\/prein.fi\/wp-content\/uploads\/2023\/11\/fotoniikka-080222-jr-057.jpg 1920w, https:\/\/prein.fi\/wp-content\/uploads\/2023\/11\/fotoniikka-080222-jr-057-300x200.jpg 300w, https:\/\/prein.fi\/wp-content\/uploads\/2023\/11\/fotoniikka-080222-jr-057-1024x683.jpg 1024w, https:\/\/prein.fi\/wp-content\/uploads\/2023\/11\/fotoniikka-080222-jr-057-768x512.jpg 768w, https:\/\/prein.fi\/wp-content\/uploads\/2023\/11\/fotoniikka-080222-jr-057-1536x1024.jpg 1536w\" sizes=\"(max-width: 1920px) 100vw, 1920px\" \/><\/figure><\/div>\n\n\n\n<div class=\"wp-block-column is-layout-flow wp-block-column-is-layout-flow\" style=\"flex-basis:66.66%\"><div class=\"wp-block-post-excerpt\"><p class=\"wp-block-post-excerpt__excerpt\">Suomen Akatemian Tutkimusinfrastruktuurikomitea on my\u00f6nt\u00e4nyt yli 22 miljoonaa euroa rahoitusta 11 infrastruktuurihankkeelle. Tampereen yliopisto johtaa kolmea rahoitettua konsortiota, ja Tampereen yliopiston osahanke on mukana&hellip;<\/p><p class=\"wp-block-post-excerpt__more-text\"><a class=\"wp-block-post-excerpt__more-link\" href=\"https:\/\/prein.fi\/fi\/suomen-akatemialta-rahoitusta-fotoniikan-tutkimusinfrastruktuurille-finnlight-iolle\/\">Lue lis\u00e4\u00e4<\/a><\/p><\/div><\/div>\n<\/div>\n\n<\/li><\/ul><\/div>\n\n\n\n<div class=\"wp-block-buttons is-layout-flex wp-block-buttons-is-layout-flex\">\n<div class=\"wp-block-button\"><a class=\"wp-block-button__link wp-element-button\" href=\"https:\/\/prein.fi\/fi\/uutta\/news\/\">Kaikki uutiset<\/a><\/div>\n<\/div>\n<\/div>\n\n\n\n<div class=\"wp-block-column upcoming-events-col is-layout-flow wp-block-column-is-layout-flow\">\n<h2 class=\"wp-block-heading\">Tulevat tapahtumat<\/h2>\n\n\n\r\n<div class=\"latestposts-block \">\r\n    <div class=\"row gx-2\">\r\n\r\n            <\/div>\r\n<\/div>\n\n\n<div class=\"wp-block-buttons is-layout-flex wp-block-buttons-is-layout-flex\">\n<div class=\"wp-block-button\"><a class=\"wp-block-button__link wp-element-button\" href=\"https:\/\/prein.fi\/fi\/tapahtumat\/\">Kaikki tapahtumat<\/a><\/div>\n<\/div>\n<\/div>\n<\/div>\n","protected":false},"excerpt":{"rendered":"<p>Viimeisimm\u00e4t uutiset Tulevat tapahtumat<\/p>\n","protected":false},"author":1,"featured_media":0,"parent":0,"menu_order":3,"comment_status":"closed","ping_status":"closed","template":"","meta":{"_acf_changed":false,"footnotes":""},"class_list":["post-4626","page","type-page","status-publish","hentry"],"acf":[],"aioseo_notices":[],"_links":{"self":[{"href":"https:\/\/prein.fi\/fi\/wp-json\/wp\/v2\/pages\/4626","targetHints":{"allow":["GET"]}}],"collection":[{"href":"https:\/\/prein.fi\/fi\/wp-json\/wp\/v2\/pages"}],"about":[{"href":"https:\/\/prein.fi\/fi\/wp-json\/wp\/v2\/types\/page"}],"author":[{"embeddable":true,"href":"https:\/\/prein.fi\/fi\/wp-json\/wp\/v2\/users\/1"}],"replies":[{"embeddable":true,"href":"https:\/\/prein.fi\/fi\/wp-json\/wp\/v2\/comments?post=4626"}],"version-history":[{"count":0,"href":"https:\/\/prein.fi\/fi\/wp-json\/wp\/v2\/pages\/4626\/revisions"}],"wp:attachment":[{"href":"https:\/\/prein.fi\/fi\/wp-json\/wp\/v2\/media?parent=4626"}],"curies":[{"name":"wp","href":"https:\/\/api.w.org\/{rel}","templated":true}]}}