{"id":4630,"date":"2021-10-15T09:22:11","date_gmt":"2021-10-15T06:22:11","guid":{"rendered":"https:\/\/prein.fi\/?page_id=4630"},"modified":"2025-08-26T17:08:51","modified_gmt":"2025-08-26T14:08:51","slug":"tutkimus","status":"publish","type":"page","link":"https:\/\/prein.fi\/fi\/tutkimus\/","title":{"rendered":"Tutkimus"},"content":{"rendered":"\r\n\r\n<section class=\"hero site-banner banner-bg-image section-default default alignfull image\">\r\n\r\n    <div class=\"site-banner-bg section-bg-image \" >\r\n\r\n        <img decoding=\"async\" width=\"2560\" height=\"1707\" src=\"https:\/\/prein.fi\/wp-content\/uploads\/2023\/11\/fotoniikka-080222-jr-072-2-scaled.jpg\" class=\"attachment-1536\u00d71536 size-1536\u00d71536\" alt=\"Advanced Photonic Components (WP3).\" srcset=\"https:\/\/prein.fi\/wp-content\/uploads\/2023\/11\/fotoniikka-080222-jr-072-2-scaled.jpg 2560w, https:\/\/prein.fi\/wp-content\/uploads\/2023\/11\/fotoniikka-080222-jr-072-2-300x200.jpg 300w, https:\/\/prein.fi\/wp-content\/uploads\/2023\/11\/fotoniikka-080222-jr-072-2-1024x683.jpg 1024w, https:\/\/prein.fi\/wp-content\/uploads\/2023\/11\/fotoniikka-080222-jr-072-2-768x512.jpg 768w, https:\/\/prein.fi\/wp-content\/uploads\/2023\/11\/fotoniikka-080222-jr-072-2-1536x1024.jpg 1536w, https:\/\/prein.fi\/wp-content\/uploads\/2023\/11\/fotoniikka-080222-jr-072-2-2048x1365.jpg 2048w\" sizes=\"(max-width: 2560px) 100vw, 2560px\" \/>\r\n        \r\n            <div class=\"site-banner-content container\">\r\n                <div class=\"row w-100\">\r\n                    <div class=\"col-md-12\">\r\n\r\n                        <h1 class=\"hero-title\">Tutkimus<\/h1><div class=\"inner-content\">\r\n                            <div class=\"acf-innerblocks-container\"><\/div>\r\n                        <\/div>                    <\/div>\r\n                <\/div>\r\n            <\/div>\r\n        \r\n        <\/div><\/section>\r\n\r\n    <div class=\"breadcrumbs alignfull\">\r\n        <div class=\"container\">\r\n            <a href=\"https:\/\/prein.fi\/fi\/\">Etusivu<\/a>        <\/div>\r\n    <\/div>\r\n\n\n\n<h1 class=\"wp-block-heading\">FOTONIIKAN TUTKIMUS<\/h1>\n\n\n\n<p>Fotoniikan tutkimuksen ja innovaatioiden lippulaiva (PREIN) kehitt\u00e4\u00e4 valopohjaisia teknologioita biotieteen, energiatuotannon, tietoliikenteen ja ymp\u00e4rist\u00f6n seurannan sovelluksiin. Sen eri kumppaneilla on toisiaan t\u00e4ydent\u00e4v\u00e4\u00e4 asiantuntemusta ja tutkimusosaamista nanomateriaalien ja optisten komponenttien suunnittelusta ja valmistuksesta r\u00e4\u00e4t\u00e4l\u00f6ityjen edistyneiden valonl\u00e4hteiden kehitt\u00e4miseen ja instrumenttien kehitt\u00e4miseen ja j\u00e4rjestelm\u00e4integraatioihin.<\/p>\n\n\n\n<p>PREIN lippulaivan osaaminen kattaa mallintamisen, suunnittelun, valmistuksen, integroinnin, karakterisoinnin sek\u00e4 lis\u00e4ksi lippulaivalla on huipputason infrastruktuurit tutkimustavoitteiden saavuttamiseksi. Lippulaivan tutkimus ulottuu perustutkimuksesta sovelluksiin ja innovaatioiden kaupallistamiseen. Tutkimuksen painopistealueet ovat fotoniikan tutkimuksen l\u00e4pileikkaavia teemoja, joissa yhdistyy kaikkien PREIN-kumppaniorganisaatioiden asiantuntemus.<\/p>\n\n\n<div class=\"image-and-text wp-block has-media-on-the-left\">\r\n<div class=\"row\">\r\n    <div class=\"col-12 col-md-6 image-col\" style=\"aspect-ratio:; object-position: 50% %;\" >\r\n\r\n        <img decoding=\"async\" width=\"540\" height=\"415\" src=\"https:\/\/prein.fi\/wp-content\/uploads\/2023\/11\/mi-field-fixed-light-field-control-1.jpg\" class=\"attachment-large size-large\" alt=\"Light field control PREIN\" srcset=\"https:\/\/prein.fi\/wp-content\/uploads\/2023\/11\/mi-field-fixed-light-field-control-1.jpg 540w, https:\/\/prein.fi\/wp-content\/uploads\/2023\/11\/mi-field-fixed-light-field-control-1-300x231.jpg 300w\" sizes=\"(max-width: 540px) 100vw, 540px\" \/>    <\/div>\r\n\r\n    <div class=\"col-12 col-md-6 text-col\"><div class=\"acf-innerblocks-container\">\n\n<h3 class=\"wp-block-heading\">Valokent\u00e4n ohjaus<\/h3>\n\n\n\n<p>Monet fotoniikan edistysaskeleet syntyv\u00e4t uusista perusratkaisuista valokenttien tuottamiseksi ja niiden ominaisuuksien manipuloimiseksi.<\/p>\n\n\n\n<p>Valokent\u00e4n ohjauksen tutkimuksen painopistealue tarjoaa uusia l\u00e4hestymistapoja optisten kenttien keskeisten ominaisuuksien kuten polarisaation, koherenssin, spektrin ja lokalisoinnin ohjaamiseen. Valokentt\u00e4ohjauksella on v\u00e4litt\u00f6mi\u00e4 sovelluksia erilaisissa fotoniikan materiaaleissa ja rakenteissa sek\u00e4 integroiduissa ratkaisuissa ja kvanttitilojen manipulaatiossa ja kvanttiteknologioissa. Keskeisi\u00e4 uusia tutkimuksen kohteita ovat polarisaation hallinta fotonisissa integroiduissa piireiss\u00e4 (PIC), valon ja aineen v\u00e4lisen vuorovaikutusten optimointi ja hallitseminen teko\u00e4lyn avulla sek\u00e4 komponenttien suunnittelu.<\/p>\n\n\n\n<p><\/p>\n\n\n\n<div class=\"wp-block-button\"><a class=\"wp-block-button__link wp-element-button\">Lue lis\u00e4\u00e4<\/a><\/div>\n\n<\/div>\r\n<\/div>\r\n<\/div>\r\n<\/div>\n\n<div class=\"image-and-text wp-block has-media-on-the-right\">\r\n<div class=\"row\">\r\n    <div class=\"col-12 col-md-6 image-col\" style=\"aspect-ratio:; object-position: 50% %;\" >\r\n\r\n        <img decoding=\"async\" width=\"800\" height=\"551\" src=\"https:\/\/prein.fi\/wp-content\/uploads\/2023\/11\/prein-nanostructures-1024x705.jpg\" class=\"attachment-large size-large\" alt=\"Nanostructures.\" srcset=\"https:\/\/prein.fi\/wp-content\/uploads\/2023\/11\/prein-nanostructures-1024x705.jpg 1024w, https:\/\/prein.fi\/wp-content\/uploads\/2023\/11\/prein-nanostructures-300x207.jpg 300w, https:\/\/prein.fi\/wp-content\/uploads\/2023\/11\/prein-nanostructures-768x529.jpg 768w, https:\/\/prein.fi\/wp-content\/uploads\/2023\/11\/prein-nanostructures-1536x1058.jpg 1536w, https:\/\/prein.fi\/wp-content\/uploads\/2023\/11\/prein-nanostructures.jpg 1600w\" sizes=\"(max-width: 800px) 100vw, 800px\" \/>    <\/div>\r\n\r\n    <div class=\"col-12 col-md-6 text-col\"><div class=\"acf-innerblocks-container\">\n\n<h3 class=\"wp-block-heading\">Materiaalit ja rakenteet<\/h3>\n\n\n\n<p>Uusien materiaalien ja rakenteiden kehitt\u00e4minen on valoon perustuvien teknologioiden kannalta ensiarvoisen t\u00e4rke\u00e4\u00e4. Materiaalien ja rakenteiden tutkiminen ja kehitt\u00e4minen liittyy valokent\u00e4n ohjauksen perustutkimukseen ja kvanttiteknologioissa kehitettyihin ja sovellettaviin integroituihin komponentteihin ja laitteisiin.<br><br>Aikaisemman tutkimuksen perusteella t\u00e4h\u00e4n tutkimusalueeseen on lis\u00e4tty uusia teemoja kuten 2D, perovskiitti sek\u00e4 muunnosmateriaalit. Tutkimuksen kohteena ovat my\u00f6s uudet rakenteet, kuten metapinnat, joissa on parannettu lineaarista ja ep\u00e4lineaarista optista vastetta tunnistus- ja kuvantamistarkoituksia varten, keinotekoiset atomit ja molekyylit (jotka koostuvat esimerkiksi kullan nanoklustereista, timanttien tyhji\u00f6keskuksista tai yksitt\u00e4isist\u00e4 poikkeuksista 2D-materiaaleissa). Tutkimusta tehd\u00e4\u00e4n my\u00f6s hybridimateriaaleista integroituja aurinkokennoja varten. Kehittyneiden hybridimateriaalien ja uusien rakenteiden yhdist\u00e4minen tarjoaa uusia ratkaisuja energiatehokkaisiin, kompakteihin ja edullisiin aurinkopaneeli sovelluksiin.<\/p>\n\n\n\n<div class=\"wp-block-button\"><a class=\"wp-block-button__link wp-element-button\">Lue lis\u00e4\u00e4<\/a><\/div>\n\n<\/div>\r\n<\/div>\r\n<\/div>\r\n<\/div>\n\n<div class=\"image-and-text wp-block has-media-on-the-left\">\r\n<div class=\"row\">\r\n    <div class=\"col-12 col-md-6 image-col\" style=\"aspect-ratio:; object-position: 50% %;\" >\r\n\r\n        <img decoding=\"async\" width=\"800\" height=\"583\" src=\"https:\/\/prein.fi\/wp-content\/uploads\/2023\/11\/prein-advanced-light-sources-1024x746.jpg\" class=\"attachment-large size-large\" alt=\"Advanced light sources.\" srcset=\"https:\/\/prein.fi\/wp-content\/uploads\/2023\/11\/prein-advanced-light-sources-1024x746.jpg 1024w, https:\/\/prein.fi\/wp-content\/uploads\/2023\/11\/prein-advanced-light-sources-300x219.jpg 300w, https:\/\/prein.fi\/wp-content\/uploads\/2023\/11\/prein-advanced-light-sources-768x560.jpg 768w, https:\/\/prein.fi\/wp-content\/uploads\/2023\/11\/prein-advanced-light-sources-1536x1119.jpg 1536w, https:\/\/prein.fi\/wp-content\/uploads\/2023\/11\/prein-advanced-light-sources.jpg 1600w\" sizes=\"(max-width: 800px) 100vw, 800px\" \/>    <\/div>\r\n\r\n    <div class=\"col-12 col-md-6 text-col\"><div class=\"acf-innerblocks-container\">\n\n<h3 class=\"wp-block-heading\">Aktiiviset fotonikomponentit<\/h3>\n\n\n\n<p>T\u00e4m\u00e4 tutkimuksen painopistealue on laajennus vuosien 2019-2021 tutkimusalueeseen &#8221;Kehittyneet laserl\u00e4hteet.\u201d<\/p>\n\n\n\n<p><\/p>\n\n\n\n<p>Aktiivisten fotoniikan komponenttien tutkimus on materiaali- ja rakennetieteen tutkimusalueen ja soveltavan tutkimuksen ja kvanttiteknologian sovelluskohteiden rajapinnassa. Projektin ensimm\u00e4isess\u00e4 vaiheessa tutkimus oli ensisijaisesti suunnattu uusien valonl\u00e4hteiden kehitt\u00e4miseen anturi- ja LIDAR-sovelluksiin. Seuraavassa vaiheessa tutkimus laajenee uusiin fotonikomponentteihin, jotka on alun perin kehitetty valokent\u00e4n ohjauksen sek\u00e4 materiaalien ja rakenteiden tutkimuksessa ja jotka ovat nyt valmiita siirtym\u00e4\u00e4n konkreettisiin sovelluksiin. Erityisesti kehitetyt PIC-tekniikat mahdollistavat useampien sovelluksia. N\u00e4m\u00e4 tutkimuksen painopistealueet tukevat my\u00f6s uusia kvanttiteknologioita kryogeenisten optoelektronisten komponenttien tutkimuksen kautta.<\/p>\n\n\n\n<div class=\"wp-block-button\"><a class=\"wp-block-button__link wp-element-button\">Lue lis\u00e4\u00e4<\/a><\/div>\n\n<\/div>\r\n<\/div>\r\n<\/div>\r\n<\/div>\n\n<div class=\"image-and-text wp-block has-media-on-the-right\">\r\n<div class=\"row\">\r\n    <div class=\"col-12 col-md-6 image-col\" style=\"aspect-ratio:; object-position: 50% %;\" >\r\n\r\n        <img decoding=\"async\" width=\"800\" height=\"534\" src=\"https:\/\/prein.fi\/wp-content\/uploads\/2023\/11\/prein-applied-technologies-1024x683.jpg\" class=\"attachment-large size-large\" alt=\"Prein applied tehcnologies. Researchers working in a test laboratory,\" srcset=\"https:\/\/prein.fi\/wp-content\/uploads\/2023\/11\/prein-applied-technologies-1024x683.jpg 1024w, https:\/\/prein.fi\/wp-content\/uploads\/2023\/11\/prein-applied-technologies-300x200.jpg 300w, https:\/\/prein.fi\/wp-content\/uploads\/2023\/11\/prein-applied-technologies-768x512.jpg 768w, https:\/\/prein.fi\/wp-content\/uploads\/2023\/11\/prein-applied-technologies-1536x1024.jpg 1536w, https:\/\/prein.fi\/wp-content\/uploads\/2023\/11\/prein-applied-technologies.jpg 1600w\" sizes=\"(max-width: 800px) 100vw, 800px\" \/>    <\/div>\r\n\r\n    <div class=\"col-12 col-md-6 text-col\"><div class=\"acf-innerblocks-container\">\n\n<h3 class=\"wp-block-heading\">Soveltava tutkimus<\/h3>\n\n\n\n<p>Fotoniikan sovellusten kehitt\u00e4miseksi on m\u00e4\u00e4ritelty oma tutkimuksen painopistealue jossa keskityt\u00e4\u00e4n erityisesti kolmeen sovellusalueeseen sek\u00e4 tieteellisten tulosten k\u00e4yt\u00e4nt\u00f6\u00f6n siirt\u00e4miseen. Keskeist\u00e4 on yhdist\u00e4\u00e4 perustutkimus konkreettisiin sovelluksiin ja olla tiiviiss\u00e4 vuorovaikutuksessa kaikkien muiden tutkimuksen painopistealueiden kanssa.<\/p>\n\n\n\n<p>Soveltava tutkimus hy\u00f6dynt\u00e4\u00e4 perustutkimuksen tuloksia ja vie niit\u00e4 eteenp\u00e4in sovellusten jatkokehitykseen ja tuottaa siten my\u00f6s yhteiskunnallista vaikuttavuutta. Lippulaivaohjelman alkuvaiheessa m\u00e4\u00e4riteltiin tutkimusk\u00e4rjiksi kannettavat, kertak\u00e4ytt\u00f6iset anturit, LIDAR-teknologia ja \u00e4lykk\u00e4\u00e4t aurinkos\u00e4hk\u00f6moduulit. Toisella lippulaivakaudella sovelluksia laajennetaan kattamaan laajemmin ymp\u00e4rist\u00f6n tutkimuksen, l\u00e4\u00e4ketieteen ja kaukokartoituksen sek\u00e4 aurinkoenergian alat.<\/p>\n\n\n\n<div class=\"wp-block-button\"><a class=\"wp-block-button__link wp-element-button\">Lue lis\u00e4\u00e4<\/a><\/div>\n\n<\/div>\r\n<\/div>\r\n<\/div>\r\n<\/div>","protected":false},"excerpt":{"rendered":"<p>FOTONIIKAN TUTKIMUS Fotoniikan tutkimuksen ja innovaatioiden lippulaiva (PREIN) kehitt\u00e4\u00e4 valopohjaisia teknologioita biotieteen, energiatuotannon, tietoliikenteen ja ymp\u00e4rist\u00f6n seurannan sovelluksiin. Sen eri kumppaneilla on toisiaan t\u00e4ydent\u00e4v\u00e4\u00e4 asiantuntemusta ja tutkimusosaamista nanomateriaalien ja optisten komponenttien suunnittelusta ja valmistuksesta r\u00e4\u00e4t\u00e4l\u00f6ityjen edistyneiden valonl\u00e4hteiden kehitt\u00e4miseen ja instrumenttien kehitt\u00e4miseen ja j\u00e4rjestelm\u00e4integraatioihin. PREIN lippulaivan osaaminen kattaa mallintamisen, suunnittelun, valmistuksen, integroinnin, karakterisoinnin sek\u00e4 lis\u00e4ksi lippulaivalla [&hellip;]<\/p>\n","protected":false},"author":4,"featured_media":0,"parent":0,"menu_order":4,"comment_status":"closed","ping_status":"closed","template":"","meta":{"_acf_changed":false,"footnotes":""},"class_list":["post-4630","page","type-page","status-publish","hentry"],"acf":[],"aioseo_notices":[],"_links":{"self":[{"href":"https:\/\/prein.fi\/fi\/wp-json\/wp\/v2\/pages\/4630","targetHints":{"allow":["GET"]}}],"collection":[{"href":"https:\/\/prein.fi\/fi\/wp-json\/wp\/v2\/pages"}],"about":[{"href":"https:\/\/prein.fi\/fi\/wp-json\/wp\/v2\/types\/page"}],"author":[{"embeddable":true,"href":"https:\/\/prein.fi\/fi\/wp-json\/wp\/v2\/users\/4"}],"replies":[{"embeddable":true,"href":"https:\/\/prein.fi\/fi\/wp-json\/wp\/v2\/comments?post=4630"}],"version-history":[{"count":0,"href":"https:\/\/prein.fi\/fi\/wp-json\/wp\/v2\/pages\/4630\/revisions"}],"wp:attachment":[{"href":"https:\/\/prein.fi\/fi\/wp-json\/wp\/v2\/media?parent=4630"}],"curies":[{"name":"wp","href":"https:\/\/api.w.org\/{rel}","templated":true}]}}