{"id":4633,"date":"2023-10-04T15:46:23","date_gmt":"2023-10-04T12:46:23","guid":{"rendered":"https:\/\/prein.fi\/?page_id=4633"},"modified":"2025-08-26T16:21:18","modified_gmt":"2025-08-26T13:21:18","slug":"valokentan-ohjaus","status":"publish","type":"page","link":"https:\/\/prein.fi\/fi\/tutkimus\/valokentan-ohjaus\/","title":{"rendered":"Valokent\u00e4n ohjaus (WP1)"},"content":{"rendered":"\n<h1 class=\"wp-block-heading\">VALOKENT\u00c4N OHJAUS<\/h1>\n\n\n\n<p>Monet fotoniikan edistysaskeleet syntyv\u00e4t uusista perusratkaisuista valokenttien tuottamiseksi ja niiden ominaisuuksien manipuloimiseksi. Valokent\u00e4n ohjauksen tutkimus tarjoaa uusia l\u00e4hestymistapoja optisten kenttien t\u00e4rkeimpien ominaisuuksien kuten tila- ja aikaprofiilien, polarisaation, koherenssin ja spektrin hallintaan. Aihepiiri pohjautuu useisiin optiikan ja fotoniikan osa-alueisiin mukaan lukien s\u00e4hk\u00f6magneettinen optiikka, nano-optiikka, optiset metamateriaalit, ep\u00e4lineaarinen optiikka ja ultranopea optiikka. Tutkimusalue my\u00f6t\u00e4vaikuttaa sek\u00e4 klassisten ett\u00e4 kvanttioptisten teknologioiden kehitykseen, luoden merkitt\u00e4vi\u00e4 sovellusmahdollisuuksia liittyen optiseen tunnistamiseen ja kuvantamiseen, viestint\u00e4\u00e4n sek\u00e4 tietojenk\u00e4sittelyyn.<\/p>\n\n\n\n<p><strong>Valokent\u00e4n ohjaus -ryhm\u00e4n yhteyshenkil\u00f6t partneriorganisaatioissa:<\/strong><\/p>\n\n\n\n<p>Andriy Shevchenko \/ Aalto<br>Marco Ornigotti \/ TAU<br>Dura Shahwar\/ VTT<br>Tero Set\u00e4l\u00e4&nbsp;\/ UEF<\/p>\n\n\n\n<figure class=\"wp-block-gallery has-nested-images columns-default is-cropped wp-block-gallery-1 is-layout-flex wp-block-gallery-is-layout-flex\">\n<figure class=\"wp-block-image size-large\"><a href=\"https:\/\/prein.fi\/wp-content\/uploads\/2024\/01\/light-sources-light-field-control-scaled.jpg\"><img decoding=\"async\" width=\"1024\" height=\"468\" data-id=\"6903\" src=\"https:\/\/prein.fi\/wp-content\/uploads\/2024\/01\/light-sources-light-field-control-1024x468.jpg\" alt=\"\" class=\"wp-image-6903\" srcset=\"https:\/\/prein.fi\/wp-content\/uploads\/2024\/01\/light-sources-light-field-control-1024x468.jpg 1024w, https:\/\/prein.fi\/wp-content\/uploads\/2024\/01\/light-sources-light-field-control-300x137.jpg 300w, https:\/\/prein.fi\/wp-content\/uploads\/2024\/01\/light-sources-light-field-control-768x351.jpg 768w, https:\/\/prein.fi\/wp-content\/uploads\/2024\/01\/light-sources-light-field-control-1536x701.jpg 1536w, https:\/\/prein.fi\/wp-content\/uploads\/2024\/01\/light-sources-light-field-control-2048x935.jpg 2048w\" sizes=\"(max-width: 1024px) 100vw, 1024px\" \/><\/a><\/figure>\n\n\n\n<figure class=\"wp-block-image size-large\"><a href=\"https:\/\/prein.fi\/wp-content\/uploads\/2023\/11\/mi-field-fixed-light-field-control-1.jpg\"><img decoding=\"async\" width=\"540\" height=\"415\" data-id=\"5595\" src=\"https:\/\/prein.fi\/wp-content\/uploads\/2023\/11\/mi-field-fixed-light-field-control-1.jpg\" alt=\"\" class=\"wp-image-5595\" srcset=\"https:\/\/prein.fi\/wp-content\/uploads\/2023\/11\/mi-field-fixed-light-field-control-1.jpg 540w, https:\/\/prein.fi\/wp-content\/uploads\/2023\/11\/mi-field-fixed-light-field-control-1-300x231.jpg 300w\" sizes=\"(max-width: 540px) 100vw, 540px\" \/><\/a><\/figure>\n<\/figure>\n","protected":false},"excerpt":{"rendered":"<p>VALOKENT\u00c4N OHJAUS Monet fotoniikan edistysaskeleet syntyv\u00e4t uusista perusratkaisuista valokenttien tuottamiseksi ja niiden ominaisuuksien manipuloimiseksi. Valokent\u00e4n ohjauksen tutkimus tarjoaa uusia l\u00e4hestymistapoja optisten kenttien t\u00e4rkeimpien ominaisuuksien kuten tila- ja aikaprofiilien, polarisaation, koherenssin ja spektrin hallintaan. Aihepiiri pohjautuu useisiin optiikan ja fotoniikan osa-alueisiin mukaan lukien s\u00e4hk\u00f6magneettinen optiikka, nano-optiikka, optiset metamateriaalit, ep\u00e4lineaarinen optiikka ja ultranopea optiikka. Tutkimusalue my\u00f6t\u00e4vaikuttaa sek\u00e4 [&hellip;]<\/p>\n","protected":false},"author":4,"featured_media":5209,"parent":4630,"menu_order":1,"comment_status":"closed","ping_status":"closed","template":"","meta":{"_acf_changed":false,"footnotes":""},"class_list":["post-4633","page","type-page","status-publish","has-post-thumbnail","hentry"],"acf":[],"aioseo_notices":[],"_links":{"self":[{"href":"https:\/\/prein.fi\/fi\/wp-json\/wp\/v2\/pages\/4633","targetHints":{"allow":["GET"]}}],"collection":[{"href":"https:\/\/prein.fi\/fi\/wp-json\/wp\/v2\/pages"}],"about":[{"href":"https:\/\/prein.fi\/fi\/wp-json\/wp\/v2\/types\/page"}],"author":[{"embeddable":true,"href":"https:\/\/prein.fi\/fi\/wp-json\/wp\/v2\/users\/4"}],"replies":[{"embeddable":true,"href":"https:\/\/prein.fi\/fi\/wp-json\/wp\/v2\/comments?post=4633"}],"version-history":[{"count":0,"href":"https:\/\/prein.fi\/fi\/wp-json\/wp\/v2\/pages\/4633\/revisions"}],"up":[{"embeddable":true,"href":"https:\/\/prein.fi\/fi\/wp-json\/wp\/v2\/pages\/4630"}],"wp:featuredmedia":[{"embeddable":true,"href":"https:\/\/prein.fi\/fi\/wp-json\/wp\/v2\/media\/5209"}],"wp:attachment":[{"href":"https:\/\/prein.fi\/fi\/wp-json\/wp\/v2\/media?parent=4633"}],"curies":[{"name":"wp","href":"https:\/\/api.w.org\/{rel}","templated":true}]}}