{"id":4635,"date":"2023-10-04T15:46:42","date_gmt":"2023-10-04T12:46:42","guid":{"rendered":"https:\/\/prein.fi\/?page_id=4635"},"modified":"2025-08-26T15:41:38","modified_gmt":"2025-08-26T12:41:38","slug":"materiaalit-ja-rakenteet","status":"publish","type":"page","link":"https:\/\/prein.fi\/fi\/tutkimus\/materiaalit-ja-rakenteet\/","title":{"rendered":"Materiaalit ja rakenteet (WP2)"},"content":{"rendered":"\n<p>Uusien materiaalien ja rakenteiden kehitt\u00e4minen on valoon perustuvien teknologioiden kannalta ensiarvoisen t\u00e4rke\u00e4\u00e4. Materiaalien ja rakenteiden tutkiminen ja kehitt\u00e4minen liittyy valokent\u00e4n ohjauksen perustutkimukseen ja kvanttiteknologioissa kehitettyihin ja sovellettaviin integroituihin komponentteihin ja laitteisiin. Aikaisemman tutkimuksen perusteella t\u00e4h\u00e4n tutkimusalueeseen on lis\u00e4tty uusia teemoja kuten 2D, perovskiitti sek\u00e4 muunnosmateriaalit. Tutkimuksen kohteena ovat my\u00f6s uudet rakenteet, kuten metapinnat, joissa on parannettu lineaarista ja ep\u00e4lineaarista optista vastetta tunnistus- ja kuvantamistarkoituksia varten, keinotekoiset atomit ja molekyylit (jotka koostuvat esimerkiksi kullan nanoklustereista, timanttien tyhji\u00f6keskuksista tai yksitt\u00e4isist\u00e4 poikkeuksista 2D-materiaaleissa). Tutkimusta tehd\u00e4\u00e4n my\u00f6s hybridimateriaaleista integroituja aurinkokennoja varten. Kehittyneiden hybridimateriaalien ja uusien rakenteiden yhdist\u00e4minen tarjoaa uusia ratkaisuja energiatehokkaisiin, kompakteihin ja edullisiin aurinkopaneeli sovelluksiin.<\/p>\n\n\n\n<p><strong>Materiaalit ja rakenteet -ryhm\u00e4n yhteyshenkil\u00f6t partneriorganisaatioissa:<\/strong><\/p>\n\n\n\n<p>Polina Kuzhir \/ UEF<br>Harri Lipsanen \/ Aalto<br>Paola Vivo \/ TAU<br>Thomas Kraft \/ VTT<\/p>\n\n\n\n<figure class=\"wp-block-gallery has-nested-images columns-default is-cropped wp-block-gallery-1 is-layout-flex wp-block-gallery-is-layout-flex\">\n<figure class=\"wp-block-image size-large\"><a href=\"https:\/\/prein.fi\/wp-content\/uploads\/2023\/11\/flytrap-fixed.webp\"><img decoding=\"async\" width=\"1024\" height=\"788\" data-id=\"5243\" src=\"https:\/\/prein.fi\/wp-content\/uploads\/2023\/11\/flytrap-fixed-1024x788.webp\" alt=\"\" class=\"wp-image-5243\" srcset=\"https:\/\/prein.fi\/wp-content\/uploads\/2023\/11\/flytrap-fixed-1024x788.webp 1024w, https:\/\/prein.fi\/wp-content\/uploads\/2023\/11\/flytrap-fixed-300x231.webp 300w, https:\/\/prein.fi\/wp-content\/uploads\/2023\/11\/flytrap-fixed-768x591.webp 768w, https:\/\/prein.fi\/wp-content\/uploads\/2023\/11\/flytrap-fixed-1536x1182.webp 1536w, https:\/\/prein.fi\/wp-content\/uploads\/2023\/11\/flytrap-fixed.webp 1920w\" sizes=\"(max-width: 1024px) 100vw, 1024px\" \/><\/a><\/figure>\n\n\n\n<figure class=\"wp-block-image size-large\"><a href=\"https:\/\/prein.fi\/wp-content\/uploads\/2023\/11\/prein-nanostructures-materials-and-structures.jpg\"><img decoding=\"async\" width=\"540\" height=\"372\" data-id=\"5211\" src=\"https:\/\/prein.fi\/wp-content\/uploads\/2023\/11\/prein-nanostructures-materials-and-structures.jpg\" alt=\"Photonic Materials and Structures\" class=\"wp-image-5211\" srcset=\"https:\/\/prein.fi\/wp-content\/uploads\/2023\/11\/prein-nanostructures-materials-and-structures.jpg 540w, https:\/\/prein.fi\/wp-content\/uploads\/2023\/11\/prein-nanostructures-materials-and-structures-300x207.jpg 300w\" sizes=\"(max-width: 540px) 100vw, 540px\" \/><\/a><\/figure>\n\n\n\n<figure class=\"wp-block-image size-large\"><a href=\"https:\/\/prein.fi\/wp-content\/uploads\/2023\/11\/griper-fixed.webp\"><img decoding=\"async\" width=\"1024\" height=\"788\" data-id=\"5245\" src=\"https:\/\/prein.fi\/wp-content\/uploads\/2023\/11\/griper-fixed-1024x788.webp\" alt=\"\" class=\"wp-image-5245\" srcset=\"https:\/\/prein.fi\/wp-content\/uploads\/2023\/11\/griper-fixed-1024x788.webp 1024w, https:\/\/prein.fi\/wp-content\/uploads\/2023\/11\/griper-fixed-300x231.webp 300w, https:\/\/prein.fi\/wp-content\/uploads\/2023\/11\/griper-fixed-768x591.webp 768w, https:\/\/prein.fi\/wp-content\/uploads\/2023\/11\/griper-fixed.webp 1300w\" sizes=\"(max-width: 1024px) 100vw, 1024px\" \/><\/a><\/figure>\n<\/figure>\n","protected":false},"excerpt":{"rendered":"<p>Uusien materiaalien ja rakenteiden kehitt\u00e4minen on valoon perustuvien teknologioiden kannalta ensiarvoisen t\u00e4rke\u00e4\u00e4. Materiaalien ja rakenteiden tutkiminen ja kehitt\u00e4minen liittyy valokent\u00e4n ohjauksen perustutkimukseen ja kvanttiteknologioissa kehitettyihin ja sovellettaviin integroituihin komponentteihin ja laitteisiin. Aikaisemman tutkimuksen perusteella t\u00e4h\u00e4n tutkimusalueeseen on lis\u00e4tty uusia teemoja kuten 2D, perovskiitti sek\u00e4 muunnosmateriaalit. Tutkimuksen kohteena ovat my\u00f6s uudet rakenteet, kuten metapinnat, joissa on [&hellip;]<\/p>\n","protected":false},"author":4,"featured_media":0,"parent":4630,"menu_order":2,"comment_status":"closed","ping_status":"closed","template":"","meta":{"_acf_changed":false,"footnotes":""},"class_list":["post-4635","page","type-page","status-publish","hentry"],"acf":[],"aioseo_notices":[],"_links":{"self":[{"href":"https:\/\/prein.fi\/fi\/wp-json\/wp\/v2\/pages\/4635","targetHints":{"allow":["GET"]}}],"collection":[{"href":"https:\/\/prein.fi\/fi\/wp-json\/wp\/v2\/pages"}],"about":[{"href":"https:\/\/prein.fi\/fi\/wp-json\/wp\/v2\/types\/page"}],"author":[{"embeddable":true,"href":"https:\/\/prein.fi\/fi\/wp-json\/wp\/v2\/users\/4"}],"replies":[{"embeddable":true,"href":"https:\/\/prein.fi\/fi\/wp-json\/wp\/v2\/comments?post=4635"}],"version-history":[{"count":0,"href":"https:\/\/prein.fi\/fi\/wp-json\/wp\/v2\/pages\/4635\/revisions"}],"up":[{"embeddable":true,"href":"https:\/\/prein.fi\/fi\/wp-json\/wp\/v2\/pages\/4630"}],"wp:attachment":[{"href":"https:\/\/prein.fi\/fi\/wp-json\/wp\/v2\/media?parent=4635"}],"curies":[{"name":"wp","href":"https:\/\/api.w.org\/{rel}","templated":true}]}}