{"id":4637,"date":"2023-10-04T15:47:04","date_gmt":"2023-10-04T12:47:04","guid":{"rendered":"https:\/\/prein.fi\/?page_id=4637"},"modified":"2025-12-29T10:32:42","modified_gmt":"2025-12-29T08:32:42","slug":"aktiiviset-fotonikomponentit","status":"publish","type":"page","link":"https:\/\/prein.fi\/fi\/tutkimus\/aktiiviset-fotonikomponentit\/","title":{"rendered":"Aktiiviset fotoniikkakomponentit (WP3)"},"content":{"rendered":"\n<p><\/p>\n\n\n\n<p>T\u00e4m\u00e4 ty\u00f6paketti on laajennus vuosien 2019-2021 tutkimusalueeseen &#8221;Kehittyneet laserl\u00e4hteet.\u201d <\/p>\n\n\n\n<p>Lasereiden, optisten vahvistimien ja muiden valonl\u00e4hteiden lis\u00e4ksi se pit\u00e4\u00e4 sis\u00e4ll\u00e4\u00e4n uusien modulaattori- ja valonilmaisinteknologioiden tutkimusta. Ty\u00f6 perustuu osittain ty\u00f6paketeista Valokent\u00e4n ohjaus sek\u00e4 Materiaalit ja rakenteet saatuihin tuloksiin. Samalla se tuottaa uusia teknologioita Soveltavan tutkimuksen ja Kvanttiteknologian tutkimuspaketteihin. Esimerkiksi ty\u00f6paketissa kehitettyj\u00e4 superjatkumolasereiden ja s\u00e4\u00e4dett\u00e4vien lasereiden teknologioita voidaan hy\u00f6dynt\u00e4\u00e4 erilaisissa mittaus- ja lasertutka-sovelluksissa, kun taas yksifotonil\u00e4hteit\u00e4 ja kryogeenisen matalissa l\u00e4mp\u00f6tiloissa toimivia aktiivisia komponentteja tarvitaan kvanttiteknologian sovelluksissa. T\u00e4m\u00e4 ty\u00f6paketti kattaa my\u00f6s heterogeenisen ja hybridi-integroinnin, mik\u00e4 mahdollistaa optimaalisten materiaaliyhdistelmien k\u00e4yt\u00f6n aktiivisten fotoniikkakomponenttien tutkimuksessa.<\/p>\n\n\n\n<p><strong>Aktiiviset fotoniikkakomponentit -ryhm\u00e4n yhteyshenkil\u00f6t partneriorganisaatioissa:<\/strong><\/p>\n\n\n\n<p>Caterina Soldano \/ Aalto<\/p>\n\n\n\n<p>Teemu Hakkarainen \/ TAU<\/p>\n\n\n\n<p>Timo Aalto \/ VTT<\/p>\n\n\n\n<p>Tommi Hakala \/ UEF<\/p>\n\n\n\n<figure class=\"wp-block-gallery has-nested-images columns-default is-cropped wp-block-gallery-1 is-layout-flex wp-block-gallery-is-layout-flex\">\n<figure class=\"wp-block-image size-large\"><a href=\"https:\/\/prein.fi\/wp-content\/uploads\/2023\/11\/prein-advanced-light-sources-active-photonics-components.jpg\"><img decoding=\"async\" data-id=\"5213\" src=\"https:\/\/prein.fi\/wp-content\/uploads\/2023\/11\/prein-advanced-light-sources-active-photonics-components.jpg\" alt=\"Active photonic components\" class=\"wp-image-5213\"\/><\/a><\/figure>\n\n\n\n<figure class=\"wp-block-image size-large\"><a href=\"https:\/\/prein.fi\/wp-content\/uploads\/2023\/11\/img-20231116-131430.jpg\"><img decoding=\"async\" width=\"750\" height=\"563\" data-id=\"5626\" src=\"https:\/\/prein.fi\/wp-content\/uploads\/2023\/11\/img-20231116-131430.jpg\" alt=\"\" class=\"wp-image-5626\" srcset=\"https:\/\/prein.fi\/wp-content\/uploads\/2023\/11\/img-20231116-131430.jpg 750w, https:\/\/prein.fi\/wp-content\/uploads\/2023\/11\/img-20231116-131430-300x225.jpg 300w\" sizes=\"(max-width: 750px) 100vw, 750px\" \/><\/a><\/figure>\n\n\n\n<figure class=\"wp-block-image size-large\"><a href=\"https:\/\/prein.fi\/wp-content\/uploads\/2023\/11\/img-20231116-114714.jpg\"><img decoding=\"async\" width=\"750\" height=\"563\" data-id=\"5628\" src=\"https:\/\/prein.fi\/wp-content\/uploads\/2023\/11\/img-20231116-114714.jpg\" alt=\"\" class=\"wp-image-5628\" srcset=\"https:\/\/prein.fi\/wp-content\/uploads\/2023\/11\/img-20231116-114714.jpg 750w, https:\/\/prein.fi\/wp-content\/uploads\/2023\/11\/img-20231116-114714-300x225.jpg 300w\" sizes=\"(max-width: 750px) 100vw, 750px\" \/><\/a><\/figure>\n<\/figure>\n","protected":false},"excerpt":{"rendered":"<p>T\u00e4m\u00e4 ty\u00f6paketti on laajennus vuosien 2019-2021 tutkimusalueeseen &#8221;Kehittyneet laserl\u00e4hteet.\u201d Lasereiden, optisten vahvistimien ja muiden valonl\u00e4hteiden lis\u00e4ksi se pit\u00e4\u00e4 sis\u00e4ll\u00e4\u00e4n uusien modulaattori- ja valonilmaisinteknologioiden tutkimusta. Ty\u00f6 perustuu osittain ty\u00f6paketeista Valokent\u00e4n ohjaus sek\u00e4 Materiaalit ja rakenteet saatuihin tuloksiin. Samalla se tuottaa uusia teknologioita Soveltavan tutkimuksen ja Kvanttiteknologian tutkimuspaketteihin. Esimerkiksi ty\u00f6paketissa kehitettyj\u00e4 superjatkumolasereiden ja s\u00e4\u00e4dett\u00e4vien lasereiden teknologioita voidaan [&hellip;]<\/p>\n","protected":false},"author":4,"featured_media":0,"parent":4630,"menu_order":3,"comment_status":"closed","ping_status":"closed","template":"","meta":{"_acf_changed":false,"footnotes":""},"class_list":["post-4637","page","type-page","status-publish","hentry"],"acf":[],"aioseo_notices":[],"_links":{"self":[{"href":"https:\/\/prein.fi\/fi\/wp-json\/wp\/v2\/pages\/4637","targetHints":{"allow":["GET"]}}],"collection":[{"href":"https:\/\/prein.fi\/fi\/wp-json\/wp\/v2\/pages"}],"about":[{"href":"https:\/\/prein.fi\/fi\/wp-json\/wp\/v2\/types\/page"}],"author":[{"embeddable":true,"href":"https:\/\/prein.fi\/fi\/wp-json\/wp\/v2\/users\/4"}],"replies":[{"embeddable":true,"href":"https:\/\/prein.fi\/fi\/wp-json\/wp\/v2\/comments?post=4637"}],"version-history":[{"count":0,"href":"https:\/\/prein.fi\/fi\/wp-json\/wp\/v2\/pages\/4637\/revisions"}],"up":[{"embeddable":true,"href":"https:\/\/prein.fi\/fi\/wp-json\/wp\/v2\/pages\/4630"}],"wp:attachment":[{"href":"https:\/\/prein.fi\/fi\/wp-json\/wp\/v2\/media?parent=4637"}],"curies":[{"name":"wp","href":"https:\/\/api.w.org\/{rel}","templated":true}]}}