{"id":4639,"date":"2023-10-04T15:48:18","date_gmt":"2023-10-04T12:48:18","guid":{"rendered":"https:\/\/prein.fi\/?page_id=4639"},"modified":"2025-12-29T10:33:46","modified_gmt":"2025-12-29T08:33:46","slug":"soveltava-tutkimus","status":"publish","type":"page","link":"https:\/\/prein.fi\/fi\/tutkimus\/soveltava-tutkimus\/","title":{"rendered":"Soveltava tutkimus (WP4)"},"content":{"rendered":"\n<p>Fotoniikan sovellusten kehitt\u00e4miseksi on m\u00e4\u00e4ritelty oma tutkimuksen painopistealue jossa keskityt\u00e4\u00e4n erityisesti kolmeen sovellusalueeseen sek\u00e4 tieteellisten tulosten k\u00e4yt\u00e4nt\u00f6\u00f6n siirt\u00e4miseen. Keskeist\u00e4 on yhdist\u00e4\u00e4 perustutkimus konkreettisiin sovelluksiin ja olla tiiviiss\u00e4 vuorovaikutuksessa kaikkien muiden tutkimuksen painopistealueiden kanssa. Soveltava tutkimus hy\u00f6dynt\u00e4\u00e4 perustutkimuksen tuloksia ja vie niit\u00e4 eteenp\u00e4in sovellusten jatkokehitykseen ja tuottaa siten my\u00f6s yhteiskunnallista vaikuttavuutta. Lippulaivaohjelman alkuvaiheessa m\u00e4\u00e4riteltiin tutkimusk\u00e4rjiksi kannettavat, kertak\u00e4ytt\u00f6iset anturit, LIDAR-teknologia ja \u00e4lykk\u00e4\u00e4t aurinkos\u00e4hk\u00f6moduulit. Toisella lippulaivakaudella sovelluksia laajennetaan kattamaan laajemmin ymp\u00e4rist\u00f6n tutkimuksen, l\u00e4\u00e4ketieteen ja kaukokartoituksen sek\u00e4 aurinkoenergian alat.<\/p>\n\n\n\n<p><strong>Soveltava tutkimus &#8211; ryhm\u00e4n yhteyshenkil\u00f6t partneriorganisaatioissa:<\/strong><\/p>\n\n\n\n<p>Juha Toivonen \/ TAU<br>Hele Savin \/ Aalto<br>Matthieu Roussey \/ UEF<br>Sanna Aikio \/ VTT<\/p>\n\n\n\n<figure class=\"wp-block-gallery has-nested-images columns-default is-cropped wp-block-gallery-1 is-layout-flex wp-block-gallery-is-layout-flex\">\n<figure class=\"wp-block-image size-large\"><a href=\"https:\/\/prein.fi\/wp-content\/uploads\/2023\/11\/prein-epg-bsi-solar-cell-and-hands.png\"><img decoding=\"async\" width=\"1024\" height=\"749\" data-id=\"5269\" src=\"https:\/\/prein.fi\/wp-content\/uploads\/2023\/11\/prein-epg-bsi-solar-cell-and-hands-1024x749.png\" alt=\"Technology transfer Prein\" class=\"wp-image-5269\" srcset=\"https:\/\/prein.fi\/wp-content\/uploads\/2023\/11\/prein-epg-bsi-solar-cell-and-hands-1024x749.png 1024w, https:\/\/prein.fi\/wp-content\/uploads\/2023\/11\/prein-epg-bsi-solar-cell-and-hands-300x219.png 300w, https:\/\/prein.fi\/wp-content\/uploads\/2023\/11\/prein-epg-bsi-solar-cell-and-hands-768x561.png 768w, https:\/\/prein.fi\/wp-content\/uploads\/2023\/11\/prein-epg-bsi-solar-cell-and-hands-1536x1123.png 1536w, https:\/\/prein.fi\/wp-content\/uploads\/2023\/11\/prein-epg-bsi-solar-cell-and-hands.png 1747w\" sizes=\"(max-width: 1024px) 100vw, 1024px\" \/><\/a><\/figure>\n\n\n\n<figure class=\"wp-block-image size-large\"><a href=\"https:\/\/prein.fi\/wp-content\/uploads\/2023\/11\/aalto-university-micronova-cleanroom-27-9-2019-photo-mikko-raskinen-021-original-scaled.jpg\"><img decoding=\"async\" width=\"1024\" height=\"683\" data-id=\"5215\" src=\"https:\/\/prein.fi\/wp-content\/uploads\/2023\/11\/aalto-university-micronova-cleanroom-27-9-2019-photo-mikko-raskinen-021-original-1024x683.jpg\" alt=\"Applied \" class=\"wp-image-5215\" srcset=\"https:\/\/prein.fi\/wp-content\/uploads\/2023\/11\/aalto-university-micronova-cleanroom-27-9-2019-photo-mikko-raskinen-021-original-1024x683.jpg 1024w, https:\/\/prein.fi\/wp-content\/uploads\/2023\/11\/aalto-university-micronova-cleanroom-27-9-2019-photo-mikko-raskinen-021-original-300x200.jpg 300w, https:\/\/prein.fi\/wp-content\/uploads\/2023\/11\/aalto-university-micronova-cleanroom-27-9-2019-photo-mikko-raskinen-021-original-768x512.jpg 768w, https:\/\/prein.fi\/wp-content\/uploads\/2023\/11\/aalto-university-micronova-cleanroom-27-9-2019-photo-mikko-raskinen-021-original-1536x1024.jpg 1536w, https:\/\/prein.fi\/wp-content\/uploads\/2023\/11\/aalto-university-micronova-cleanroom-27-9-2019-photo-mikko-raskinen-021-original-2048x1365.jpg 2048w\" sizes=\"(max-width: 1024px) 100vw, 1024px\" \/><\/a><\/figure>\n\n\n\n<figure class=\"wp-block-image size-large\"><a href=\"https:\/\/prein.fi\/wp-content\/uploads\/2023\/11\/tiedonvaloa-10.jpg\"><img decoding=\"async\" width=\"1024\" height=\"604\" data-id=\"5053\" src=\"https:\/\/prein.fi\/wp-content\/uploads\/2023\/11\/tiedonvaloa-10-1024x604.jpg\" alt=\"\" class=\"wp-image-5053\" srcset=\"https:\/\/prein.fi\/wp-content\/uploads\/2023\/11\/tiedonvaloa-10-1024x604.jpg 1024w, https:\/\/prein.fi\/wp-content\/uploads\/2023\/11\/tiedonvaloa-10-300x177.jpg 300w, https:\/\/prein.fi\/wp-content\/uploads\/2023\/11\/tiedonvaloa-10-768x453.jpg 768w, https:\/\/prein.fi\/wp-content\/uploads\/2023\/11\/tiedonvaloa-10-1536x906.jpg 1536w, https:\/\/prein.fi\/wp-content\/uploads\/2023\/11\/tiedonvaloa-10.jpg 1795w\" sizes=\"(max-width: 1024px) 100vw, 1024px\" \/><\/a><\/figure>\n\n\n\n<figure class=\"wp-block-image size-large\"><a href=\"https:\/\/prein.fi\/wp-content\/uploads\/2023\/11\/prein-nanomaterials.jpg\"><img decoding=\"async\" width=\"1024\" height=\"680\" data-id=\"5015\" src=\"https:\/\/prein.fi\/wp-content\/uploads\/2023\/11\/prein-nanomaterials-1024x680.jpg\" alt=\"\" class=\"wp-image-5015\" srcset=\"https:\/\/prein.fi\/wp-content\/uploads\/2023\/11\/prein-nanomaterials-1024x680.jpg 1024w, https:\/\/prein.fi\/wp-content\/uploads\/2023\/11\/prein-nanomaterials-300x199.jpg 300w, https:\/\/prein.fi\/wp-content\/uploads\/2023\/11\/prein-nanomaterials-768x510.jpg 768w, https:\/\/prein.fi\/wp-content\/uploads\/2023\/11\/prein-nanomaterials-1536x1020.jpg 1536w, https:\/\/prein.fi\/wp-content\/uploads\/2023\/11\/prein-nanomaterials.jpg 1600w\" sizes=\"(max-width: 1024px) 100vw, 1024px\" \/><\/a><\/figure>\n<\/figure>\n","protected":false},"excerpt":{"rendered":"<p>Fotoniikan sovellusten kehitt\u00e4miseksi on m\u00e4\u00e4ritelty oma tutkimuksen painopistealue jossa keskityt\u00e4\u00e4n erityisesti kolmeen sovellusalueeseen sek\u00e4 tieteellisten tulosten k\u00e4yt\u00e4nt\u00f6\u00f6n siirt\u00e4miseen. Keskeist\u00e4 on yhdist\u00e4\u00e4 perustutkimus konkreettisiin sovelluksiin ja olla tiiviiss\u00e4 vuorovaikutuksessa kaikkien muiden tutkimuksen painopistealueiden kanssa. Soveltava tutkimus hy\u00f6dynt\u00e4\u00e4 perustutkimuksen tuloksia ja vie niit\u00e4 eteenp\u00e4in sovellusten jatkokehitykseen ja tuottaa siten my\u00f6s yhteiskunnallista vaikuttavuutta. Lippulaivaohjelman alkuvaiheessa m\u00e4\u00e4riteltiin tutkimusk\u00e4rjiksi kannettavat, [&hellip;]<\/p>\n","protected":false},"author":4,"featured_media":0,"parent":4630,"menu_order":4,"comment_status":"closed","ping_status":"closed","template":"","meta":{"_acf_changed":false,"footnotes":""},"class_list":["post-4639","page","type-page","status-publish","hentry"],"acf":[],"aioseo_notices":[],"_links":{"self":[{"href":"https:\/\/prein.fi\/fi\/wp-json\/wp\/v2\/pages\/4639","targetHints":{"allow":["GET"]}}],"collection":[{"href":"https:\/\/prein.fi\/fi\/wp-json\/wp\/v2\/pages"}],"about":[{"href":"https:\/\/prein.fi\/fi\/wp-json\/wp\/v2\/types\/page"}],"author":[{"embeddable":true,"href":"https:\/\/prein.fi\/fi\/wp-json\/wp\/v2\/users\/4"}],"replies":[{"embeddable":true,"href":"https:\/\/prein.fi\/fi\/wp-json\/wp\/v2\/comments?post=4639"}],"version-history":[{"count":0,"href":"https:\/\/prein.fi\/fi\/wp-json\/wp\/v2\/pages\/4639\/revisions"}],"up":[{"embeddable":true,"href":"https:\/\/prein.fi\/fi\/wp-json\/wp\/v2\/pages\/4630"}],"wp:attachment":[{"href":"https:\/\/prein.fi\/fi\/wp-json\/wp\/v2\/media?parent=4639"}],"curies":[{"name":"wp","href":"https:\/\/api.w.org\/{rel}","templated":true}]}}