{"id":4641,"date":"2023-10-04T15:48:39","date_gmt":"2023-10-04T12:48:39","guid":{"rendered":"https:\/\/prein.fi\/?page_id=4641"},"modified":"2026-02-12T09:09:59","modified_gmt":"2026-02-12T07:09:59","slug":"kvanttiteknologia","status":"publish","type":"page","link":"https:\/\/prein.fi\/fi\/tutkimus\/kvanttiteknologia\/","title":{"rendered":"Kvanttiteknologia (WP5)"},"content":{"rendered":"\n<p>Viime vuosikymmenin\u00e4 kvanttiteknologiat ovat kasvaneet perustutkimuksen demonstraatioista k\u00e4ytt\u00f6valmiiksi sovelluksiksi jatkuvasti kasvavalla toimialalla, jonka muodostavat start-up-yritykset sek\u00e4 globaalit teknologiajohtajat. Erilaiset PREIN-toiminnot viev\u00e4t eturintamassa eteenp\u00e4in viimeisint\u00e4 suomalaista kvanttifotoniikan tutkimusta ja teknologista kehityst\u00e4 merkitt\u00e4vien kansallisten ja eurooppalaisten rahoituslaitosten tukemana, mukaan lukien Suomen Akatemian kvanttiteknologian huippuyksikk\u00f6 ja EU:n kvanttilippulaiva. T\u00e4m\u00e4n j\u00e4nnitt\u00e4v\u00e4n fotoniikka-alan monien eri n\u00e4k\u00f6kohtien joukossa konsortio luotaa perustavanlaatuisia kvanttioptiikan ilmi\u00f6it\u00e4 kompleksirakenteellisilla fotonitiloilla, tutkii uusia alustoja kvanttitilojen tehostettuun generointiin ja manipulointiin, kehitt\u00e4\u00e4 edistyneit\u00e4 j\u00e4rjestelmi\u00e4 uusille yksitt\u00e4isten ja useiden fotonien l\u00e4hteille, ajaa eteenp\u00e4in fotoniikan integraatiota my\u00f6s kvanttialalla sek\u00e4 soveltaa saatuja tuloksia kvanttiteknologiseen tunnistamiseen, kuvantamiseen, viestint\u00e4\u00e4n ja laskentaan.<\/p>\n\n\n\n<p><strong>Kvanttiteknologia -ryhm\u00e4n yhteyshenkil\u00f6t partneriorganisaatioissa:<\/strong><\/p>\n\n\n\n<p>Robert Fickler \/ Aalto, puheenjohtaja<br><br>Zhipei Sun \/ Aalto<br>Andreas Norrman \/ UEF<br>George Thomas \/ VTT\u00a0<\/p>\n\n\n\n<figure class=\"wp-block-image size-full\"><img decoding=\"async\" src=\"https:\/\/prein.fi\/wp-content\/uploads\/2023\/11\/complex-shapes-of-photons-wfmrender-cmarkushiekkamaki-900x600-quantum-technologies.png\" alt=\"Quantum Technologies\" class=\"wp-image-5217\"\/><\/figure>\n","protected":false},"excerpt":{"rendered":"<p>Viime vuosikymmenin\u00e4 kvanttiteknologiat ovat kasvaneet perustutkimuksen demonstraatioista k\u00e4ytt\u00f6valmiiksi sovelluksiksi jatkuvasti kasvavalla toimialalla, jonka muodostavat start-up-yritykset sek\u00e4 globaalit teknologiajohtajat. Erilaiset PREIN-toiminnot viev\u00e4t eturintamassa eteenp\u00e4in viimeisint\u00e4 suomalaista kvanttifotoniikan tutkimusta ja teknologista kehityst\u00e4 merkitt\u00e4vien kansallisten ja eurooppalaisten rahoituslaitosten tukemana, mukaan lukien Suomen Akatemian kvanttiteknologian huippuyksikk\u00f6 ja EU:n kvanttilippulaiva. T\u00e4m\u00e4n j\u00e4nnitt\u00e4v\u00e4n fotoniikka-alan monien eri n\u00e4k\u00f6kohtien joukossa konsortio luotaa perustavanlaatuisia [&hellip;]<\/p>\n","protected":false},"author":4,"featured_media":0,"parent":4630,"menu_order":5,"comment_status":"closed","ping_status":"closed","template":"","meta":{"_acf_changed":false,"footnotes":""},"class_list":["post-4641","page","type-page","status-publish","hentry"],"acf":[],"aioseo_notices":[],"_links":{"self":[{"href":"https:\/\/prein.fi\/fi\/wp-json\/wp\/v2\/pages\/4641","targetHints":{"allow":["GET"]}}],"collection":[{"href":"https:\/\/prein.fi\/fi\/wp-json\/wp\/v2\/pages"}],"about":[{"href":"https:\/\/prein.fi\/fi\/wp-json\/wp\/v2\/types\/page"}],"author":[{"embeddable":true,"href":"https:\/\/prein.fi\/fi\/wp-json\/wp\/v2\/users\/4"}],"replies":[{"embeddable":true,"href":"https:\/\/prein.fi\/fi\/wp-json\/wp\/v2\/comments?post=4641"}],"version-history":[{"count":0,"href":"https:\/\/prein.fi\/fi\/wp-json\/wp\/v2\/pages\/4641\/revisions"}],"up":[{"embeddable":true,"href":"https:\/\/prein.fi\/fi\/wp-json\/wp\/v2\/pages\/4630"}],"wp:attachment":[{"href":"https:\/\/prein.fi\/fi\/wp-json\/wp\/v2\/media?parent=4641"}],"curies":[{"name":"wp","href":"https:\/\/api.w.org\/{rel}","templated":true}]}}