{"id":4643,"date":"2023-10-04T15:48:59","date_gmt":"2023-10-04T12:48:59","guid":{"rendered":"https:\/\/prein.fi\/?page_id=4643"},"modified":"2025-08-26T16:28:13","modified_gmt":"2025-08-26T13:28:13","slug":"teknologian-siirto","status":"publish","type":"page","link":"https:\/\/prein.fi\/fi\/tutkimus\/teknologian-siirto\/","title":{"rendered":"Teknologian siirto (WP6)"},"content":{"rendered":"\n<p>Fotoniikan tutkimuksen ja innovaation lippulaiva (PREIN) on asettanut tavoitteeksi keskeisten tutkimusalueidensa tutkimustulosten kaupallistamisen ja siirt\u00e4misen teollisuustuotantoon. Tutkimustuloksia arvioidaan, jotta voidaan tunnistaa ne, joilla on eniten potentiaalia siirty\u00e4 kaupallistamisprosessin l\u00e4pi joko olemassa oleviin yrityksiin tai uusiin perustettaviin startup yrityksiin. Tutkimusteemojen v\u00e4linen keskin\u00e4inen vuorovaikutus ja tieteellisen perustutkimuksen lomittaisuus soveltavan tutkimuksen kanssa mahdollistaa tieteen ja sovellusten v\u00e4lisen vuorovaikutuksen maksimoimisen. Tutkimuskehitys ja tutkimustulosten siirto ovat kiinte\u00e4sti sidoksissa sovelluksiin, mik\u00e4 tarjoaa palautemekanismin tutkimuksen ja teollisuuden v\u00e4lille &nbsp;sek\u00e4 sujuvat ja hallitun k\u00e4yt\u00e4nn\u00f6t innovaation siirt\u00e4miseen teollisuuteen. Talouskasvun lis\u00e4ksi PREIN vaikuttaa yhteiskuntaan uusien tuotteiden ja palveluiden kehitt\u00e4misen kautta. &nbsp;PREINin tavoitteen on lis\u00e4t\u00e4 keksint\u00f6ilmoitusten, patenttihakemusten, my\u00f6nnettyjen patenttien ja onnistuneiden teknologian siirtojen m\u00e4\u00e4r\u00e4\u00e4 sek\u00e4 olemassa oleville yrityksille ja startupeille sek\u00e4 lis\u00e4\u00e4m\u00e4\u00e4n teknologia- ja tuotekehitykseen siirrettyjen tieteellisten l\u00e4pimurtojen m\u00e4\u00e4r\u00e4\u00e4. N\u00e4m\u00e4 tavoitteet ovat osa lippulaivan keskeisi\u00e4 suoritusindikaattoreita.<\/p>\n\n\n\n<p>Kaupallistamisprosessissa kohti teollista tuotantoa aloite voi tulla tutkijoilta kun tieteelliset l\u00f6yd\u00f6kset osoittavat kaupallistamispotentiaalia esimerkiksi globaaleiden haasteiden ratkaisemiseksi tai keskeisten tutkimustrendien osalta. Aloite voi tulla my\u00f6s teollisuudesta, jolloin PREIN mahdollistaa kaupallistamisprosessin tarjoamalla T&amp;K-palveluita ja infrastruktuureja.<\/p>\n\n\n<div class=\"image-and-text wp-block has-media-on-the-left\">\r\n<div class=\"row\">\r\n    <div class=\"col-12 col-md-6 image-col\" style=\"aspect-ratio:; object-position: 50% %;\" >\r\n\r\n        <img decoding=\"async\" width=\"800\" height=\"585\" src=\"https:\/\/prein.fi\/wp-content\/uploads\/2023\/11\/prein-epg-bsi-solar-cell-and-hands-1024x749.png\" class=\"attachment-large size-large\" alt=\"Technology transfer Prein\" srcset=\"https:\/\/prein.fi\/wp-content\/uploads\/2023\/11\/prein-epg-bsi-solar-cell-and-hands-1024x749.png 1024w, https:\/\/prein.fi\/wp-content\/uploads\/2023\/11\/prein-epg-bsi-solar-cell-and-hands-300x219.png 300w, https:\/\/prein.fi\/wp-content\/uploads\/2023\/11\/prein-epg-bsi-solar-cell-and-hands-768x561.png 768w, https:\/\/prein.fi\/wp-content\/uploads\/2023\/11\/prein-epg-bsi-solar-cell-and-hands-1536x1123.png 1536w, https:\/\/prein.fi\/wp-content\/uploads\/2023\/11\/prein-epg-bsi-solar-cell-and-hands.png 1747w\" sizes=\"(max-width: 800px) 100vw, 800px\" \/>    <\/div>\r\n\r\n    <div class=\"col-12 col-md-6 text-col\"><div class=\"acf-innerblocks-container\">\n\n<h2 class=\"wp-block-heading\">Teknologian siirron tavoitteet ovat:<\/h2>\n\n\n\n<ul class=\"wp-block-list\">\n<li>lis\u00e4t\u00e4 innovaatioprosessiin siirrettyjen tutkimustulosten m\u00e4\u00e4r\u00e4\u00e4<\/li>\n\n\n\n<li>lis\u00e4t\u00e4 keksint\u00f6ilmoitusten ja patenttien m\u00e4\u00e4r\u00e4\u00e4&nbsp;<\/li>\n\n\n\n<li>lis\u00e4t\u00e4 startup-yritysten m\u00e4\u00e4r\u00e4\u00e4 ja nopeuttaa niiden kasvua kannattaviksi pk-yrityksiksi<\/li>\n\n\n\n<li>helpottaa innovaatioiden siirtoa sek\u00e4 pk-yrityksille ett\u00e4 suurille yrityksille<\/li>\n\n\n\n<li>tiedottaa teollisuudelle mahdollisuuksista, joita fotoniikka voi tarjota erilaisiin haasteisiin<\/li>\n\n\n\n<li>tarjota testialustoja, mentorointia ja prototyyppej\u00e4 teollisuudelle<\/li>\n<\/ul>\n\n\n\n<p>Teknologian siirto -ryhm\u00e4n yhteyshenkil\u00f6t partneriorganisaatioissa:<\/p>\n\n\n\n<p>Petri Karvinen \/ UEF<br>Faisal Ahmed \/ Aalto<br>Go\u00ebry Genty \/ TAU<br>Matti Virkki \/ VTT<\/p>\n\n<\/div>\r\n<\/div>\r\n<\/div>\r\n<\/div>","protected":false},"excerpt":{"rendered":"<p>Fotoniikan tutkimuksen ja innovaation lippulaiva (PREIN) on asettanut tavoitteeksi keskeisten tutkimusalueidensa tutkimustulosten kaupallistamisen ja siirt\u00e4misen teollisuustuotantoon. Tutkimustuloksia arvioidaan, jotta voidaan tunnistaa ne, joilla on eniten potentiaalia siirty\u00e4 kaupallistamisprosessin l\u00e4pi joko olemassa oleviin yrityksiin tai uusiin perustettaviin startup yrityksiin. Tutkimusteemojen v\u00e4linen keskin\u00e4inen vuorovaikutus ja tieteellisen perustutkimuksen lomittaisuus soveltavan tutkimuksen kanssa mahdollistaa tieteen ja sovellusten v\u00e4lisen vuorovaikutuksen [&hellip;]<\/p>\n","protected":false},"author":4,"featured_media":0,"parent":4630,"menu_order":6,"comment_status":"closed","ping_status":"closed","template":"","meta":{"_acf_changed":false,"footnotes":""},"class_list":["post-4643","page","type-page","status-publish","hentry"],"acf":[],"aioseo_notices":[],"_links":{"self":[{"href":"https:\/\/prein.fi\/fi\/wp-json\/wp\/v2\/pages\/4643","targetHints":{"allow":["GET"]}}],"collection":[{"href":"https:\/\/prein.fi\/fi\/wp-json\/wp\/v2\/pages"}],"about":[{"href":"https:\/\/prein.fi\/fi\/wp-json\/wp\/v2\/types\/page"}],"author":[{"embeddable":true,"href":"https:\/\/prein.fi\/fi\/wp-json\/wp\/v2\/users\/4"}],"replies":[{"embeddable":true,"href":"https:\/\/prein.fi\/fi\/wp-json\/wp\/v2\/comments?post=4643"}],"version-history":[{"count":0,"href":"https:\/\/prein.fi\/fi\/wp-json\/wp\/v2\/pages\/4643\/revisions"}],"up":[{"embeddable":true,"href":"https:\/\/prein.fi\/fi\/wp-json\/wp\/v2\/pages\/4630"}],"wp:attachment":[{"href":"https:\/\/prein.fi\/fi\/wp-json\/wp\/v2\/media?parent=4643"}],"curies":[{"name":"wp","href":"https:\/\/api.w.org\/{rel}","templated":true}]}}