{"id":4666,"date":"2023-10-02T11:29:19","date_gmt":"2023-10-02T08:29:19","guid":{"rendered":"https:\/\/prein.fi\/?page_id=4666"},"modified":"2026-02-12T08:18:06","modified_gmt":"2026-02-12T06:18:06","slug":"tiedekasvatus","status":"publish","type":"page","link":"https:\/\/prein.fi\/fi\/tiedekasvatus\/","title":{"rendered":"Tiedekasvatus"},"content":{"rendered":"\r\n\r\n<section class=\"hero site-banner banner-bg-image section-default default alignfull image\">\r\n\r\n    <div class=\"site-banner-bg section-bg-image \" >\r\n\r\n        <img decoding=\"async\" width=\"2560\" height=\"1707\" src=\"https:\/\/prein.fi\/wp-content\/uploads\/2023\/11\/dscf1694-scaled.jpg\" class=\"attachment-1536\u00d71536 size-1536\u00d71536\" alt=\"Valon tutkimuspaketti koululaisille\" srcset=\"https:\/\/prein.fi\/wp-content\/uploads\/2023\/11\/dscf1694-scaled.jpg 2560w, https:\/\/prein.fi\/wp-content\/uploads\/2023\/11\/dscf1694-300x200.jpg 300w, https:\/\/prein.fi\/wp-content\/uploads\/2023\/11\/dscf1694-1024x683.jpg 1024w, https:\/\/prein.fi\/wp-content\/uploads\/2023\/11\/dscf1694-768x512.jpg 768w, https:\/\/prein.fi\/wp-content\/uploads\/2023\/11\/dscf1694-1536x1024.jpg 1536w, https:\/\/prein.fi\/wp-content\/uploads\/2023\/11\/dscf1694-2048x1365.jpg 2048w\" sizes=\"(max-width: 2560px) 100vw, 2560px\" \/>\r\n        \r\n            <div class=\"site-banner-content container\">\r\n                <div class=\"row w-100\">\r\n                    <div class=\"col-md-12\">\r\n\r\n                        <h1 class=\"hero-title\">Tiedekasvatus<\/h1><div class=\"inner-content\">\r\n                            <div class=\"acf-innerblocks-container\"><\/div>\r\n                        <\/div>                    <\/div>\r\n                <\/div>\r\n            <\/div>\r\n        \r\n        <\/div><\/section>\r\n\r\n    <div class=\"breadcrumbs alignfull\">\r\n        <div class=\"container\">\r\n            <a href=\"https:\/\/prein.fi\/fi\/\">Etusivu<\/a>        <\/div>\r\n    <\/div>\r\n\n\n\n<h1 class=\"wp-block-heading\">Tiedekasvatus<\/h1>\n\n\n\n<p>Haluamme lis\u00e4t\u00e4 tietoisuutta valon tutkimuksesta eli fotoniikasta ja kannustaa lapsia ja nuoria tekniikan pariin. Tiedekasvatus onkin t\u00e4rke\u00e4 osa Fotoniikan lippulaivan toimintaa. PREIN toteuttaa tiedekasvatusta yhdess\u00e4 tiedekasvatuksen kansallisten LUMA-toimijoiden kanssa. J\u00e4rjest\u00e4mme s\u00e4\u00e4nn\u00f6llisesti tiedekasvatustapahtumia ja osallistumme laajempiin tapahtumiin.<\/p>\n\n\n\n<p>Erilaisten teemaviikkoje, tapahtumien ja kilpailujen lis\u00e4ksi, olemme ker\u00e4nneet yhteen erilaisia itsen\u00e4isesti kotona tai koulussa toteutettavia valoon liittyvi\u00e4 teht\u00e4vi\u00e4 ja kokeita. <a href=\"https:\/\/prein.fi\/fi\/tiedekasvatus\/valoon-liittyvia-tehtavia-itsenaiseen-opiskeluun\/\" target=\"_blank\" rel=\"noopener\" title=\"\">Tutustu materiaaleihin<\/a> ja tutki itse valoa!<\/p>\n\n\n<div class=\"image-and-text wp-block has-media-on-the-left\">\r\n<div class=\"row\">\r\n    <div class=\"col-12 col-md-6 image-col\" style=\"aspect-ratio:; object-position: 50% %;\" >\r\n\r\n        <img decoding=\"async\" width=\"642\" height=\"420\" src=\"https:\/\/prein.fi\/wp-content\/uploads\/2023\/11\/pek-package.png\" class=\"attachment-large size-large\" alt=\"Photonics Explorer Kit.\" srcset=\"https:\/\/prein.fi\/wp-content\/uploads\/2023\/11\/pek-package.png 642w, https:\/\/prein.fi\/wp-content\/uploads\/2023\/11\/pek-package-300x196.png 300w\" sizes=\"(max-width: 642px) 100vw, 642px\" \/>    <\/div>\r\n\r\n    <div class=\"col-12 col-md-6 text-col\"><div class=\"acf-innerblocks-container\">\n\n<h3 class=\"wp-block-heading\">Fotoniikan opetuspaketti (Photonics Explorer Kit)<\/h3>\n\n\n\n<p>Photonics Explorer Kit on kouluille tarjottava fotoniikan eli valo-opin kokeellinen opetuspaketti, jonka avulla voi innostaa nuoria tekniikan ja fotoniikan opiskeluun. Paketti soveltuu yl\u00e4koulun ja toisen asteen opetukseen.<\/p>\n\n\n\n<p>Fotoniikan lippulaiva PREIN koordinoi Photonics Explorer Kit -pakettien jakelua Suomessa.<\/p>\n\n\n\n<p>Yritykset ja yksityiset henkil\u00f6t voivat lahjoittaa paketin haluamalleen koululle. My\u00f6s PREIN ja Photonics Finland lahjoittavat vuosittain Photonics Explorer Kit -opetuspaketteja kouluille.<\/p>\n\n<\/div>\r\n<\/div>\r\n<\/div>\r\n<\/div>\n\n<div class=\"image-and-text wp-block has-media-on-the-right\">\r\n<div class=\"row\">\r\n    <div class=\"col-12 col-md-6 image-col\" style=\"aspect-ratio:; object-position: 50% %;\" >\r\n\r\n        <img decoding=\"async\" width=\"800\" height=\"800\" src=\"https:\/\/prein.fi\/wp-content\/uploads\/2023\/10\/prein-valon-viikko-somekuva-1024x1024.png\" class=\"attachment-large size-large\" alt=\"\" srcset=\"https:\/\/prein.fi\/wp-content\/uploads\/2023\/10\/prein-valon-viikko-somekuva-1024x1024.png 1024w, https:\/\/prein.fi\/wp-content\/uploads\/2023\/10\/prein-valon-viikko-somekuva-300x300.png 300w, https:\/\/prein.fi\/wp-content\/uploads\/2023\/10\/prein-valon-viikko-somekuva-150x150.png 150w, https:\/\/prein.fi\/wp-content\/uploads\/2023\/10\/prein-valon-viikko-somekuva-768x768.png 768w, https:\/\/prein.fi\/wp-content\/uploads\/2023\/10\/prein-valon-viikko-somekuva-1536x1536.png 1536w, https:\/\/prein.fi\/wp-content\/uploads\/2023\/10\/prein-valon-viikko-somekuva.png 1920w\" sizes=\"(max-width: 800px) 100vw, 800px\" \/>    <\/div>\r\n\r\n    <div class=\"col-12 col-md-6 text-col\"><div class=\"acf-innerblocks-container\">\n\n<h3 class=\"wp-block-heading\">Valon viikko<\/h3>\n\n\n\n<p>Kansainv\u00e4list\u00e4 valon p\u00e4iv\u00e4\u00e4 vietet\u00e4\u00e4n vuosittain toukokuun 16.p\u00e4iv\u00e4. Osana valon p\u00e4iv\u00e4\u00e4 fotoniikan lippulaiva PREIN j\u00e4rjest\u00e4\u00e4 ohjelmaa ja tapahtumia eri kohderyhmille, erityisesti lapsille ja nuorille.<\/p>\n\n\n\n<p>Valon viikko on toteutettu vuosina 2021, 2022 ja 2023. Katso lis\u00e4tietoa<a href=\"https:\/\/prein.fi\/fi\/valon-viikot-2024-joensuussa-ja-tampereella\/\" title=\"\"> vuoden 2024 Valon viikon tapahtumista.<\/a><\/p>\n\n\n\n<p>Vuonna 2021 toteutettiin ensimm\u00e4inen Valon viikko, jonka aikana tarjottiin virtuaalisia ty\u00f6pajoja sek\u00e4 tutkijapuheenvuoroja esiopetusik\u00e4isist\u00e4 lukiolaisiin. Vuosittain j\u00e4rjestetyt tapahtumat ovat tavoittaneet tuhansia koululaisia ja oppilaita. <\/p>\n\n\n\n<p><\/p>\n\n<\/div>\r\n<\/div>\r\n<\/div>\r\n<\/div>\n\n<div class=\"image-and-text wp-block has-media-on-the-left\">\r\n<div class=\"row\">\r\n    <div class=\"col-12 col-md-6 image-col\" style=\"aspect-ratio:; object-position: 50% %;\" >\r\n\r\n        <img decoding=\"async\" width=\"800\" height=\"623\" src=\"https:\/\/prein.fi\/wp-content\/uploads\/2023\/11\/20230516-160222-1024x797.jpg\" class=\"attachment-large size-large\" alt=\"Photonics Explorer Kit.\" srcset=\"https:\/\/prein.fi\/wp-content\/uploads\/2023\/11\/20230516-160222-1024x797.jpg 1024w, https:\/\/prein.fi\/wp-content\/uploads\/2023\/11\/20230516-160222-300x233.jpg 300w, https:\/\/prein.fi\/wp-content\/uploads\/2023\/11\/20230516-160222-768x597.jpg 768w, https:\/\/prein.fi\/wp-content\/uploads\/2023\/11\/20230516-160222-1536x1195.jpg 1536w, https:\/\/prein.fi\/wp-content\/uploads\/2023\/11\/20230516-160222-2048x1593.jpg 2048w\" sizes=\"(max-width: 800px) 100vw, 800px\" \/>    <\/div>\r\n\r\n    <div class=\"col-12 col-md-6 text-col\"><div class=\"acf-innerblocks-container\">\n\n<h3 class=\"wp-block-heading\">Osallistuminen kansallisiin tiedekasvatustapahtumiin <\/h3>\n\n\n\n<p>PREIN osallistuu erilaisiin lapsille ja nuorille ja suurelle yleis\u00f6lle suunnattuihin tiedetapahtumiin kuten Shaking Up Tech, Tutkijoiden y\u00f6, Millennium Youth Prize, LUMA-p\u00e4iv\u00e4t. Osallistuminen eri tapahtumiin vaihtelee vuosittain.<\/p>\n\n\n\n<p>PREIN ja valon tutkimus on esill\u00e4 2024 Tiedon valoa -tapatumassa ja Sci-Fest tapahtumassa.<\/p>\n\n<\/div>\r\n<\/div>\r\n<\/div>\r\n<\/div>\n\n<div class=\"image-and-text wp-block has-media-on-the-right\">\r\n<div class=\"row\">\r\n    <div class=\"col-12 col-md-6 image-col\" style=\"aspect-ratio:; object-position: 50% %;\" >\r\n\r\n        <img decoding=\"async\" width=\"800\" height=\"534\" src=\"https:\/\/prein.fi\/wp-content\/uploads\/2023\/11\/img-1337-1024x683.jpg\" class=\"attachment-large size-large\" alt=\"\" srcset=\"https:\/\/prein.fi\/wp-content\/uploads\/2023\/11\/img-1337-1024x683.jpg 1024w, https:\/\/prein.fi\/wp-content\/uploads\/2023\/11\/img-1337-300x200.jpg 300w, https:\/\/prein.fi\/wp-content\/uploads\/2023\/11\/img-1337-768x512.jpg 768w, https:\/\/prein.fi\/wp-content\/uploads\/2023\/11\/img-1337-1536x1024.jpg 1536w, https:\/\/prein.fi\/wp-content\/uploads\/2023\/11\/img-1337-2048x1365.jpg 2048w\" sizes=\"(max-width: 800px) 100vw, 800px\" \/>    <\/div>\r\n\r\n    <div class=\"col-12 col-md-6 text-col\"><div class=\"acf-innerblocks-container\">\n\n<h3 class=\"wp-block-heading\"><strong>Tutkijoiden y\u00f6 2022<\/strong><\/h3>\n\n\n\n<p>Tutkijoiden y\u00f6ss\u00e4 30.9.2022 p\u00e4iv\u00e4ll\u00e4 klo 9-14 valon tutkimukseen voi tutustua Nokia Arenalla Tampereen yliopiston Paidia-tilassa.<\/p>\n\n\n\n<p>Valoon perustuvat teknologiat muuttavat maailmaa tarjoten nopeampia, tarkempia, tehokkaampia ja ekologisempia ratkaisuja nykyp\u00e4iv\u00e4n haasteisiin. T\u00e4ss\u00e4 ty\u00f6pajassa esittelemme sinulle valon ihmeellisen maailman ja saat tiet\u00e4\u00e4 mit\u00e4 kaikkea fotoniikka mahdollistaa. Tule mukaan ja valaistu!<br><br>Kaikki tapahtumat l\u00f6ytyv\u00e4t <a href=\"https:\/\/www.tutkijoidenyo.fi\/ohjelma\/\">Tutkijoiden y\u00f6n kansallisen tapahtuman sivuilta<\/a><\/p>\n\n<\/div>\r\n<\/div>\r\n<\/div>\r\n<\/div>","protected":false},"excerpt":{"rendered":"<p>Tiedekasvatus Haluamme lis\u00e4t\u00e4 tietoisuutta valon tutkimuksesta eli fotoniikasta ja kannustaa lapsia ja nuoria tekniikan pariin. Tiedekasvatus onkin t\u00e4rke\u00e4 osa Fotoniikan lippulaivan toimintaa. PREIN toteuttaa tiedekasvatusta yhdess\u00e4 tiedekasvatuksen kansallisten LUMA-toimijoiden kanssa. J\u00e4rjest\u00e4mme s\u00e4\u00e4nn\u00f6llisesti tiedekasvatustapahtumia ja osallistumme laajempiin tapahtumiin. Erilaisten teemaviikkoje, tapahtumien ja kilpailujen lis\u00e4ksi, olemme ker\u00e4nneet yhteen erilaisia itsen\u00e4isesti kotona tai koulussa toteutettavia valoon liittyvi\u00e4 teht\u00e4vi\u00e4 [&hellip;]<\/p>\n","protected":false},"author":4,"featured_media":0,"parent":0,"menu_order":6,"comment_status":"closed","ping_status":"closed","template":"","meta":{"_acf_changed":false,"footnotes":""},"class_list":["post-4666","page","type-page","status-publish","hentry"],"acf":[],"aioseo_notices":[],"_links":{"self":[{"href":"https:\/\/prein.fi\/fi\/wp-json\/wp\/v2\/pages\/4666","targetHints":{"allow":["GET"]}}],"collection":[{"href":"https:\/\/prein.fi\/fi\/wp-json\/wp\/v2\/pages"}],"about":[{"href":"https:\/\/prein.fi\/fi\/wp-json\/wp\/v2\/types\/page"}],"author":[{"embeddable":true,"href":"https:\/\/prein.fi\/fi\/wp-json\/wp\/v2\/users\/4"}],"replies":[{"embeddable":true,"href":"https:\/\/prein.fi\/fi\/wp-json\/wp\/v2\/comments?post=4666"}],"version-history":[{"count":0,"href":"https:\/\/prein.fi\/fi\/wp-json\/wp\/v2\/pages\/4666\/revisions"}],"wp:attachment":[{"href":"https:\/\/prein.fi\/fi\/wp-json\/wp\/v2\/media?parent=4666"}],"curies":[{"name":"wp","href":"https:\/\/api.w.org\/{rel}","templated":true}]}}