{"id":4668,"date":"2023-10-24T13:09:44","date_gmt":"2023-10-24T10:09:44","guid":{"rendered":"https:\/\/prein.fi\/?page_id=4668"},"modified":"2025-08-26T15:56:08","modified_gmt":"2025-08-26T12:56:08","slug":"valon-viikko-2023","status":"publish","type":"page","link":"https:\/\/prein.fi\/fi\/tiedekasvatus\/valon-viikko-2023\/","title":{"rendered":"Valon viikko 2023"},"content":{"rendered":"\n<p>Haluamme yhdess\u00e4 juhlistaa Kansainv\u00e4list\u00e4 valon p\u00e4iv\u00e4\u00e4 (<a href=\"https:\/\/www.lightday.org\/about\" target=\"_blank\" rel=\"noopener\" title=\"\">International Day of Light<\/a>), jota vietet\u00e4\u00e4n vuosittain toukokuun kuudestoista p\u00e4iv\u00e4 tarjoamalla lapsille valoon ja valon tutkimukseen liittyvi\u00e4 tiedety\u00f6pajoja. Valon viikko on osa Kansainv\u00e4lisen valon p\u00e4iv\u00e4n virallista ohjelmaa.<\/p>\n\n\n\n<p>Fotoniikan lippulaiva PREIN ja LUMA-toimijat Tampereen yliopiston&nbsp;<a href=\"https:\/\/sites.tuni.fi\/juniversity\/\" target=\"_blank\" rel=\"noopener\" title=\"\">Juniversity,<\/a>&nbsp;<a href=\"https:\/\/www.aalto.fi\/fi\/aalto-yliopisto-junior\" target=\"_blank\" rel=\"noopener\" title=\"\">Aalto-yliopisto Junior<\/a>&nbsp;ja&nbsp;<a href=\"https:\/\/luma.uef.fi\/\" target=\"_blank\" rel=\"noopener\" title=\"\">It\u00e4-Suomen yliopiston LUMA-keskus&nbsp;<\/a>yhdess\u00e4 j\u00e4rjest\u00e4v\u00e4t lapsille ja kouluille suunnattua ohjelmaa 15.-17.5.2023. Kaikkien et\u00e4ty\u00f6pajojen yhteinen teema on valo. Valon tutkimus eli fotoniikka liittyy fysiikkaan, kemiaan ja moniin luonnon ilmi\u00f6ihin ja sill\u00e4 on lukematon m\u00e4\u00e4r\u00e4 sovelluksia tekniikan alalla. &nbsp;<\/p>\n\n\n\n<p>Olemme my\u00f6s ker\u00e4nneet omatoimisesti toteutettavia valoon liittyvi\u00e4 ty\u00f6pajaohjeita ja materiaaleja, joista voi koulussa tai kotona toteuttaa haluamansa. Itsen\u00e4isesti toteutettavat ty\u00f6pajat sopivat kaiken ik\u00e4isille.<\/p>\n\n\n\n<p>Tutustu ty\u00f6pajatarjontaan, suunnittele ohjelmasi ja ilmoittaudu mukaan Valon viikkoon 2023!<\/p>\n\n\n\n<p><\/p>\n\n\n<div class=\"wp-block-image\">\n<figure class=\"aligncenter size-large is-resized\"><img decoding=\"async\" width=\"1024\" height=\"1024\" src=\"https:\/\/prein.fi\/wp-content\/uploads\/2023\/10\/prein-valon-viikko-somekuva-1024x1024.png\" alt=\"\" class=\"wp-image-4669\" style=\"aspect-ratio:1;width:824px;height:auto\" srcset=\"https:\/\/prein.fi\/wp-content\/uploads\/2023\/10\/prein-valon-viikko-somekuva-1024x1024.png 1024w, https:\/\/prein.fi\/wp-content\/uploads\/2023\/10\/prein-valon-viikko-somekuva-300x300.png 300w, https:\/\/prein.fi\/wp-content\/uploads\/2023\/10\/prein-valon-viikko-somekuva-150x150.png 150w, https:\/\/prein.fi\/wp-content\/uploads\/2023\/10\/prein-valon-viikko-somekuva-768x768.png 768w, https:\/\/prein.fi\/wp-content\/uploads\/2023\/10\/prein-valon-viikko-somekuva-1536x1536.png 1536w, https:\/\/prein.fi\/wp-content\/uploads\/2023\/10\/prein-valon-viikko-somekuva.png 1920w\" sizes=\"(max-width: 1024px) 100vw, 1024px\" \/><\/figure>\n<\/div>","protected":false},"excerpt":{"rendered":"<p>Haluamme yhdess\u00e4 juhlistaa Kansainv\u00e4list\u00e4 valon p\u00e4iv\u00e4\u00e4 (International Day of Light), jota vietet\u00e4\u00e4n vuosittain toukokuun kuudestoista p\u00e4iv\u00e4 tarjoamalla lapsille valoon ja valon tutkimukseen liittyvi\u00e4 tiedety\u00f6pajoja. Valon viikko on osa Kansainv\u00e4lisen valon p\u00e4iv\u00e4n virallista ohjelmaa. Fotoniikan lippulaiva PREIN ja LUMA-toimijat Tampereen yliopiston&nbsp;Juniversity,&nbsp;Aalto-yliopisto Junior&nbsp;ja&nbsp;It\u00e4-Suomen yliopiston LUMA-keskus&nbsp;yhdess\u00e4 j\u00e4rjest\u00e4v\u00e4t lapsille ja kouluille suunnattua ohjelmaa 15.-17.5.2023. Kaikkien et\u00e4ty\u00f6pajojen yhteinen teema on [&hellip;]<\/p>\n","protected":false},"author":4,"featured_media":0,"parent":4666,"menu_order":1,"comment_status":"closed","ping_status":"closed","template":"","meta":{"_acf_changed":false,"footnotes":""},"class_list":["post-4668","page","type-page","status-publish","hentry"],"acf":[],"aioseo_notices":[],"_links":{"self":[{"href":"https:\/\/prein.fi\/fi\/wp-json\/wp\/v2\/pages\/4668","targetHints":{"allow":["GET"]}}],"collection":[{"href":"https:\/\/prein.fi\/fi\/wp-json\/wp\/v2\/pages"}],"about":[{"href":"https:\/\/prein.fi\/fi\/wp-json\/wp\/v2\/types\/page"}],"author":[{"embeddable":true,"href":"https:\/\/prein.fi\/fi\/wp-json\/wp\/v2\/users\/4"}],"replies":[{"embeddable":true,"href":"https:\/\/prein.fi\/fi\/wp-json\/wp\/v2\/comments?post=4668"}],"version-history":[{"count":0,"href":"https:\/\/prein.fi\/fi\/wp-json\/wp\/v2\/pages\/4668\/revisions"}],"up":[{"embeddable":true,"href":"https:\/\/prein.fi\/fi\/wp-json\/wp\/v2\/pages\/4666"}],"wp:attachment":[{"href":"https:\/\/prein.fi\/fi\/wp-json\/wp\/v2\/media?parent=4668"}],"curies":[{"name":"wp","href":"https:\/\/api.w.org\/{rel}","templated":true}]}}