{"id":4672,"date":"2023-10-24T13:18:19","date_gmt":"2023-10-24T10:18:19","guid":{"rendered":"https:\/\/prein.fi\/?page_id=4672"},"modified":"2025-08-26T15:22:21","modified_gmt":"2025-08-26T12:22:21","slug":"valon-viikko-2022","status":"publish","type":"page","link":"https:\/\/prein.fi\/fi\/tiedekasvatus\/valon-viikko-2022\/","title":{"rendered":"Valon viikko 2022"},"content":{"rendered":"\n<figure class=\"wp-block-image size-large\"><img decoding=\"async\" width=\"1024\" height=\"536\" src=\"https:\/\/prein.fi\/wp-content\/uploads\/2023\/11\/valon-viikko-banneri-2022-1024x536.webp\" alt=\"\" class=\"wp-image-6573\" srcset=\"https:\/\/prein.fi\/wp-content\/uploads\/2023\/11\/valon-viikko-banneri-2022-1024x536.webp 1024w, https:\/\/prein.fi\/wp-content\/uploads\/2023\/11\/valon-viikko-banneri-2022-300x157.webp 300w, https:\/\/prein.fi\/wp-content\/uploads\/2023\/11\/valon-viikko-banneri-2022-768x402.webp 768w, https:\/\/prein.fi\/wp-content\/uploads\/2023\/11\/valon-viikko-banneri-2022.webp 1200w\" sizes=\"(max-width: 1024px) 100vw, 1024px\" \/><\/figure>\n\n\n\n<h1 class=\"wp-block-heading\">Valon viikko 2022<\/h1>\n\n\n\n<p>Haluamme yhdess\u00e4 juhlistaa Kansainv\u00e4list\u00e4 valon p\u00e4iv\u00e4\u00e4 (<a href=\"https:\/\/www.lightday.org\/about\" target=\"_blank\" rel=\"noopener\" title=\"\">International Day of Light<\/a>), jota vietet\u00e4\u00e4n vuosittain toukokuun kuudestoista p\u00e4iv\u00e4 tarjoamalla lapsille valoon ja valon tutkimukseen liittyvi\u00e4 tiedety\u00f6pajoja. Valon viikko on osa Kansainv\u00e4lisen valon p\u00e4iv\u00e4n virallista ohjelmaa.<\/p>\n\n\n\n<p>Fotoniikan lippulaiva PREIN ja LUMA-toimijat Tampereen yliopiston <a href=\"https:\/\/sites.tuni.fi\/juniversity\/\" target=\"_blank\" rel=\"noopener\" title=\"\">Juniversity,<\/a>&nbsp;<a href=\"https:\/\/www.aalto.fi\/fi\/aalto-yliopisto-junior\" target=\"_blank\" rel=\"noopener\" title=\"\">Aalto-yliopisto Junior<\/a>&nbsp;ja&nbsp;<a href=\"https:\/\/luma.uef.fi\/\" target=\"_blank\" rel=\"noopener\" title=\"\">It\u00e4-Suomen yliopiston LUMA-keskus <\/a>yhdess\u00e4 j\u00e4rjest\u00e4v\u00e4t lapsille ja kouluille suunnattua ohjelmaa 16.-18.5.2022. Kaikkien et\u00e4ty\u00f6pajojen yhteinen teema on valo. Valon tutkimus eli fotoniikka liittyy fysiikkaan, kemiaan ja moniin luonnon ilmi\u00f6ihin ja sill\u00e4 on lukematon m\u00e4\u00e4r\u00e4 sovelluksia tekniikan alalla. &nbsp;<\/p>\n\n\n\n<p>Olemme my\u00f6s ker\u00e4nneet omatoimisesti toteutettavia valoon liittyvi\u00e4 ty\u00f6pajaohjeita ja materiaaleja, joista voi koulussa tai kotona toteuttaa haluamansa. Itsen\u00e4isesti toteutettavat ty\u00f6pajat sopivat kaiken ik\u00e4isille.<br>&nbsp;<a>itsen\u00e4isesti toteutettavia valoon liittyvi\u00e4 teht\u00e4vi\u00e4<\/a><\/p>\n\n\n\n<p>Tutustu virtuaality\u00f6pajatarjontaan, suunnittele ohjelmasi ja ilmoittaudu mukaan Valon viikkoon 2022!<\/p>\n\n\n\n<h2 class=\"wp-block-heading\">Virtuaality\u00f6pajat<\/h2>\n\n\n\n<p>Vuonna 2022 tarjoamme virtuaality\u00f6pajoja esiopetukseen (5-6 vuotiaat) ja <a>alakouluille <\/a>(5-6 luokka).<\/p>\n\n\n\n<p>HUOM! Ty\u00f6pajoihin omat erilliset ilmoittautumisensa, Katso ilmoittatumisohjeet kyseisen ty\u00f6pajan kuvauksesta<\/p>\n\n\n<div class=\"image-and-text wp-block has-media-on-the-left\">\r\n<div class=\"row\">\r\n    <div class=\"col-12 col-md-6 image-col\" style=\"aspect-ratio:; object-position: 50% %;\" >\r\n\r\n        <img decoding=\"async\" width=\"800\" height=\"450\" src=\"https:\/\/prein.fi\/wp-content\/uploads\/2023\/11\/hehkun-varikkaat-tunteet-1024x576.jpg\" class=\"attachment-large size-large\" alt=\"\" srcset=\"https:\/\/prein.fi\/wp-content\/uploads\/2023\/11\/hehkun-varikkaat-tunteet-1024x576.jpg 1024w, https:\/\/prein.fi\/wp-content\/uploads\/2023\/11\/hehkun-varikkaat-tunteet-300x169.jpg 300w, https:\/\/prein.fi\/wp-content\/uploads\/2023\/11\/hehkun-varikkaat-tunteet-768x432.jpg 768w, https:\/\/prein.fi\/wp-content\/uploads\/2023\/11\/hehkun-varikkaat-tunteet-1536x864.jpg 1536w, https:\/\/prein.fi\/wp-content\/uploads\/2023\/11\/hehkun-varikkaat-tunteet-2048x1152.jpg 2048w\" sizes=\"(max-width: 800px) 100vw, 800px\" \/>    <\/div>\r\n\r\n    <div class=\"col-12 col-md-6 text-col\"><div class=\"acf-innerblocks-container\">\n\n<h2 class=\"wp-block-heading\">Juniversityn ty\u00f6paja&nbsp;<em>Hehkun v\u00e4rikk\u00e4\u00e4t tunteet<\/em><\/h2>\n\n\n\n<p><em>Yst\u00e4v\u00e4mme Hehku on h\u00e4mmentynyt. H\u00e4n ilmaisee tunteensa eri v\u00e4rein, mutta h\u00e4n ei tunnista mik\u00e4 v\u00e4ri tarkoittaa mit\u00e4kin tunnetta. Hehkun lempiasia maailmassa on valo. Voisimmeko valon ilmi\u00f6it\u00e4 tutkimalla tuoda Hehkun tunteet esiin ja auttaa h\u00e4nt\u00e4 nime\u00e4m\u00e4\u00e4n niit\u00e4? Hypp\u00e4\u00e4 mukaan hauskaan ja toiminnalliseen et\u00e4ohjattuun ty\u00f6pajaan Tampereen yliopiston Juniversityn ohjaajien ja Hehkun kanssa.<\/em><br><strong>Kohderyhm\u00e4: <\/strong>5-6 vuotiaat<br><strong>Ajankohta:&nbsp; Ti 17.5. \u2013 Ke 18.5. klo 9-14 v\u00e4lisen\u00e4 aikana<\/strong>. Tarjoamme 2 ty\u00f6pajaa \/p\u00e4iv\u00e4 osallistuvan ryhm\u00e4n varaamana ajankohtana.&nbsp;Ty\u00f6pajaan voi osallistua yksi ryhm\u00e4 kerrallaan.&nbsp;<br><strong>Kesto:<\/strong>&nbsp;45 min<br><strong>Toteutus:<\/strong>&nbsp;Zoom-et\u00e4yhteydell\u00e4.&nbsp;L\u00e4het\u00e4mme osallistumislinkin ja valmistautumisohjeet s\u00e4hk\u00f6postilla etuk\u00e4teen. Luokassa tulee olla kameralla ja mikrofonilla varustettu tietokone sek\u00e4 projektori, jolla voit heijastaa videoyhteyden isolle n\u00e4yt\u00f6lle.<br><strong>Ilmoittautuminen: <\/strong>Varaa aika omalle ryhm\u00e4llesi <a href=\"https:\/\/secure.vihta.com\/public-ng\/juniversity\/#\/home\" target=\"_blank\" rel=\"noopener\" title=\"\">Juniversityn varauskalenterin<\/a> kautta<br><strong>Lis\u00e4tiedot:&nbsp;<\/strong><a href=\"https:\/\/sites.tuni.fi\/juniversity\/\" target=\"_blank\" rel=\"noopener\" title=\"\">tuni.fi\/juniversity\/&nbsp;<\/a>tai&nbsp;<a href=\"mailto:juniversity@tuni.fi\" target=\"_blank\" rel=\"noopener\" title=\"\">juniversity@tuni.fi<\/a><\/p>\n\n<\/div>\r\n<\/div>\r\n<\/div>\r\n<\/div>\n\n<div class=\"image-and-text wp-block has-media-on-the-right\">\r\n<div class=\"row\">\r\n    <div class=\"col-12 col-md-6 image-col\" style=\"aspect-ratio:; object-position: 50% %;\" >\r\n\r\n        <img decoding=\"async\" width=\"800\" height=\"800\" src=\"https:\/\/prein.fi\/wp-content\/uploads\/2023\/11\/helikopteri-tyopaja-1024x1024.png\" class=\"attachment-large size-large\" alt=\"\" srcset=\"https:\/\/prein.fi\/wp-content\/uploads\/2023\/11\/helikopteri-tyopaja-1024x1024.png 1024w, https:\/\/prein.fi\/wp-content\/uploads\/2023\/11\/helikopteri-tyopaja-300x300.png 300w, https:\/\/prein.fi\/wp-content\/uploads\/2023\/11\/helikopteri-tyopaja-150x150.png 150w, https:\/\/prein.fi\/wp-content\/uploads\/2023\/11\/helikopteri-tyopaja-768x768.png 768w, https:\/\/prein.fi\/wp-content\/uploads\/2023\/11\/helikopteri-tyopaja.png 1080w\" sizes=\"(max-width: 800px) 100vw, 800px\" \/>    <\/div>\r\n\r\n    <div class=\"col-12 col-md-6 text-col\"><div class=\"acf-innerblocks-container\">\n\n<h2 class=\"wp-block-heading\"><em>It\u00e4-Suomen yliopiston LUMA-keskuksen Helikopteri-ty\u00f6paja<\/em><\/h2>\n\n\n\n<p><em>T\u00e4ss\u00e4 et\u00e4n\u00e4 toteutettavassa ty\u00f6pajassa tutustutaan tarinallisesti valoihin ja v\u00e4reihin. Ty\u00f6paja on suunnattu varhaiskasvatukseen noin 5-6 vuotiaille lapsille. Ty\u00f6paja koostuu tarinallisesta osuudesta (n. 15 min), jonka j\u00e4lkeen lapset askartelevat omat helikopterit yhdess\u00e4 aikuisten kanssa (katso tarvikelista ilmoittautumislinkist\u00e4). T\u00e4m\u00e4n ajan ty\u00f6pajan pit\u00e4j\u00e4t ovat linjoilla vastaamassa mahdollisiin kysymyksiin. Valmiiden helikopterien kanssa tutkitaan v\u00e4rien \u201cliikett\u00e4\u201d.<\/em><\/p>\n\n\n\n<p><strong>Kohderyhm\u00e4: <\/strong>5-6 vuotiaat<br><strong>Ajankohta; Ma 16.5.klo 9-10 <\/strong>Osallistujam\u00e4\u00e4r\u00e4\u00e4 ei ole rajoitettu, ennakkoilmoittautuminen tarvitaan. Ilmoittaudu viimeist\u00e4\u00e4n viikolla 19. Ilmoittautuneille l\u00e4hetet\u00e4\u00e4n kyseisell\u00e4 viikolla ohjeet sek\u00e4 zoom-linkki.<br><strong>Kesto: <\/strong>1 tunti<br><strong>Toteutus: <\/strong>Zoom-et\u00e4yhteydell\u00e4<br><strong>Imoittautuminen:<\/strong> <a href=\"https:\/\/forms.office.com\/r\/0mhyVc6XgW\" target=\"_blank\" rel=\"noopener\" title=\"\">Valon viikon helikopterity\u00f6paja<\/a><br><strong>Lis\u00e4tiedot: <\/strong><a href=\"mailto:luma-keskus@uef.fi\" target=\"_blank\" rel=\"noopener\" title=\"\">luma-keskus@uef.fi<\/a><\/p>\n\n<\/div>\r\n<\/div>\r\n<\/div>\r\n<\/div>\n\n<div class=\"image-and-text wp-block has-media-on-the-left\">\r\n<div class=\"row\">\r\n    <div class=\"col-12 col-md-6 image-col\" style=\"aspect-ratio:; object-position: 50% %;\" >\r\n\r\n        <img decoding=\"async\" width=\"800\" height=\"419\" src=\"https:\/\/prein.fi\/wp-content\/uploads\/2023\/11\/aalto-yliopisto-junior-spektroskooppi-1024x536.png\" class=\"attachment-large size-large\" alt=\"\" srcset=\"https:\/\/prein.fi\/wp-content\/uploads\/2023\/11\/aalto-yliopisto-junior-spektroskooppi-1024x536.png 1024w, https:\/\/prein.fi\/wp-content\/uploads\/2023\/11\/aalto-yliopisto-junior-spektroskooppi-300x157.png 300w, https:\/\/prein.fi\/wp-content\/uploads\/2023\/11\/aalto-yliopisto-junior-spektroskooppi-768x402.png 768w, https:\/\/prein.fi\/wp-content\/uploads\/2023\/11\/aalto-yliopisto-junior-spektroskooppi.png 1200w\" sizes=\"(max-width: 800px) 100vw, 800px\" \/>    <\/div>\r\n\r\n    <div class=\"col-12 col-md-6 text-col\"><div class=\"acf-innerblocks-container\">\n\n<h2 class=\"wp-block-heading\">Aalto-yliopisto Juniorin <strong>Spektroskooppi -virtuaality\u00f6paja<\/strong><\/h2>\n\n\n\n<p><em>Mit\u00e4 on valo ja kuinka sit\u00e4 tutkitaan? Ty\u00f6pajassa tutustutaan valon spektriin ja askarrellaan talouspaperirullan hylsyst\u00e4, vanhasta CD-levyst\u00e4 sek\u00e4 muista kotoa l\u00f6ytyvist\u00e4 tarvikkeista spektroskooppi, jolla voi tutkia valon v\u00e4rej\u00e4. Maksuttomat ty\u00f6pajat on tarkoitettu koululaisryhmille ja ne toteutetaan Teams-alustalla.<\/em><\/p>\n\n\n\n<p><strong>Aikajankohta:<\/strong><br><strong>Ti 17.5. klo 9:15-10:00<\/strong><br><strong>Kohderyhm\u00e4:<\/strong> alakoulu&nbsp;&nbsp; 5-6 lk<br><strong>Ajankohta: Ti 17.5.<\/strong><br><strong>Kesto: <\/strong>1 tunti<br><strong>Lis\u00e4tiedot ja ilmoittautuminen:&nbsp; <\/strong><a href=\"https:\/\/www.aalto.fi\/fi\/aalto-yliopisto-junior\/tapahtumat-ja-teemaviikot\" target=\"_blank\" rel=\"noopener\" title=\"\">https:\/\/www.aalto.fi\/fi\/aalto-yliopisto-junior\/tapahtumat-ja-teemaviikot<\/a><\/p>\n\n<\/div>\r\n<\/div>\r\n<\/div>\r\n<\/div>","protected":false},"excerpt":{"rendered":"<p>Valon viikko 2022 Haluamme yhdess\u00e4 juhlistaa Kansainv\u00e4list\u00e4 valon p\u00e4iv\u00e4\u00e4 (International Day of Light), jota vietet\u00e4\u00e4n vuosittain toukokuun kuudestoista p\u00e4iv\u00e4 tarjoamalla lapsille valoon ja valon tutkimukseen liittyvi\u00e4 tiedety\u00f6pajoja. Valon viikko on osa Kansainv\u00e4lisen valon p\u00e4iv\u00e4n virallista ohjelmaa. Fotoniikan lippulaiva PREIN ja LUMA-toimijat Tampereen yliopiston Juniversity,&nbsp;Aalto-yliopisto Junior&nbsp;ja&nbsp;It\u00e4-Suomen yliopiston LUMA-keskus yhdess\u00e4 j\u00e4rjest\u00e4v\u00e4t lapsille ja kouluille suunnattua ohjelmaa 16.-18.5.2022. [&hellip;]<\/p>\n","protected":false},"author":4,"featured_media":0,"parent":4666,"menu_order":2,"comment_status":"closed","ping_status":"closed","template":"","meta":{"_acf_changed":false,"footnotes":""},"class_list":["post-4672","page","type-page","status-publish","hentry"],"acf":[],"aioseo_notices":[],"_links":{"self":[{"href":"https:\/\/prein.fi\/fi\/wp-json\/wp\/v2\/pages\/4672","targetHints":{"allow":["GET"]}}],"collection":[{"href":"https:\/\/prein.fi\/fi\/wp-json\/wp\/v2\/pages"}],"about":[{"href":"https:\/\/prein.fi\/fi\/wp-json\/wp\/v2\/types\/page"}],"author":[{"embeddable":true,"href":"https:\/\/prein.fi\/fi\/wp-json\/wp\/v2\/users\/4"}],"replies":[{"embeddable":true,"href":"https:\/\/prein.fi\/fi\/wp-json\/wp\/v2\/comments?post=4672"}],"version-history":[{"count":0,"href":"https:\/\/prein.fi\/fi\/wp-json\/wp\/v2\/pages\/4672\/revisions"}],"up":[{"embeddable":true,"href":"https:\/\/prein.fi\/fi\/wp-json\/wp\/v2\/pages\/4666"}],"wp:attachment":[{"href":"https:\/\/prein.fi\/fi\/wp-json\/wp\/v2\/media?parent=4672"}],"curies":[{"name":"wp","href":"https:\/\/api.w.org\/{rel}","templated":true}]}}