{"id":4678,"date":"2023-10-04T15:46:03","date_gmt":"2023-10-04T12:46:03","guid":{"rendered":"https:\/\/prein.fi\/?page_id=4678"},"modified":"2026-03-05T14:18:52","modified_gmt":"2026-03-05T12:18:52","slug":"valon-tutkimuspaketti","status":"publish","type":"page","link":"https:\/\/prein.fi\/fi\/tiedekasvatus\/valon-tutkimuspaketti\/","title":{"rendered":"Photonics Explorer Kit &#8211; Valon tutkimuspaketti koululaisille"},"content":{"rendered":"\n<p><\/p>\n\n\n\r\n\r\n<section class=\"hero site-banner banner-bg-image section-default default alignfull image\">\r\n\r\n    <div class=\"site-banner-bg section-bg-image \" >\r\n\r\n        <img decoding=\"async\" width=\"2560\" height=\"1707\" src=\"https:\/\/prein.fi\/wp-content\/uploads\/2023\/11\/dscf1694-scaled.jpg\" class=\"attachment-1536\u00d71536 size-1536\u00d71536\" alt=\"Valon tutkimuspaketti koululaisille\" srcset=\"https:\/\/prein.fi\/wp-content\/uploads\/2023\/11\/dscf1694-scaled.jpg 2560w, https:\/\/prein.fi\/wp-content\/uploads\/2023\/11\/dscf1694-300x200.jpg 300w, https:\/\/prein.fi\/wp-content\/uploads\/2023\/11\/dscf1694-1024x683.jpg 1024w, https:\/\/prein.fi\/wp-content\/uploads\/2023\/11\/dscf1694-768x512.jpg 768w, https:\/\/prein.fi\/wp-content\/uploads\/2023\/11\/dscf1694-1536x1024.jpg 1536w, https:\/\/prein.fi\/wp-content\/uploads\/2023\/11\/dscf1694-2048x1365.jpg 2048w\" sizes=\"(max-width: 2560px) 100vw, 2560px\" \/>\r\n        \r\n            <div class=\"site-banner-content container\">\r\n                <div class=\"row w-100\">\r\n                    <div class=\"col-md-12\">\r\n\r\n                        <h1 class=\"hero-title\">Photonics Explorer Kit &#8211; Valon tutkimuspaketti koululaisille<\/h1><div class=\"inner-content\">\r\n                            <div class=\"acf-innerblocks-container\">\n\n<p>Photonics Explorer Kit <\/p>\n\n<\/div>\r\n                        <\/div>                    <\/div>\r\n                <\/div>\r\n            <\/div>\r\n        \r\n        <\/div><\/section>\r\n\r\n    <div class=\"breadcrumbs alignfull\">\r\n        <div class=\"container\">\r\n            <a href=\"https:\/\/prein.fi\/fi\/\">Etusivu<\/a>        <\/div>\r\n    <\/div>\r\n\n\n\n<h1 class=\"wp-block-heading\">Photonics Explorer Kit &#8211; Valon tutkimuspaketti<\/h1>\n\n\n\n<p><strong>Tule mukaan valon lumoavaan maailmaan!<\/strong><\/p>\n\n\n\n<p>Fotoniikka on kiehtova ja nopeasti kehittyv\u00e4 tieteenala, joka tarjoaa lukemattomia mahdollisuuksia. Kuitenkin fotoniikkaan liittyv\u00e4n teollisuuden kasvaessa, kohtaamme haasteen &#8211; osaavan ty\u00f6voiman puutteen. Haluamme muuttaa t\u00e4m\u00e4n trendin innostamalla nuoria tutustumaan tekniikan ihmeelliseen maailmaan, erityisesti fotoniikan pariin.<\/p>\n\n\n\n<p><strong>Esittelyss\u00e4:  Photonics Explorer Kit &#8211; Valon tutkimuspaketti!<\/strong> T\u00e4m\u00e4 ainutlaatuinen opetuspaketti on suunniteltu her\u00e4tt\u00e4m\u00e4\u00e4n kiinnostus fysiikan saloihin kokeellisen oppimisen kautta. Se tarjoaa opettajille ja oppilaille v\u00e4lineit\u00e4 tutkia valoa monipuolisesti ja innostavasti.<\/p>\n\n\n\n<p><strong>Miksi sinun kannattaa l\u00e4hte\u00e4 mukaan?<\/strong> <\/p>\n\n\n\n<p>Yksi lahjoitettu tutkimuspaketti &#8211; Photonics Explorer Kit (PEK) voi avata oven valtavaan m\u00e4\u00e4r\u00e4\u00e4n uusia mahdollisuuksia oppilaille ymp\u00e4ri Suomea. T\u00e4m\u00e4 ei ole vain lahjoitus opetuspakettiin, vaan investointi tulevaisuuteen. Lahjoittamalla PEK:n, mahdollistat oppilaille innovatiivisen oppimisen, joka voi innoittaa seuraavia tulevaisuuden tekniikan huippuosaajia.<\/p>\n\n\n\n<p>Sponsoroijana saat tilaisuuden vaikuttaa suoraan lahjoituksesi kohteeseen ja n\u00e4kyvyytt\u00e4 yrityksellesi tai henkil\u00f6kohtaiselle panostuksellesi. Halutessasi voimme my\u00f6s auttaa l\u00f6yt\u00e4m\u00e4\u00e4n sopivan koulun l\u00e4hialueeltasi. Photonics Explorer Kit &#8211; pakettin jakelusta Suomessa vastaa It\u00e4-Suomen yliopisto. Yhteisty\u00f6ss\u00e4 varmistamme, ett\u00e4 lahjoituksesi p\u00e4\u00e4see perille ja kohdentuu juuri sinun toiveitasi vastaavasti.<\/p>\n\n\n\n<p>Valon tutkimuspaketti ei ole vain opetusv\u00e4line, se on opettajien ja oppilaiden yhteinen seikkailu valon salaper\u00e4isess\u00e4 maailmassa. T\u00e4m\u00e4 laadukas ja kest\u00e4v\u00e4 paketti sis\u00e4lt\u00e4\u00e4 yli sata osaa, kuten linssej\u00e4, LED-valoja, lasereita ja polarisaattoreita, jotka mahdollistavat innostavan oppimiskokemuksen. Ja mik\u00e4 parasta, se on t\u00e4ysin ilmainen kouluille, kiitos lahjoittajien!<\/p>\n\n\n\n<p>Liity mukaan valon kampanjaan ja vaikuta fotoniikka-alan tulevaisuuteen. Yhdess\u00e4 voimme valaista polkuja uusille teknologian huipuille ja inspiroida seuraavaa sukupolvea valon kiehtovaan maailmaan!<\/p>\n\n\n\n<p><strong>Yhden Photonics Explorer Kit paketin hinta lahjoittajalle on 250 euroa (+alv)<\/strong>. Sponsoroija saa halutessaan itse valita kohteensa, sek\u00e4 saa esitteens\u00e4 ja logonsa lahjoittamaansa pakettiin. Voimme my\u00f6s etsi\u00e4 yrityksen lahjoitukselle sopivan koulun l\u00e4hialueelta. It\u00e4-Suomen yliopisto tilaa ja toimittaa paketit sponsorin toivomaan kohteeseen ja laskuttaa sponsoria j\u00e4lkik\u00e4teen.<\/p>\n\n\n\n<h3 class=\"wp-block-heading\">Yritykset ja yksityiset voivat tehd\u00e4 lahjoituksen t\u00e4ytt\u00e4m\u00e4ll\u00e4 <a href=\"https:\/\/forms.office.com\/r\/GJp1PjZrRj\" target=\"_blank\" rel=\"noopener\" title=\"\">spronsorointilomakkeen<\/a><\/h3>\n\n\n\n<h3 class=\"wp-block-heading\">Koulut voivat pyyt\u00e4\u00e4 Photonics Explorer Kit lahjoitusta t\u00e4ytt\u00e4m\u00e4ll\u00e4 <a href=\"https:\/\/forms.office.com\/r\/CCHLtFx2Ve\" target=\"_blank\" rel=\"noopener\" title=\"\">lomakkeen<\/a><\/h3>\n\n\n\n<p><a href=\"https:\/\/www.mapcustomizer.com\/map\/Photonics%20Explorer%20Kit%20PEK?utm_source=share&amp;utm_medium=email\" target=\"_blank\" rel=\"noreferrer noopener\"><u>Katso t\u00e4st\u00e4 kartasta, mille kouluille paketti on jo lahjoitettu<\/u><\/a><\/p>\n\n\n<div class=\"image-and-text wp-block has-media-on-the-left\">\r\n<div class=\"row\">\r\n    <div class=\"col-12 col-md-6 image-col\" style=\"aspect-ratio:; object-position: 50% %;\" >\r\n\r\n        <img decoding=\"async\" width=\"800\" height=\"534\" src=\"https:\/\/prein.fi\/wp-content\/uploads\/2023\/11\/dscf1819-1024x683.jpg\" class=\"attachment-large size-large\" alt=\"\" srcset=\"https:\/\/prein.fi\/wp-content\/uploads\/2023\/11\/dscf1819-1024x683.jpg 1024w, https:\/\/prein.fi\/wp-content\/uploads\/2023\/11\/dscf1819-300x200.jpg 300w, https:\/\/prein.fi\/wp-content\/uploads\/2023\/11\/dscf1819-768x512.jpg 768w, https:\/\/prein.fi\/wp-content\/uploads\/2023\/11\/dscf1819-1536x1024.jpg 1536w, https:\/\/prein.fi\/wp-content\/uploads\/2023\/11\/dscf1819-2048x1365.jpg 2048w\" sizes=\"(max-width: 800px) 100vw, 800px\" \/>    <\/div>\r\n\r\n    <div class=\"col-12 col-md-6 text-col\"><div class=\"acf-innerblocks-container\">\n\n<h3 class=\"wp-block-heading\">Mik\u00e4 Photonics Explorer Kit &#8211; Valon tutkimuspaketti on?<\/h3>\n\n\n\n<p>Photonics Explorer Kit (PEK) on fysiikan opetussuunnitelmaan kytkeytyv\u00e4 opetuspaketti, joka kannustaa oppilaita oppimaan kokeilemalla. Opetuspaketissa on yli 100 kest\u00e4v\u00e4\u00e4 ja laadukasta osaa, kuten linssej\u00e4, LED&nbsp;valoja, lasereita, hiloja ja polarisaattoreita. Paketin v\u00e4lineill\u00e4 koko luokka voi toteuttaa kokeita yht\u00e4aikaa. Photonics Explorer Kit on&nbsp;yl\u00e4asteen ja lukion fysiikan opetukseen soveltuva, mutta sit\u00e4 voidaan hy\u00f6dynt\u00e4\u00e4 my\u00f6s ammatillisessa toisen asteen koulutuksessa. Opettajille toimitetaan paketin mukana valmiit tuntisuunnitelmat ja kirjalliset ohjeet kokeiden toteuttamiseksi. Lis\u00e4ksi tarjoamme opettajille tukea k\u00e4ytt\u00f6koulutusten ja ohjevideoiden avulla.&nbsp;<\/p>\n\n\n\n<p>Ilmoita koulusi PEK kokeellisen opetuspaketin vastaanottajaksi <a href=\"https:\/\/forms.office.com\/r\/CCHLtFx2Ve\" target=\"_blank\" rel=\"noopener\" title=\"\">t\u00e4ytt\u00e4m\u00e4ll\u00e4 lomake<\/a>.<\/p>\n\n\n\n<p>Lahjoittajat mahdollistavat, ett\u00e4 koulutuspaketti on ilmainen kouluille.<\/p>\n\n<\/div>\r\n<\/div>\r\n<\/div>\r\n<\/div>\n\n\n<h3 class=\"wp-block-heading\">Yhteisty\u00f6ss\u00e4 kehitetty ja kansainv\u00e4lisesti levinnyt<\/h3>\n\n\n\n<p><\/p>\n\n\n\n<p>Photonics Explorer Kit on eurooppalaisena yhteisty\u00f6n\u00e4 matemaattisluonnontieteellisten aineiden opettajien kehitt\u00e4m\u00e4. Paketin kokoamisesta ja kansainv\u00e4lisest\u00e4 jakelusta vastaa Brysseliss\u00e4 toimiva voittoa tavoittelematon j\u00e4rjest\u00f6 Eyest. Photonics Explorer Kit on saavuttanut suuren suosion maailmalla&nbsp;ja jopa&nbsp;3500 lahjoitettua pakettia eri puolilla maailmaa mahdollistaa satojentuhansien oppilaiden tutustumisen valo-oppiin.&nbsp;<\/p>\n\n\n\n<p>Kampanjamme ja lahjoittajien&nbsp;ansioista Photonics Explorer Kitin on 2020-2024 saanut yli 100 koulua eri puolilla Suomea. Kampanjan avulla olemme saaneet Photonics Explorer Kitin yh\u00e4 useamman koulun k\u00e4ytt\u00f6\u00f6n!<\/p>\n\n\n\n<h2 class=\"wp-block-heading\">Katso kartalta, miss\u00e4 kaikkialla Fotoniikan opetuspaketti jo on (klikkaa karttaa):<\/h2>\n\n\n\n<figure class=\"wp-block-image size-large\"><a href=\"https:\/\/www.google.com\/maps\/d\/viewer?mid=1fuKKpikMDPl9nIqP4PdKRo8a74YzDiY&amp;ll=65.17593254962496%2C26.16651465000001&amp;z=5\" target=\"_blank\" rel=\"Google.com\/maps\"><img decoding=\"async\" src=\"https:\/\/prein.fi\/wp-content\/uploads\/2026\/03\/pek-map-2026-1024x772.png\" alt=\"\" class=\"wp-image-8716\"\/><\/a><\/figure>\n\n\n\n<h2 class=\"wp-block-heading\">Photonics Explorer Kit &#8211; Fotoniikan opetuspaketin lahjoittajat 2020-&gt;<\/h2>\n\n\n\n<ul class=\"wp-block-list\">\n<li><a href=\"https:\/\/suomenimurikeskus.fi\/en\/\" target=\"_blank\" rel=\"noopener\" title=\"Suomen Imurikeskus Oy\">Suomen Imurikeskus Oy<\/a><\/li>\n\n\n\n<li>Juuso Uusim\u00e4ki<\/li>\n\n\n\n<li><a href=\"https:\/\/vexlum.com\/\" target=\"_blank\" rel=\"noopener\" title=\"Vexlum\">Vexlum<\/a> &#8211; 5 pakettia<\/li>\n\n\n\n<li><a href=\"https:\/\/www.avaruuspuisto.fi\/\" target=\"_blank\" rel=\"noopener\" title=\"Avaruuspuisto V\u00e4is\u00e4l\u00e4\">Avaruuspuisto V\u00e4is\u00e4l\u00e4<\/a><\/li>\n\n\n\n<li><a href=\"https:\/\/beneq.com\/en\/\" target=\"_blank\" rel=\"noopener\" title=\"\">Beneq Oy<\/a> \u2013 10 pakettia<\/li>\n\n\n\n<li><a href=\"https:\/\/www.noptel.fi\/\" target=\"_blank\" rel=\"noopener\" title=\"Noptel Oy\">Noptel Oy<\/a> \u2013 3 pakettia<\/li>\n\n\n\n<li><a href=\"https:\/\/millog.fi\/en\/\" target=\"_blank\" rel=\"noopener\" title=\"Millog Oy\">Millog Oy<\/a> \u2013 2 pakettia<\/li>\n\n\n\n<li><a href=\"https:\/\/senop.fi\/\" target=\"_blank\" rel=\"noopener\" title=\"Senop Oy \">Senop Oy <\/a>\u2013 2 pakettia<\/li>\n\n\n\n<li>Heidi Piili \u2013 2 pakettia<\/li>\n\n\n\n<li><a href=\"https:\/\/trioptics.com\/\" target=\"_blank\" rel=\"noopener\" title=\"Trioptics Scandinavia Oy\">Trioptics Scandinavia Oy<\/a> \u2013 2 pakettia<\/li>\n\n\n\n<li><a href=\"https:\/\/e-clubhouse.org\/sites\/kokemaki\/index.php\" target=\"_blank\" rel=\"noopener\" title=\"Kokem\u00e4en Lions club \">Kokem\u00e4en Lions club <\/a>\u2013 2 pakettia<\/li>\n\n\n\n<li><a href=\"https:\/\/www.oplatek.com\/\" target=\"_blank\" rel=\"noopener\" title=\"Oplatek Oy\">Oplatek Oy<\/a><\/li>\n\n\n\n<li><a href=\"https:\/\/reflekron.com\/\" target=\"_blank\" rel=\"noopener\" title=\"Reflekron Oy\">Reflekron Oy<\/a> (Mircea Guina)<\/li>\n\n\n\n<li><a href=\"https:\/\/www.from1to1000.com\/jyrkisaarinen.html\" target=\"_blank\" rel=\"noopener\" title=\"From 1to1000 Oy\">From 1to1000 Oy<\/a> (Jyrki Saarinen)<\/li>\n\n\n\n<li>Hanna Holopainen<\/li>\n\n\n\n<li><a href=\"https:\/\/rocsole.com\/\" target=\"_blank\" rel=\"noopener\" title=\"Rocsole Oy\">Rocsole Oy<\/a><\/li>\n\n\n\n<li>NomiCam Oy<\/li>\n\n\n\n<li><a href=\"https:\/\/www.maanmittauslaitos.fi\/\" target=\"_blank\" rel=\"noopener\" title=\"Maanmittauslaitos\">Maanmittauslaitos<\/a><\/li>\n\n\n\n<li><a href=\"https:\/\/fi.linkedin.com\/in\/juha-purmonen\" target=\"_blank\" rel=\"noopener\" title=\"Juha Purmonen\">Juha Purmonen<\/a><\/li>\n\n\n\n<li>Jukka-Matti Turtiainen<\/li>\n\n\n\n<li><a href=\"https:\/\/www.sensmet.com\/\" target=\"_blank\" rel=\"noopener\" title=\"Sensmet Oy\">Sensmet Oy<\/a><\/li>\n\n\n\n<li><a href=\"https:\/\/tecgyver.com\/wordpress\/\" target=\"_blank\" rel=\"noopener\" title=\"TecGyver Oy\">TecGyver Oy<\/a> (Kimmo Jokinen)<\/li>\n\n\n\n<li>Jussi Parkkinen<\/li>\n\n\n\n<li><a href=\"https:\/\/fi.linkedin.com\/in\/spie-tampere-student-chapter\" target=\"_blank\" rel=\"noopener\" title=\"Tampere SPIE Student Chapter\">Tampere SPIE Student Chapter<\/a><\/li>\n\n\n\n<li><a href=\"https:\/\/www.kata.fi\/\" target=\"_blank\" rel=\"noopener\" title=\"Kata Safety Oy\">Kata Safety Oy<\/a><\/li>\n\n\n\n<li><a href=\"https:\/\/jarvinet.fi\/\" target=\"_blank\" rel=\"noopener\" title=\"J\u00e4rvinet Oy\">J\u00e4rvinet Oy<\/a><\/li>\n\n\n\n<li><a href=\"https:\/\/www.avaruuspuisto.fi\/\" target=\"_blank\" rel=\"noopener\" title=\"Avaruuspuisto V\u00e4is\u00e4l\u00e4\">Avaruuspuisto V\u00e4is\u00e4l\u00e4<\/a><\/li>\n\n\n\n<li><a href=\"https:\/\/kimmy.fi\/\" target=\"_blank\" rel=\"noopener\" title=\"Ab Kimmy Photonics Oy\">Ab Kimmy Photonics Oy<\/a><\/li>\n\n\n\n<li>Juho Leskinen<br><br>&nbsp;Kiitos lahjoittajille!<\/li>\n<\/ul>\n\n\n\n<div class=\"wp-block-columns is-layout-flex wp-container-core-columns-is-layout-9d6595d7 wp-block-columns-is-layout-flex\">\n<div class=\"wp-block-column is-layout-flow wp-block-column-is-layout-flow\">\n<figure class=\"wp-block-embed is-type-video is-provider-youtube wp-block-embed-youtube wp-embed-aspect-16-9 wp-has-aspect-ratio\"><div class=\"wp-block-embed__wrapper\">\n<div class=\"ratio ratio-16x9\"><iframe title=\"Fotoniikan opetuspaketin sis\u00e4lt\u00f6 (Photonics Explorer Kit) yl\u00e4luokille ja lukioon\" width=\"800\" height=\"450\" src=\"https:\/\/www.youtube.com\/embed\/oJO0ndfqgXs?feature=oembed\" frameborder=\"0\" allow=\"accelerometer; autoplay; clipboard-write; encrypted-media; gyroscope; picture-in-picture; web-share\" referrerpolicy=\"strict-origin-when-cross-origin\" allowfullscreen><\/iframe><\/div>\n<\/div><\/figure>\n<\/div>\n\n\n\n<div class=\"wp-block-column is-layout-flow wp-block-column-is-layout-flow\">\n<figure class=\"wp-block-embed is-type-video is-provider-youtube wp-block-embed-youtube wp-embed-aspect-16-9 wp-has-aspect-ratio\"><div class=\"wp-block-embed__wrapper\">\n<div class=\"ratio ratio-16x9\"><iframe title=\"Education in Photonics - Photonics Explorer Kit\" width=\"800\" height=\"450\" src=\"https:\/\/www.youtube.com\/embed\/8hPRivYcJsU?feature=oembed\" frameborder=\"0\" allow=\"accelerometer; autoplay; clipboard-write; encrypted-media; gyroscope; picture-in-picture; web-share\" referrerpolicy=\"strict-origin-when-cross-origin\" allowfullscreen><\/iframe><\/div>\n<\/div><\/figure>\n<\/div>\n<\/div>\n","protected":false},"excerpt":{"rendered":"<p>Photonics Explorer Kit &#8211; Valon tutkimuspaketti Tule mukaan valon lumoavaan maailmaan! Fotoniikka on kiehtova ja nopeasti kehittyv\u00e4 tieteenala, joka tarjoaa lukemattomia mahdollisuuksia. Kuitenkin fotoniikkaan liittyv\u00e4n teollisuuden kasvaessa, kohtaamme haasteen &#8211; osaavan ty\u00f6voiman puutteen. Haluamme muuttaa t\u00e4m\u00e4n trendin innostamalla nuoria tutustumaan tekniikan ihmeelliseen maailmaan, erityisesti fotoniikan pariin. Esittelyss\u00e4: Photonics Explorer Kit &#8211; Valon tutkimuspaketti! T\u00e4m\u00e4 ainutlaatuinen [&hellip;]<\/p>\n","protected":false},"author":4,"featured_media":5529,"parent":4666,"menu_order":1,"comment_status":"closed","ping_status":"closed","template":"","meta":{"_acf_changed":false,"footnotes":""},"class_list":["post-4678","page","type-page","status-publish","has-post-thumbnail","hentry"],"acf":[],"aioseo_notices":[],"_links":{"self":[{"href":"https:\/\/prein.fi\/fi\/wp-json\/wp\/v2\/pages\/4678","targetHints":{"allow":["GET"]}}],"collection":[{"href":"https:\/\/prein.fi\/fi\/wp-json\/wp\/v2\/pages"}],"about":[{"href":"https:\/\/prein.fi\/fi\/wp-json\/wp\/v2\/types\/page"}],"author":[{"embeddable":true,"href":"https:\/\/prein.fi\/fi\/wp-json\/wp\/v2\/users\/4"}],"replies":[{"embeddable":true,"href":"https:\/\/prein.fi\/fi\/wp-json\/wp\/v2\/comments?post=4678"}],"version-history":[{"count":0,"href":"https:\/\/prein.fi\/fi\/wp-json\/wp\/v2\/pages\/4678\/revisions"}],"up":[{"embeddable":true,"href":"https:\/\/prein.fi\/fi\/wp-json\/wp\/v2\/pages\/4666"}],"wp:featuredmedia":[{"embeddable":true,"href":"https:\/\/prein.fi\/fi\/wp-json\/wp\/v2\/media\/5529"}],"wp:attachment":[{"href":"https:\/\/prein.fi\/fi\/wp-json\/wp\/v2\/media?parent=4678"}],"curies":[{"name":"wp","href":"https:\/\/api.w.org\/{rel}","templated":true}]}}