{"id":4680,"date":"2023-10-24T13:21:53","date_gmt":"2023-10-24T10:21:53","guid":{"rendered":"https:\/\/prein.fi\/?page_id=4680"},"modified":"2025-08-26T15:19:42","modified_gmt":"2025-08-26T12:19:42","slug":"valoon-liittyvia-tehtavia-itsenaiseen-opiskeluun","status":"publish","type":"page","link":"https:\/\/prein.fi\/fi\/tiedekasvatus\/valoon-liittyvia-tehtavia-itsenaiseen-opiskeluun\/","title":{"rendered":"Valoon liittyvi\u00e4 teht\u00e4vi\u00e4 itsen\u00e4iseen opiskeluun"},"content":{"rendered":"\n<p><\/p>\n\n\n\n<h2 class=\"wp-block-heading\">Aalto yliopisto Junior<\/h2>\n\n\n\n<p>Kokeile  kotona tai koulussa -ohjeiden avulla voit tehd\u00e4 valoon ja fotoniikkaan  liittyvi\u00e4 teht\u00e4vi\u00e4 itsen\u00e4isesti kotona tai koulussa. Eri teht\u00e4v\u00e4t  sopivat eri kohderyhmille varhaiskasvatuksesta toiselle asteelle.&nbsp;<\/p>\n\n\n<div class=\"image-and-text wp-block has-media-on-the-left\">\r\n<div class=\"row\">\r\n    <div class=\"col-12 col-md-5 image-col\" style=\"aspect-ratio:; object-position: 50% %;\" >\r\n\r\n        <img loading=\"lazy\" decoding=\"async\" width=\"690\" height=\"690\" src=\"https:\/\/prein.fi\/wp-content\/uploads\/2023\/11\/valomaalaus.webp\" class=\"attachment-large size-large\" alt=\"\" srcset=\"https:\/\/prein.fi\/wp-content\/uploads\/2023\/11\/valomaalaus.webp 690w, https:\/\/prein.fi\/wp-content\/uploads\/2023\/11\/valomaalaus-300x300.webp 300w, https:\/\/prein.fi\/wp-content\/uploads\/2023\/11\/valomaalaus-150x150.webp 150w\" sizes=\"auto, (max-width: 690px) 100vw, 690px\" \/>    <\/div>\r\n\r\n    <div class=\"col-12 col-md-7 text-col\"><div class=\"acf-innerblocks-container\">\n\n<h2 class=\"wp-block-heading\">Valomaalaus<\/h2>\n\n\n\n<p>Tuo valoa pime\u00e4\u00e4n valomaalausten avulla! Maalausten tekemiseen tarvitaan puhelimeen ladattava Light painting-sovellus. Teht\u00e4v\u00e4 suunnattu varhaiskasvatuksesta toiselle asteelle.<\/p>\n\n<\/div>\r\n<\/div>\r\n<\/div>\r\n<\/div>\n\n<div class=\"image-and-text wp-block has-media-on-the-right\">\r\n<div class=\"row\">\r\n    <div class=\"col-12 col-md-6 image-col\" style=\"aspect-ratio:; object-position: 50% %;\" >\r\n\r\n        <img loading=\"lazy\" decoding=\"async\" width=\"690\" height=\"690\" src=\"https:\/\/prein.fi\/wp-content\/uploads\/2023\/11\/aurinkouuni.webp\" class=\"attachment-large size-large\" alt=\"\" srcset=\"https:\/\/prein.fi\/wp-content\/uploads\/2023\/11\/aurinkouuni.webp 690w, https:\/\/prein.fi\/wp-content\/uploads\/2023\/11\/aurinkouuni-300x300.webp 300w, https:\/\/prein.fi\/wp-content\/uploads\/2023\/11\/aurinkouuni-150x150.webp 150w\" sizes=\"auto, (max-width: 690px) 100vw, 690px\" \/>    <\/div>\r\n\r\n    <div class=\"col-12 col-md-6 text-col\"><div class=\"acf-innerblocks-container\">\n\n<p><br><\/p>\n\n\n\n<h2 class=\"wp-block-heading\"><a href=\"https:\/\/prein.fi\/wp-content\/uploads\/2023\/11\/junior-onlinemateriaali-aurinkouuni-1.pdf\" target=\"_blank\" rel=\"noopener\" title=\"Junior_onlinemateriaali_aurinkouuni-1\">Aurinkouuni<\/a><\/h2>\n\n\n\n<p>T\u00e4ss\u00e4 ty\u00f6ss\u00e4 tehd\u00e4\u00e4n kierr\u00e4tysmateriaaleista aurinkouuni ja valmistetaan sill\u00e4 vaahtokarkkiherkku S\u2019mores. Ty\u00f6 soveltuu kaiken ik\u00e4isille. Alle kouluik\u00e4iset voivat tehd\u00e4 ty\u00f6n aikuisen kanssa.<\/p>\n\n<\/div>\r\n<\/div>\r\n<\/div>\r\n<\/div>\n\n<div class=\"image-and-text wp-block has-media-on-the-left\">\r\n<div class=\"row\">\r\n    <div class=\"col-12 col-md-6 image-col\" style=\"aspect-ratio:; object-position: 50% %;\" >\r\n\r\n        <img loading=\"lazy\" decoding=\"async\" width=\"690\" height=\"690\" src=\"https:\/\/prein.fi\/wp-content\/uploads\/2023\/11\/pimeassa-hohtava-booli.webp\" class=\"attachment-large size-large\" alt=\"\" srcset=\"https:\/\/prein.fi\/wp-content\/uploads\/2023\/11\/pimeassa-hohtava-booli.webp 690w, https:\/\/prein.fi\/wp-content\/uploads\/2023\/11\/pimeassa-hohtava-booli-300x300.webp 300w, https:\/\/prein.fi\/wp-content\/uploads\/2023\/11\/pimeassa-hohtava-booli-150x150.webp 150w\" sizes=\"auto, (max-width: 690px) 100vw, 690px\" \/>    <\/div>\r\n\r\n    <div class=\"col-12 col-md-6 text-col\"><div class=\"acf-innerblocks-container\">\n\n<h2 class=\"wp-block-heading\"><a href=\"https:\/\/www.aalto.fi\/fi\/aalto-yliopisto-junior\/kokeile-kotona-tai-koulussa\" target=\"_blank\" rel=\"noopener\" title=\"Pime\u00e4ss\u00e4 hohtava booli\">Pime\u00e4ss\u00e4 hohtava booli<\/a><\/h2>\n\n\n\n<p>T\u00e4ss\u00e4 ty\u00f6ss\u00e4 valmistetaan pime\u00e4ss\u00e4 hohtavaa boolia. Booli hohtaa  UV-valossa tonic-veden ansiosta, koska se sis\u00e4lt\u00e4\u00e4 fluoresoivaa  kiniini\u00e4. Ty\u00f6 soveltuu kaiken ik\u00e4isille. Alle kouluik\u00e4iset voivat tehd\u00e4  ty\u00f6n aikuisen kanssa. Lukiolaiset ja yl\u00e4koululaiset voivat oppia  elektronien virittymisest\u00e4, kun taas sit\u00e4 nuoremmat voivat kehitt\u00e4\u00e4  mittaustaitojansa.<\/p>\n\n<\/div>\r\n<\/div>\r\n<\/div>\r\n<\/div>\n\n<div class=\"image-and-text wp-block has-media-on-the-right\">\r\n<div class=\"row\">\r\n    <div class=\"col-12 col-md-5 image-col\" style=\"aspect-ratio:; object-position: 50% %;\" >\r\n\r\n        <img loading=\"lazy\" decoding=\"async\" width=\"690\" height=\"690\" src=\"https:\/\/prein.fi\/wp-content\/uploads\/2023\/11\/talvinen-valoteos.webp\" class=\"attachment-large size-large\" alt=\"\" srcset=\"https:\/\/prein.fi\/wp-content\/uploads\/2023\/11\/talvinen-valoteos.webp 690w, https:\/\/prein.fi\/wp-content\/uploads\/2023\/11\/talvinen-valoteos-300x300.webp 300w, https:\/\/prein.fi\/wp-content\/uploads\/2023\/11\/talvinen-valoteos-150x150.webp 150w\" sizes=\"auto, (max-width: 690px) 100vw, 690px\" \/>    <\/div>\r\n\r\n    <div class=\"col-12 col-md-7 text-col\"><div class=\"acf-innerblocks-container\">\n\n<h2 class=\"wp-block-heading\"><a href=\"https:\/\/prein.fi\/wp-content\/uploads\/2023\/11\/talvinen-valoteos-kokeile-kotona-1.pdf\" target=\"_blank\" rel=\"noopener\" title=\"Talvinen valoteos Kokeile kotona-1\">Talvinen valoteos<\/a><\/h2>\n\n\n\n<p>Ty\u00f6ss\u00e4 suunnitellaan ja toteutetaan talvinen valoteos. Lis\u00e4ksi tutustutaan valoon ilmi\u00f6n\u00e4 ja pohditaan mit\u00e4 kaamos tarkoittaa. Ty\u00f6 on kestoltaan 1-2 tuntia ja se on suunnattu alakouluik\u00e4isille.<\/p>\n\n<\/div>\r\n<\/div>\r\n<\/div>\r\n<\/div>\n\n<div class=\"image-and-text wp-block has-media-on-the-left\">\r\n<div class=\"row\">\r\n    <div class=\"col-12 col-md-6 image-col\" style=\"aspect-ratio:; object-position: 50% %;\" >\r\n\r\n        <img loading=\"lazy\" decoding=\"async\" width=\"800\" height=\"419\" src=\"https:\/\/prein.fi\/wp-content\/uploads\/2023\/11\/aalto-yliopisto-junior-spektroskooppi-003-1024x536.png\" class=\"attachment-large size-large\" alt=\"\" srcset=\"https:\/\/prein.fi\/wp-content\/uploads\/2023\/11\/aalto-yliopisto-junior-spektroskooppi-003-1024x536.png 1024w, https:\/\/prein.fi\/wp-content\/uploads\/2023\/11\/aalto-yliopisto-junior-spektroskooppi-003-300x157.png 300w, https:\/\/prein.fi\/wp-content\/uploads\/2023\/11\/aalto-yliopisto-junior-spektroskooppi-003-768x402.png 768w, https:\/\/prein.fi\/wp-content\/uploads\/2023\/11\/aalto-yliopisto-junior-spektroskooppi-003.png 1200w\" sizes=\"auto, (max-width: 800px) 100vw, 800px\" \/>    <\/div>\r\n\r\n    <div class=\"col-12 col-md-6 text-col\"><div class=\"acf-innerblocks-container\">\n\n<h2 class=\"wp-block-heading\"><a href=\"https:\/\/prein.fi\/wp-content\/uploads\/2023\/11\/aalto-junior-spektroskooppi-powerpoint-2.pdf\" target=\"_blank\" rel=\"noopener\" title=\"Aalto-Junior_Spektroskooppi_PowerPoint-2\">Spektroskooppi<\/a><\/h2>\n\n\n\n<p>Ty\u00f6ss\u00e4 tutustutaan valon spektriin ja askarrellaan talouspaperirullan hylsyst\u00e4 sek\u00e4 muista kotoa l\u00f6ytyvist\u00e4 tarvikkeista spektroskooppi, jolla voi tutkia valon v\u00e4rej\u00e4. Ty\u00f6 on suunnattu alakouluik\u00e4isille. Alle kouluik\u00e4iset voivat tehd\u00e4 ty\u00f6n aikuisen kanssa.<\/p>\n\n<\/div>\r\n<\/div>\r\n<\/div>\r\n<\/div>\n\n\n<h2 class=\"wp-block-heading\">Tampereen yliopiston Juniversity<\/h2>\n\n\n<div class=\"wp-block-image\">\n<figure class=\"alignleft size-large is-resized\"><img loading=\"lazy\" decoding=\"async\" width=\"1024\" height=\"302\" src=\"https:\/\/prein.fi\/wp-content\/uploads\/2023\/11\/juniversity-logo-3d-vaaka-1024x302.jpg\" alt=\"\" class=\"wp-image-5117\" style=\"aspect-ratio:3.390728476821192;width:352px;height:auto\" srcset=\"https:\/\/prein.fi\/wp-content\/uploads\/2023\/11\/juniversity-logo-3d-vaaka-1024x302.jpg 1024w, https:\/\/prein.fi\/wp-content\/uploads\/2023\/11\/juniversity-logo-3d-vaaka-300x89.jpg 300w, https:\/\/prein.fi\/wp-content\/uploads\/2023\/11\/juniversity-logo-3d-vaaka-768x227.jpg 768w, https:\/\/prein.fi\/wp-content\/uploads\/2023\/11\/juniversity-logo-3d-vaaka-1536x454.jpg 1536w, https:\/\/prein.fi\/wp-content\/uploads\/2023\/11\/juniversity-logo-3d-vaaka.jpg 1920w\" sizes=\"auto, (max-width: 1024px) 100vw, 1024px\" \/><\/figure>\n<\/div>\n\n\n<p>Virtuaali-Tiedepys\u00e4kit YouTubessa:<br><a href=\"https:\/\/www.youtube.com\/watch?v=4ZPhYrNYQWw&amp;t=24s\" target=\"_blank\" rel=\"noopener\" title=\"\">Virtuaali-Tiedepys\u00e4kki: Valon taittuminen<\/a><br><a href=\"https:\/\/www.youtube.com\/watch?v=M9w7PR2JWYU\" target=\"_blank\" rel=\"noopener\" title=\"\">Virtuaali-Tiedepys\u00e4kki: Py\u00f6riv\u00e4 optinen illuusio<\/a><br><a href=\"https:\/\/www.youtube.com\/watch?v=JIgIKKYklzA&amp;t=74s\" target=\"_blank\" rel=\"noopener\" title=\"\">Virtuaali-Tiedepys\u00e4kki: N\u00e4kym\u00e4t\u00f6n valo ja v\u00e4rit<\/a><\/p>\n\n\n\n<p><\/p>\n\n\n\n<p><\/p>\n\n\n\n<h2 class=\"wp-block-heading\">It\u00e4-Suomen yliopiston LUMA-keskus<\/h2>\n\n\n\n<p><a href=\"https:\/\/luma.uef.fi\/3401\/\" target=\"_blank\" rel=\"noopener\" title=\"\">Geometrisen optiikan perusteet \u2013 peilikuva<\/a><br>Teht\u00e4v\u00e4kokonaisuus k\u00e4sittelee kuvan muodostumista tasopeilist\u00e4. Teht\u00e4viss\u00e4 tarkastellaan peiliss\u00e4 muodostuvan valekuvan paikkaa ja sen havaitsemista erilaisissa tilanteissa. Tavoitteena on havainnollistaa, kuinka peilist\u00e4 n\u00e4keminen voidaan selitt\u00e4\u00e4 valon suoraviivaisen kulun ja heijastuslain avulla. Teht\u00e4v\u00e4 on suunnattu yl\u00e4kouluik\u00e4isille.<\/p>\n\n\n\n<p><a href=\"https:\/\/luma.uef.fi\/3407\/\" target=\"_blank\" rel=\"noopener\" title=\"\">Geometrisen optiikan perusteet \u2013 valaistun alueen muodostuminen<\/a><br>Teht\u00e4v\u00e4kokonaisuudessa tarkastellaan valaistujen alueiden muodostumista. Teht\u00e4vien tavoitteena on syvent\u00e4\u00e4 oppilaiden ymm\u00e4rryst\u00e4 valon suoraviivaisesta kulusta. Teht\u00e4v\u00e4kokonaisuudessa k\u00e4sitell\u00e4\u00e4n valon suoraviivaista kulkua tilanteissa, joissa oppilaat voivat keskitty\u00e4 valon suoraviivaisen kulun soveltamiseen, eik\u00e4 heid\u00e4n tarvitse mietti\u00e4 heijastus- tai taittumislakia samanaikaisesti, kuten linssien ja peilien tapauksessa. Teht\u00e4v\u00e4 on suunnattu alakoulun 3-6 luokille.<\/p>\n\n\n\n<p>It\u00e4-Suomen yliopiston LUMA-keskuksen ty\u00f6paja&nbsp;<em>\u201dTiedetemppu: l\u00e4pin\u00e4kyv\u00e4st\u00e4 heijastin\u201d<\/em>&nbsp;&nbsp;<br>Miten saada l\u00e4pin\u00e4kyv\u00e4st\u00e4 heijastava? Tee malli ja tutki, miten eri aineet vaikuttavat l\u00e4pin\u00e4kyvyyteen! Tiedetemput ovat lyhyit\u00e4 itsen\u00e4isesti teht\u00e4vi\u00e4 tiedetuokioita, jotka koostuvat videosta, ty\u00f6ohjeista ja tutkimuskysymyksist\u00e4.<\/p>\n\n\n\n<div class=\"wp-block-columns is-layout-flex wp-container-core-columns-is-layout-9d6595d7 wp-block-columns-is-layout-flex\">\n<div class=\"wp-block-column is-layout-flow wp-block-column-is-layout-flow\">\n<figure class=\"wp-block-image size-full\"><img loading=\"lazy\" decoding=\"async\" width=\"168\" height=\"179\" src=\"https:\/\/prein.fi\/wp-content\/uploads\/2023\/11\/luma-fi.png\" alt=\"\" class=\"wp-image-5115\"\/><\/figure>\n\n\n\n<p><\/p>\n\n\n\n<p><strong style=\"box-sizing: border-box; font-weight: bold;\">Toteutus:<span>&nbsp;<\/span><\/strong>Tiedetemppu-sivun alaosassa on ohjeet, miten Tiedetempun voi toteuttaa oppitunnilla. Aikaa kannattaa varata n. 30 min.&nbsp; <strong style=\"box-sizing: border-box; font-weight: bold;\">Kohderyhm\u00e4:<\/strong><span>&nbsp;<\/span>alakoulun ylimm\u00e4t luokat ja yl\u00e4koulu <u style=\"box-sizing: border-box;\"><a href=\"https:\/\/luma.uef.fi\/luma-toiminta-3\/tiedetemput\/lapinakyvasta-heijastava\/\" target=\"_blank\" rel=\"noopener\" title=\"\">Linkki Tiedetemppuun<\/a><\/u><\/p>\n<\/div>\n\n\n\n<div class=\"wp-block-column is-layout-flow wp-block-column-is-layout-flow\">\n<figure class=\"wp-block-embed is-type-video is-provider-youtube wp-block-embed-youtube wp-embed-aspect-16-9 wp-has-aspect-ratio\"><div class=\"wp-block-embed__wrapper\">\n<div class=\"ratio ratio-16x9\"><iframe loading=\"lazy\" title=\"L\u00e4pin\u00e4kyv\u00e4st\u00e4 heijastava - Tiedetemppu #11\" width=\"800\" height=\"450\" src=\"https:\/\/www.youtube.com\/embed\/Wf02xpGK8hI?feature=oembed\" frameborder=\"0\" allow=\"accelerometer; autoplay; clipboard-write; encrypted-media; gyroscope; picture-in-picture; web-share\" allowfullscreen><\/iframe><\/div>\n<\/div><\/figure>\n<\/div>\n<\/div>\n","protected":false},"excerpt":{"rendered":"<p>Aalto yliopisto Junior Kokeile kotona tai koulussa -ohjeiden avulla voit tehd\u00e4 valoon ja fotoniikkaan liittyvi\u00e4 teht\u00e4vi\u00e4 itsen\u00e4isesti kotona tai koulussa. Eri teht\u00e4v\u00e4t sopivat eri kohderyhmille varhaiskasvatuksesta toiselle asteelle.&nbsp; Tampereen yliopiston Juniversity Virtuaali-Tiedepys\u00e4kit YouTubessa:Virtuaali-Tiedepys\u00e4kki: Valon taittuminenVirtuaali-Tiedepys\u00e4kki: Py\u00f6riv\u00e4 optinen illuusioVirtuaali-Tiedepys\u00e4kki: N\u00e4kym\u00e4t\u00f6n valo ja v\u00e4rit It\u00e4-Suomen yliopiston LUMA-keskus Geometrisen optiikan perusteet \u2013 peilikuvaTeht\u00e4v\u00e4kokonaisuus k\u00e4sittelee kuvan muodostumista tasopeilist\u00e4. Teht\u00e4viss\u00e4 [&hellip;]<\/p>\n","protected":false},"author":4,"featured_media":0,"parent":4666,"menu_order":6,"comment_status":"closed","ping_status":"closed","template":"","meta":{"_acf_changed":false,"footnotes":""},"class_list":["post-4680","page","type-page","status-publish","hentry"],"acf":[],"aioseo_notices":[],"_links":{"self":[{"href":"https:\/\/prein.fi\/fi\/wp-json\/wp\/v2\/pages\/4680","targetHints":{"allow":["GET"]}}],"collection":[{"href":"https:\/\/prein.fi\/fi\/wp-json\/wp\/v2\/pages"}],"about":[{"href":"https:\/\/prein.fi\/fi\/wp-json\/wp\/v2\/types\/page"}],"author":[{"embeddable":true,"href":"https:\/\/prein.fi\/fi\/wp-json\/wp\/v2\/users\/4"}],"replies":[{"embeddable":true,"href":"https:\/\/prein.fi\/fi\/wp-json\/wp\/v2\/comments?post=4680"}],"version-history":[{"count":10,"href":"https:\/\/prein.fi\/fi\/wp-json\/wp\/v2\/pages\/4680\/revisions"}],"predecessor-version":[{"id":7193,"href":"https:\/\/prein.fi\/fi\/wp-json\/wp\/v2\/pages\/4680\/revisions\/7193"}],"up":[{"embeddable":true,"href":"https:\/\/prein.fi\/fi\/wp-json\/wp\/v2\/pages\/4666"}],"wp:attachment":[{"href":"https:\/\/prein.fi\/fi\/wp-json\/wp\/v2\/media?parent=4680"}],"curies":[{"name":"wp","href":"https:\/\/api.w.org\/{rel}","templated":true}]}}