{"id":7235,"date":"2024-04-22T10:12:14","date_gmt":"2024-04-22T07:12:14","guid":{"rendered":"https:\/\/prein.fi\/?page_id=7235"},"modified":"2025-07-17T16:43:10","modified_gmt":"2025-07-17T13:43:10","slug":"valon-kuukausi-2024","status":"publish","type":"page","link":"https:\/\/prein.fi\/fi\/tiedekasvatus\/valon-kuukausi-2024\/","title":{"rendered":"Valon kuukausi 2024"},"content":{"rendered":"\r\n\r\n<section class=\"hero site-banner banner-bg-image section-default default alignfull image\">\r\n\r\n    <div class=\"site-banner-bg section-bg-image \" >\r\n\r\n        <img decoding=\"async\" width=\"1280\" height=\"696\" src=\"https:\/\/prein.fi\/wp-content\/uploads\/2024\/04\/valon-viikko-kuva.jpg\" class=\"attachment-1536\u00d71536 size-1536\u00d71536\" alt=\"Valon viikko - valon kuukausi\" srcset=\"https:\/\/prein.fi\/wp-content\/uploads\/2024\/04\/valon-viikko-kuva.jpg 1280w, https:\/\/prein.fi\/wp-content\/uploads\/2024\/04\/valon-viikko-kuva-300x163.jpg 300w, https:\/\/prein.fi\/wp-content\/uploads\/2024\/04\/valon-viikko-kuva-1024x557.jpg 1024w, https:\/\/prein.fi\/wp-content\/uploads\/2024\/04\/valon-viikko-kuva-768x418.jpg 768w\" sizes=\"(max-width: 1280px) 100vw, 1280px\" \/>\r\n        \r\n            <div class=\"site-banner-content container\">\r\n                <div class=\"row w-100\">\r\n                    <div class=\"col-md-12\">\r\n\r\n                        <h1 class=\"hero-title\">Valon kuukausi 2024<\/h1><div class=\"inner-content\">\r\n                            <div class=\"acf-innerblocks-container\"><\/div>\r\n                        <\/div>                    <\/div>\r\n                <\/div>\r\n            <\/div>\r\n        \r\n        <\/div><\/section>\r\n\r\n    <div class=\"breadcrumbs alignfull\">\r\n        <div class=\"container\">\r\n            <a href=\"https:\/\/prein.fi\/fi\/\">Etusivu<\/a>        <\/div>\r\n    <\/div>\r\n\n\n\n<p>Haluamme yhdess\u00e4 juhlistaa Kansainv\u00e4list\u00e4 valon p\u00e4iv\u00e4\u00e4 (<a href=\"https:\/\/www.lightday.org\/about\" target=\"_blank\" rel=\"noopener\" title=\"\">International Day of Light<\/a>), jota vietet\u00e4\u00e4n vuosittain toukokuun 16. p\u00e4iv\u00e4 tarjoamalla lapsille valoon ja valon tutkimukseen liittyvi\u00e4 tiedety\u00f6pajoja. Valon kuukausi on osa Kansainv\u00e4lisen valon p\u00e4iv\u00e4n virallista ohjelmaa.<\/p>\n\n\n\n<p>T\u00e4n\u00e4 vuonna Fotoniikkan lippulaiva PREIN ja <a href=\"https:\/\/eur04.safelinks.protection.outlook.com\/?url=https%3A%2F%2Fluma.uef.fi%2F&amp;data=05%7C02%7Ckristiina.pispala%40tuni.fi%7Cef8fbbe0987f4d6e088708dc52e5ad5b%7Cfa6944afcc7c4cd89154c01132798910%7C0%7C0%7C638476393663970537%7CUnknown%7CTWFpbGZsb3d8eyJWIjoiMC4wLjAwMDAiLCJQIjoiV2luMzIiLCJBTiI6Ik1haWwiLCJXVCI6Mn0%3D%7C0%7C%7C%7C&amp;sdata=SK2z2QJ1o3lcCnEsl%2BfNdjqcsxkRHQ7zB3LsSu0ovnQ%3D&amp;reserved=0\">It\u00e4-Suomen yliopiston LUMA-keskus<\/a> j\u00e4rjest\u00e4v\u00e4t <strong><a href=\"https:\/\/eur04.safelinks.protection.outlook.com\/?url=https%3A%2F%2Fsites.uef.fi%2Fphotonics%2Fvaloa-perheille-tapahtuma%2F&amp;data=05%7C02%7Ckristiina.pispala%40tuni.fi%7Cef8fbbe0987f4d6e088708dc52e5ad5b%7Cfa6944afcc7c4cd89154c01132798910%7C0%7C0%7C638476393663977941%7CUnknown%7CTWFpbGZsb3d8eyJWIjoiMC4wLjAwMDAiLCJQIjoiV2luMzIiLCJBTiI6Ik1haWwiLCJXVCI6Mn0%3D%7C0%7C%7C%7C&amp;sdata=4rBAKDU38wfM46hQ374XbMIMH3vsg8mn07TGKCvkqEQ%3D&amp;reserved=0\" target=\"_blank\" rel=\"noopener\" title=\"\">Valoa perheille<\/a> -tapahtuman lauantaina 4.5.<\/strong> ja ovat osana <a href=\"https:\/\/eur04.safelinks.protection.outlook.com\/?url=https%3A%2F%2Fwww.scifest.fi%2F&amp;data=05%7C02%7Ckristiina.pispala%40tuni.fi%7Cef8fbbe0987f4d6e088708dc52e5ad5b%7Cfa6944afcc7c4cd89154c01132798910%7C0%7C0%7C638476393663984022%7CUnknown%7CTWFpbGZsb3d8eyJWIjoiMC4wLjAwMDAiLCJQIjoiV2luMzIiLCJBTiI6Ik1haWwiLCJXVCI6Mn0%3D%7C0%7C%7C%7C&amp;sdata=pNlK8a9mlMCWb3pvJBHXYAkeYE5g%2FRXL1xllsa0%2BMKA%3D&amp;reserved=0\">SciFest<\/a> -tapahtumaa 23.\u201325.5.<\/p>\n\n\n\n<p>Tampereen yliopiston <a href=\"https:\/\/eur04.safelinks.protection.outlook.com\/?url=https%3A%2F%2Fsites.tuni.fi%2Fjuniversity%2F&amp;data=05%7C02%7Ckristiina.pispala%40tuni.fi%7Cef8fbbe0987f4d6e088708dc52e5ad5b%7Cfa6944afcc7c4cd89154c01132798910%7C0%7C0%7C638476393663989380%7CUnknown%7CTWFpbGZsb3d8eyJWIjoiMC4wLjAwMDAiLCJQIjoiV2luMzIiLCJBTiI6Ik1haWwiLCJXVCI6Mn0%3D%7C0%7C%7C%7C&amp;sdata=HFEjTJVsJd8hyXOYLRNyHi3Jri1kuYwT3l5yTD3zuRU%3D&amp;reserved=0\">Juniversity<\/a> j\u00e4rjest\u00e4\u00e4 Kansainv\u00e4lisen\u00e4 valon p\u00e4iv\u00e4n\u00e4 <strong><a href=\"https:\/\/prein.fi\/fi\/tapahtumat\/tule-mukaan-valonpaivan-tiedetyopajaan\/\" target=\"_blank\" rel=\"noopener\" title=\"\">16.5. ty\u00f6pajoja Tampereen yliopiston Paidiassa<\/a><\/strong>.<\/p>\n\n\n\n<p>Kaikissa n\u00e4iss\u00e4 kolmessa tapahtumassa on ty\u00f6pajoja, joiden teemana on valo. Valon tutkimus eli fotoniikka liittyy fysiikkaan, kemiaan ja moniin luonnon ilmi\u00f6ihin ja sill\u00e4 on lukematon m\u00e4\u00e4r\u00e4 sovelluksia tekniikan alalla. &nbsp;<\/p>\n\n\n\n<p>Olemme my\u00f6s ker\u00e4nneet omatoimisesti toteutettavia valoon liittyvi\u00e4 <a href=\"https:\/\/eur04.safelinks.protection.outlook.com\/?url=https%3A%2F%2Fprein.fi%2Ffi%2Ftiedekasvatus%2Fvaloon-liittyvia-tehtavia-itsenaiseen-opiskeluun%2F&amp;data=05%7C02%7Ckristiina.pispala%40tuni.fi%7Cef8fbbe0987f4d6e088708dc52e5ad5b%7Cfa6944afcc7c4cd89154c01132798910%7C0%7C0%7C638476393663994695%7CUnknown%7CTWFpbGZsb3d8eyJWIjoiMC4wLjAwMDAiLCJQIjoiV2luMzIiLCJBTiI6Ik1haWwiLCJXVCI6Mn0%3D%7C0%7C%7C%7C&amp;sdata=xuhGRfkXxhGmXncLQW09dXq7EQKRqMxYuaFTkSLZ9ZM%3D&amp;reserved=0\">ty\u00f6pajaohjeita ja materiaaleja<\/a>, joista voi koulussa tai kotona toteuttaa haluamansa. Itsen\u00e4isesti toteutettavat ty\u00f6pajat sopivat kaiken ik\u00e4isille. Alla on lis\u00e4ksi videoita, joissa opiskelijat ja tutkijat kertovat fotoniikasta.<\/p>\n\n\n\n<figure class=\"wp-block-embed is-type-video is-provider-youtube wp-block-embed-youtube wp-embed-aspect-16-9 wp-has-aspect-ratio\"><div class=\"wp-block-embed__wrapper\">\n<div class=\"ratio ratio-16x9\"><iframe title=\"It\u00e4-Suomen yliopiston fotoniikan opiskelija Milon Murtonen\" width=\"800\" height=\"450\" src=\"https:\/\/www.youtube.com\/embed\/z2q9G06dyhM?feature=oembed\" frameborder=\"0\" allow=\"accelerometer; autoplay; clipboard-write; encrypted-media; gyroscope; picture-in-picture; web-share\" referrerpolicy=\"strict-origin-when-cross-origin\" allowfullscreen><\/iframe><\/div>\n<\/div><\/figure>\n\n\n\n<figure class=\"wp-block-embed is-type-video is-provider-youtube wp-block-embed-youtube wp-embed-aspect-16-9 wp-has-aspect-ratio\"><div class=\"wp-block-embed__wrapper\">\n<div class=\"ratio ratio-16x9\"><iframe title=\"Fotoniikan opiskelu It\u00e4-Suomen yliopistossa\" width=\"800\" height=\"450\" src=\"https:\/\/www.youtube.com\/embed\/eF-Zc_bOD5g?feature=oembed\" frameborder=\"0\" allow=\"accelerometer; autoplay; clipboard-write; encrypted-media; gyroscope; picture-in-picture; web-share\" referrerpolicy=\"strict-origin-when-cross-origin\" allowfullscreen><\/iframe><\/div>\n<\/div><\/figure>\n\n\n\n<figure class=\"wp-block-embed is-type-video is-provider-youtube wp-block-embed-youtube wp-embed-aspect-16-9 wp-has-aspect-ratio\"><div class=\"wp-block-embed__wrapper\">\n<div class=\"ratio ratio-16x9\"><iframe title=\"Fotoniikan tutkija Andreas Norrmann It\u00e4-Suomen yliopistosta kertoo fotoniikan t\u00e4rkeydest\u00e4\" width=\"800\" height=\"450\" src=\"https:\/\/www.youtube.com\/embed\/qdRyhBZEdFQ?feature=oembed\" frameborder=\"0\" allow=\"accelerometer; autoplay; clipboard-write; encrypted-media; gyroscope; picture-in-picture; web-share\" referrerpolicy=\"strict-origin-when-cross-origin\" allowfullscreen><\/iframe><\/div>\n<\/div><\/figure>\n\n\n\n<figure class=\"wp-block-embed is-type-video is-provider-youtube wp-block-embed-youtube wp-embed-aspect-16-9 wp-has-aspect-ratio\"><div class=\"wp-block-embed__wrapper\">\n<div class=\"ratio ratio-16x9\"><iframe title=\"Fotoniikan tutkija Petri Karvinen It\u00e4-Suomen yliopistosta kertoo ty\u00f6st\u00e4\u00e4n\" width=\"800\" height=\"450\" src=\"https:\/\/www.youtube.com\/embed\/v5OnYaSoqhc?feature=oembed\" frameborder=\"0\" allow=\"accelerometer; autoplay; clipboard-write; encrypted-media; gyroscope; picture-in-picture; web-share\" referrerpolicy=\"strict-origin-when-cross-origin\" allowfullscreen><\/iframe><\/div>\n<\/div><\/figure>\n\n\n\n<p>Tutustu tarjontaan, suunnittele ohjelmasi ja ilmoittaudu mukaan Valon kuukauden tapahtumiin 2024!<\/p>\n\n\n\n<p><\/p>\n","protected":false},"excerpt":{"rendered":"<p>Haluamme yhdess\u00e4 juhlistaa Kansainv\u00e4list\u00e4 valon p\u00e4iv\u00e4\u00e4 (International Day of Light), jota vietet\u00e4\u00e4n vuosittain toukokuun 16. p\u00e4iv\u00e4 tarjoamalla lapsille valoon ja valon tutkimukseen liittyvi\u00e4 tiedety\u00f6pajoja. Valon kuukausi on osa Kansainv\u00e4lisen valon p\u00e4iv\u00e4n virallista ohjelmaa. T\u00e4n\u00e4 vuonna Fotoniikkan lippulaiva PREIN ja It\u00e4-Suomen yliopiston LUMA-keskus j\u00e4rjest\u00e4v\u00e4t Valoa perheille -tapahtuman lauantaina 4.5. ja ovat osana SciFest -tapahtumaa 23.\u201325.5. Tampereen [&hellip;]<\/p>\n","protected":false},"author":4,"featured_media":7237,"parent":4666,"menu_order":2,"comment_status":"closed","ping_status":"closed","template":"","meta":{"_acf_changed":false,"footnotes":""},"class_list":["post-7235","page","type-page","status-publish","has-post-thumbnail","hentry"],"acf":[],"aioseo_notices":[],"_links":{"self":[{"href":"https:\/\/prein.fi\/fi\/wp-json\/wp\/v2\/pages\/7235","targetHints":{"allow":["GET"]}}],"collection":[{"href":"https:\/\/prein.fi\/fi\/wp-json\/wp\/v2\/pages"}],"about":[{"href":"https:\/\/prein.fi\/fi\/wp-json\/wp\/v2\/types\/page"}],"author":[{"embeddable":true,"href":"https:\/\/prein.fi\/fi\/wp-json\/wp\/v2\/users\/4"}],"replies":[{"embeddable":true,"href":"https:\/\/prein.fi\/fi\/wp-json\/wp\/v2\/comments?post=7235"}],"version-history":[{"count":0,"href":"https:\/\/prein.fi\/fi\/wp-json\/wp\/v2\/pages\/7235\/revisions"}],"up":[{"embeddable":true,"href":"https:\/\/prein.fi\/fi\/wp-json\/wp\/v2\/pages\/4666"}],"wp:featuredmedia":[{"embeddable":true,"href":"https:\/\/prein.fi\/fi\/wp-json\/wp\/v2\/media\/7237"}],"wp:attachment":[{"href":"https:\/\/prein.fi\/fi\/wp-json\/wp\/v2\/media?parent=7235"}],"curies":[{"name":"wp","href":"https:\/\/api.w.org\/{rel}","templated":true}]}}